{"id":4919,"date":"2022-06-27T17:05:39","date_gmt":"2022-06-27T09:05:39","guid":{"rendered":"https:\/\/roctarps.com\/faq\/"},"modified":"2025-02-14T13:58:47","modified_gmt":"2025-02-14T05:58:47","slug":"faq","status":"publish","type":"page","link":"https:\/\/roctarps.com\/de\/faq\/","title":{"rendered":"H\u00e4ufig gestellte Fragen"},"content":{"rendered":"\n<div class=\"wp-block-kadence-rowlayout aligncenter\"><div id=\"kt-layout-id_b01002-04\" class=\"kt-row-layout-inner kt-layout-id_b01002-04\"><div class=\"kt-row-column-wrap kt-has-1-columns kt-gutter-default kt-v-gutter-default kt-row-valign-middle kt-row-layout-equal kt-tab-layout-inherit kt-m-colapse-left-to-right kt-mobile-layout-row kb-theme-content-width\">\n<div class=\"wp-block-kadence-column inner-column-1 kadence-column_7b2dfe-35\"><div class=\"kt-inside-inner-col\">\n<div class=\"wp-block-kadence-tabs alignnone\"><div class=\"kt-tabs-wrap kt-tabs-id_dd56cf-7b kt-tabs-has-4-tabs kt-active-tab-1 kt-tabs-layout-tabs kt-tabs-tablet-layout-inherit kt-tabs-mobile-layout-accordion kt-tab-alignment-left kt-create-accordion\" style=\"max-width:none\"><ul class=\"kt-tabs-title-list\"><li id=\"tab-delivery\" class=\"kt-title-item kt-title-item-1 kt-tabs-svg-show-always kt-tabs-icon-side-right kt-tab-title-active\"><a href=\"#tab-delivery\" data-tab=\"1\" class=\"kt-tab-title kt-tab-title-1 \"><span class=\"kt-title-text\">Delivery<\/span><\/a><\/li><li id=\"tab-packaging\" class=\"kt-title-item kt-title-item-2 kt-tabs-svg-show-always kt-tabs-icon-side-right kt-tab-title-inactive\"><a href=\"#tab-packaging\" data-tab=\"2\" class=\"kt-tab-title kt-tab-title-2 \"><span class=\"kt-title-text\">Packaging<\/span><\/a><\/li><li id=\"tab-payment\" class=\"kt-title-item kt-title-item-3 kt-tabs-svg-show-always kt-tabs-icon-side-right kt-tab-title-inactive\"><a href=\"#tab-payment\" data-tab=\"3\" class=\"kt-tab-title kt-tab-title-3 \"><span class=\"kt-title-text\">Payment<\/span><\/a><\/li><li id=\"tab-knowledge\" class=\"kt-title-item kt-title-item-4 kt-tabs-svg-show-always kt-tabs-icon-side-right kt-tab-title-inactive\"><a href=\"#tab-knowledge\" data-tab=\"4\" class=\"kt-tab-title kt-tab-title-4 \"><span class=\"kt-title-text\">Knowledge<\/span><\/a><\/li><\/ul><div class=\"kt-tabs-content-wrap\">\n<div class=\"wp-block-kadence-tab kt-tab-inner-content kt-inner-tab-1 kt-inner-tab_745b7f-24\"><div class=\"kt-tab-inner-content-inner\">\n<div class=\"wp-block-kadence-accordion alignnone\"><div class=\"kt-accordion-wrap kt-accordion-wrap kt-accordion-id_9de074-88 kt-accordion-has-2-panes kt-active-pane-0 kt-accordion-block kt-pane-header-alignment-left kt-accodion-icon-style-arrow kt-accodion-icon-side-right\" style=\"max-width:none\"><div class=\"kt-accordion-inner-wrap\" data-allow-multiple-open=\"false\" data-start-open=\"none\">\n<div class=\"wp-block-kadence-pane kt-accordion-pane kt-accordion-pane-1 kt-pane_971b0d-65\"><div class=\"kt-accordion-header-wrap\"><button class=\"kt-blocks-accordion-header kt-acccordion-button-label-show\"><span class=\"kt-blocks-accordion-title-wrap\"><span class=\"kt-blocks-accordion-title\">How do you arrange the tarpaulin rolls and sheets delivery?<\/span><\/span><span class=\"kt-blocks-accordion-icon-trigger\"><\/span><\/button><\/div><div class=\"kt-accordion-panel\"><div class=\"kt-accordion-panel-inner\">\n<p>Wir verschiffen die Planen in der Regel weltweit auf dem Seeweg. Die Produkte befinden sich bei der Ankunft im Hafen in einem Schiffscontainer. Sie sind f\u00fcr die Abholung Ihrer Sendung und die Zollabfertigung auf Ihrer Seite verantwortlich.  <\/p>\n\n\n\n<p>In einigen F\u00e4llen k\u00f6nnen wir die Ware jedoch auf andere Weise liefern:<\/p>\n\n\n\n<p>Luftfracht: Bei dringenden und kleinen Bestellungen k\u00f6nnen wir die Ware auf dem Luftweg an Ihre Hand senden, es ist schnell und die Kosten sind auch teuer.<\/p>\n\n\n\n<p>Liefern Sie die Ware an Ihren Spediteur in China: Wenn Sie einen Spediteur (oder Partner) in China (Guangzhou, Yiwu, Shenzhen) haben, k\u00f6nnen wir die Ware an seinen Ort liefern, und sie k\u00f6nnen sich nach Erhalt der Ware um die Lieferung f\u00fcr Sie k\u00fcmmern.<\/p>\n<\/div><\/div><\/div>\n<\/div><\/div><\/div>\n<\/div><\/div>\n\n\n\n<div class=\"wp-block-kadence-tab kt-tab-inner-content kt-inner-tab-2 kt-inner-tab_fe9971-0e\"><div class=\"kt-tab-inner-content-inner\">\n<div class=\"wp-block-kadence-accordion alignnone\"><div class=\"kt-accordion-wrap kt-accordion-wrap kt-accordion-id_1776ec-f9 kt-accordion-has-2-panes kt-active-pane-0 kt-accordion-block kt-pane-header-alignment-left kt-accodion-icon-style-arrow kt-accodion-icon-side-right\" style=\"max-width:none\"><div class=\"kt-accordion-inner-wrap\" data-allow-multiple-open=\"false\" data-start-open=\"none\">\n<div class=\"wp-block-kadence-pane kt-accordion-pane kt-accordion-pane-1 kt-pane_36aadb-04\"><div class=\"kt-accordion-header-wrap\"><button class=\"kt-blocks-accordion-header kt-acccordion-button-label-show\"><span class=\"kt-blocks-accordion-title-wrap\"><span class=\"kt-blocks-accordion-title\">What\u2019s the packaging of the tarpaulin rolls and sheets?<\/span><\/span><span class=\"kt-blocks-accordion-icon-trigger\"><\/span><\/button><\/div><div class=\"kt-accordion-panel\"><div class=\"kt-accordion-panel-inner\">\n<p>Wir liefern in der Regel S\u00e4cke, Ballen oder Kartons oder Verpackungen f\u00fcr die Planenplatten und verpacken die Rollen auf Papierkernrohre und wickeln sie in das gleiche Planengewebe.<\/p>\n\n\n\n<p>Wir verstehen die Macht des Markenmarketings. Wir k\u00f6nnen eine einzigartige Verpackungsl\u00f6sung f\u00fcr Ihre Bestellung anbieten, z. B. benutzerdefinierte Branding-Etiketten auf den Rollen und kundenspezifische Designs f\u00fcr Ihre Kartons. Wenn Sie eine andere visuelle L\u00f6sung f\u00fcr Ihr Unternehmen w\u00fcnschen, sprechen Sie jetzt frei mit uns, wir haben ein hauseigenes Designteam, das Ihnen hilft.  <\/p>\n\n\n\n<p>Die Verpackungsbilder finden Sie auf dieser Seite.<\/p>\n<\/div><\/div><\/div>\n<\/div><\/div><\/div>\n<\/div><\/div>\n\n\n\n<div class=\"wp-block-kadence-tab kt-tab-inner-content kt-inner-tab-3 kt-inner-tab_0018bc-e2\"><div class=\"kt-tab-inner-content-inner\">\n<div class=\"wp-block-kadence-accordion alignnone\"><div class=\"kt-accordion-wrap kt-accordion-wrap kt-accordion-id_354ab9-6d kt-accordion-has-2-panes kt-active-pane-0 kt-accordion-block kt-pane-header-alignment-left kt-accodion-icon-style-arrow kt-accodion-icon-side-right\" style=\"max-width:none\"><div class=\"kt-accordion-inner-wrap\" data-allow-multiple-open=\"false\" data-start-open=\"none\">\n<div class=\"wp-block-kadence-pane kt-accordion-pane kt-accordion-pane-1 kt-pane_9c2d13-c0\"><div class=\"kt-accordion-header-wrap\"><button class=\"kt-blocks-accordion-header kt-acccordion-button-label-show\"><span class=\"kt-blocks-accordion-title-wrap\"><span class=\"kt-blocks-accordion-title\">What\u2019s the payment term of your company?<\/span><\/span><span class=\"kt-blocks-accordion-icon-trigger\"><\/span><\/button><\/div><div class=\"kt-accordion-panel\"><div class=\"kt-accordion-panel-inner\">\n<p>50% T\/T im Voraus und 50% T\/T-Saldo gegen Kopie B\/L. (F\u00fcr kleine Bestellungen bevorzugen wir 100% T\/T im Voraus). <\/p>\n\n\n\n<p>Zahlungsmethode:<\/p>\n\n\n\n<p>T \/ T oder zahlen Sie uns RMB direkt.<\/p>\n\n\n\n<p>T\/T: T\/T steht f\u00fcr Telex-\u00dcbertragung. Es ist die traditionellste Zahlungsmethode.<br\/>Wenn du Freunde in China hast, kannst du deinen Freund uns RMB zahlen lassen. <\/p>\n<\/div><\/div><\/div>\n<\/div><\/div><\/div>\n<\/div><\/div>\n\n\n\n<div class=\"wp-block-kadence-tab kt-tab-inner-content kt-inner-tab-4 kt-inner-tab_c570c8-0c\"><div class=\"kt-tab-inner-content-inner\">\n<div class=\"wp-block-kadence-accordion alignnone\"><div class=\"kt-accordion-wrap kt-accordion-wrap kt-accordion-id_37feed-45 kt-accordion-has-18-panes kt-active-pane-0 kt-accordion-block kt-pane-header-alignment-left kt-accodion-icon-style-arrow kt-accodion-icon-side-right\" style=\"max-width:none\"><div class=\"kt-accordion-inner-wrap\" data-allow-multiple-open=\"false\" data-start-open=\"none\">\n<div class=\"wp-block-kadence-pane kt-accordion-pane kt-accordion-pane-1 kt-pane_914e45-ed\"><div class=\"kt-accordion-header-wrap\"><button class=\"kt-blocks-accordion-header kt-acccordion-button-label-show\"><span class=\"kt-blocks-accordion-title-wrap\"><span class=\"kt-blocks-accordion-title\">What\u2019s Your PE tarpaulins specification?<\/span><\/span><span class=\"kt-blocks-accordion-icon-trigger\"><\/span><\/button><\/div><div class=\"kt-accordion-panel\"><div class=\"kt-accordion-panel-inner\">\n<p>PE-Planen sind in einer Reihe von Spezifikationen erh\u00e4ltlich, um unterschiedliche Anforderungen zu erf\u00fcllen, wie z. B. Gewebe, Mil-Dicke, Beschichtungsfolie, Dichte und GSM usw. Aber der wichtigste Parameter ist GSM (Gramm \/ Quadratmeter oder oz \/ Quadratmeter), unser Haupt-GSM-Bereich reicht von 40 g\/m\u00b2 bis 450 g\/m\u00b2. <\/p>\n\n\n\n<p>Sie k\u00f6nnen diesen Artikel lesen, um mehr \u00fcber die Spezifikation von PE-Planen zu erfahren.<\/p>\n<\/div><\/div><\/div>\n\n\n\n<div class=\"wp-block-kadence-pane kt-accordion-pane kt-accordion-pane-3 kt-pane_c3a866-97\"><div class=\"kt-accordion-header-wrap\"><button class=\"kt-blocks-accordion-header kt-acccordion-button-label-show\"><span class=\"kt-blocks-accordion-title-wrap\"><span class=\"kt-blocks-accordion-title\">How to Describe tarpaulins when you want to inquire?<\/span><\/span><span class=\"kt-blocks-accordion-icon-trigger\"><\/span><\/button><\/div><div class=\"kt-accordion-panel\"><div class=\"kt-accordion-panel-inner\">\n<p>Sie ben\u00f6tigen drei Parameter, um eine Plane zu beschreiben: Breite, L\u00e4nge und GSM.<\/p>\n\n\n\n<p>Zum Beispiel eine Planenplane mit der Aufschrift &#8222;Breite x L\u00e4nge x GSM&#8220;. Zum Beispiel bedeutet ein Planenblech von 6 m x 6 m x 220 g\/m\u00b2, dass die Breite des Planenblechs 6 m, die L\u00e4nge 6 m und das Gewicht 220 g\/m\u00b2 betr\u00e4gt. <\/p>\n<\/div><\/div><\/div>\n\n\n\n<div class=\"wp-block-kadence-pane kt-accordion-pane kt-accordion-pane-4 kt-pane_3578c9-62\"><div class=\"kt-accordion-header-wrap\"><button class=\"kt-blocks-accordion-header kt-acccordion-button-label-show\"><span class=\"kt-blocks-accordion-title-wrap\"><span class=\"kt-blocks-accordion-title\">What if my tarpaulin sheet is not listed on your website?<\/span><\/span><span class=\"kt-blocks-accordion-icon-trigger\"><\/span><\/button><\/div><div class=\"kt-accordion-panel\"><div class=\"kt-accordion-panel-inner\">\n<p>Es gibt Hunderte von Planengr\u00f6\u00dfen, GSM und Farben, wir haben gerade einige beliebte auf der Website aufgelistet. Wenn Sie nicht finden, was Sie brauchen, senden Sie bitte eine E-Mail an: info@roctarps.com, wir helfen Ihnen gerne weiter. <\/p>\n<\/div><\/div><\/div>\n\n\n\n<div class=\"wp-block-kadence-pane kt-accordion-pane kt-accordion-pane-5 kt-pane_981379-01\"><div class=\"kt-accordion-header-wrap\"><button class=\"kt-blocks-accordion-header kt-acccordion-button-label-show\"><span class=\"kt-blocks-accordion-title-wrap\"><span class=\"kt-blocks-accordion-title\">Are Poly Tarps Waterproof?<\/span><\/span><span class=\"kt-blocks-accordion-icon-trigger\"><\/span><\/button><\/div><div class=\"kt-accordion-panel\"><div class=\"kt-accordion-panel-inner\">\n<p>Sind Polyplanen wasserdicht? Das ist eine sehr beliebte Frage, die meisten Polyplanen sind wasserdicht, weil die laminierten Folienschichten aus Polyethylen von Natur aus wasserdicht sind. <\/p>\n<\/div><\/div><\/div>\n\n\n\n<div class=\"wp-block-kadence-pane kt-accordion-pane kt-accordion-pane-6 kt-pane_51e1df-b9\"><div class=\"kt-accordion-header-wrap\"><button class=\"kt-blocks-accordion-header kt-acccordion-button-label-show\"><span class=\"kt-blocks-accordion-title-wrap\"><span class=\"kt-blocks-accordion-title\">Are \u201cWater resistant\u201d and \u201cWaterproof\u201d the same meaning?<\/span><\/span><span class=\"kt-blocks-accordion-icon-trigger\"><\/span><\/button><\/div><div class=\"kt-accordion-panel\"><div class=\"kt-accordion-panel-inner\">\n<p>&#8222;Wasserdichte&#8220; Planen halten Spritzer und Spritzwasser ab, aber sie eignen sich nicht gut gegen Pf\u00fctzen oder Pools.<br\/>&#8222;Wasserabweisend&#8220; wird in der Planenwelt nicht oft verwendet, obwohl Sie immer noch von Zeit zu Zeit darauf sto\u00dfen werden. Dies bedeutet im Allgemeinen, dass die Plane besser Wasser widersteht und l\u00e4nger (oder gr\u00f6\u00dfere Volumina) braucht, um Wasser durchzudringen. Aber es kann immer noch durchkommen.  <\/p>\n\n\n\n<p>&#8222;Wasserdicht&#8220; beschreibt eine Plane, die Wasser vollst\u00e4ndig abh\u00e4lt, selbst wenn sich das Wasser ansammelt.<\/p>\n<\/div><\/div><\/div>\n\n\n\n<div class=\"wp-block-kadence-pane kt-accordion-pane kt-accordion-pane-7 kt-pane_47acbd-89\"><div class=\"kt-accordion-header-wrap\"><button class=\"kt-blocks-accordion-header kt-acccordion-button-label-show\"><span class=\"kt-blocks-accordion-title-wrap\"><span class=\"kt-blocks-accordion-title\">How useful are poly tarps in industries and commercials?<\/span><\/span><span class=\"kt-blocks-accordion-icon-trigger\"><\/span><\/button><\/div><div class=\"kt-accordion-panel\"><div class=\"kt-accordion-panel-inner\">\n<p>Es gibt wirklich zu viele Anwendungen f\u00fcr Polyplanen in Industrie und Handel. Sie sind insbesondere f\u00fcr alle Arten von kurz- und langfristigen Projekten \u00e4u\u00dferst n\u00fctzlich. <\/p>\n\n\n\n<p>Hier sind einige Anwendungen:<\/p>\n\n\n\n<p>Sie k\u00f6nnen PE-Planen verwenden, um Ihre Vorr\u00e4te vor Witterungseinfl\u00fcssen zu sch\u00fctzen, w\u00e4hrend Sie an einem Bau- oder Bauprojekt rund um Ihre Baustellen arbeiten.<\/p>\n\n\n\n<p>Gartenm\u00f6bel vor Witterungseinfl\u00fcssen sch\u00fctzen<\/p>\n<\/div><\/div><\/div>\n\n\n\n<div class=\"wp-block-kadence-pane kt-accordion-pane kt-accordion-pane-8 kt-pane_c6f119-d7\"><div class=\"kt-accordion-header-wrap\"><button class=\"kt-blocks-accordion-header kt-acccordion-button-label-show\"><span class=\"kt-blocks-accordion-title-wrap\"><span class=\"kt-blocks-accordion-title\">What&#8217;s the difference between PE and PVC tarpaulin?<\/span><\/span><span class=\"kt-blocks-accordion-icon-trigger\"><\/span><\/button><\/div><div class=\"kt-accordion-panel\"><div class=\"kt-accordion-panel-inner\">\n<p>Die PE-Plane besteht aus Polyethylen-Kunststoff und ist leicht, sauber und schadstofffrei.<\/p>\n\n\n\n<p>PVC-Plane besteht aus einem Polyester-Filament-Basistuch und einer doppelseitigen Beschichtung mit Vinylpastenharz.<\/p>\n\n\n\n<p>Im Vergleich zu PVC-Planen sind Poly-Planen in unterschiedlichen Gewichten erh\u00e4ltlich. Eine Polyplane ist relativ besser als eine PVC-Plane, wenn es um die Wasserdichtigkeit geht. PVC-Planen werden h\u00e4ufig zur Abdeckung von Zelten, Fahrzeugen und Lastwagen sowie als Ladefl\u00e4chenauskleidungen in Lastwagen verwendet. Aufgrund ihrer Robustheit und Festigkeit werden PVC-Planen f\u00fcr schwere landwirtschaftliche und industrielle Arbeiten verwendet. Auf der anderen Seite eignen sich Polyplanen f\u00fcr den t\u00e4glichen und tempor\u00e4ren Gebrauch.    <\/p>\n\n\n\n<p>Wenn Sie auf der Suche nach einer kosteng\u00fcnstigen Plane f\u00fcr den t\u00e4glichen und tempor\u00e4ren Gebrauch sind, k\u00f6nnen Sie sicher sein, dass die PE-Plane die beste Option ist. Im Vergleich zu anderen Arten von Planen, einschlie\u00dflich PVC, sind Polyplanen kosteng\u00fcnstiger. Das ist einer der Hauptgr\u00fcnde daf\u00fcr, dass sie universell einsetzbar sind.  <\/p>\n<\/div><\/div><\/div>\n\n\n\n<div class=\"wp-block-kadence-pane kt-accordion-pane kt-accordion-pane-17 kt-pane_5099ef-9b\"><div class=\"kt-accordion-header-wrap\"><button class=\"kt-blocks-accordion-header kt-acccordion-button-label-show\"><span class=\"kt-blocks-accordion-title-wrap\"><span class=\"kt-blocks-accordion-title\">What\u2019s Your PE tarpaulins specification?<\/span><\/span><span class=\"kt-blocks-accordion-icon-trigger\"><\/span><\/button><\/div><div class=\"kt-accordion-panel\"><div class=\"kt-accordion-panel-inner\">\n<p>PE-Planen sind in einer Reihe von Spezifikationen erh\u00e4ltlich, um unterschiedliche Anforderungen zu erf\u00fcllen, wie z. B. Gewebe, Mil-Dicke, Beschichtungsfolie, Dichte und GSM usw. Aber der wichtigste Parameter ist GSM (Gramm \/ Quadratmeter oder oz \/ Quadratmeter), unser Haupt-GSM-Bereich reicht von 40 g\/m\u00b2 bis 450 g\/m\u00b2. <\/p>\n\n\n\n<p>Sie k\u00f6nnen diesen Artikel lesen, um mehr \u00fcber die Spezifikation von PE-Planen zu erfahren.<\/p>\n<\/div><\/div><\/div>\n\n\n\n<div class=\"wp-block-kadence-pane kt-accordion-pane kt-accordion-pane-16 kt-pane_dea116-9e\"><div class=\"kt-accordion-header-wrap\"><button class=\"kt-blocks-accordion-header kt-acccordion-button-label-show\"><span class=\"kt-blocks-accordion-title-wrap\"><span class=\"kt-blocks-accordion-title\">Poly tarps vs vinyl tarps<\/span><\/span><span class=\"kt-blocks-accordion-icon-trigger\"><\/span><\/button><\/div><div class=\"kt-accordion-panel\"><div class=\"kt-accordion-panel-inner\">\n<p>Die PE-Plane besteht aus Polyethylen-Kunststoff und ist leicht, sauber und schadstofffrei.<\/p>\n\n\n\n<p>PVC-Plane besteht aus einem Polyester-Filament-Basistuch und einer doppelseitigen Beschichtung mit Vinylpastenharz.<\/p>\n<\/div><\/div><\/div>\n\n\n\n<div class=\"wp-block-kadence-pane kt-accordion-pane kt-accordion-pane-9 kt-pane_d7666b-5f\"><div class=\"kt-accordion-header-wrap\"><button class=\"kt-blocks-accordion-header kt-acccordion-button-label-show\"><span class=\"kt-blocks-accordion-title-wrap\"><span class=\"kt-blocks-accordion-title\">What is HDPE tarpaulin?<\/span><\/span><span class=\"kt-blocks-accordion-icon-trigger\"><\/span><\/button><\/div><div class=\"kt-accordion-panel\"><div class=\"kt-accordion-panel-inner\">\n<p>HDPE-Planen sind Planen aus hochdichtem Polyethylen, die aus hochwertigem HDPE-Gewebe hergestellt werden, das beidseitig mit LDPE laminiert ist. Es gibt verschiedene Qualit\u00e4ten und Dicken, die aus mehreren Schichten HDPE hergestellt werden, die zwischen LDPE-Schichten auf der Au\u00dfenseite angeordnet sind. Diese Art von Planen ist sehr robust und eignet sich am besten f\u00fcr Anwendungen, bei denen es zu einem hohen Verschlei\u00df kommt.  <\/p>\n<\/div><\/div><\/div>\n\n\n\n<div class=\"wp-block-kadence-pane kt-accordion-pane kt-accordion-pane-10 kt-pane_cbc43a-14\"><div class=\"kt-accordion-header-wrap\"><button class=\"kt-blocks-accordion-header kt-acccordion-button-label-show\"><span class=\"kt-blocks-accordion-title-wrap\"><span class=\"kt-blocks-accordion-title\">How to manufacture PE tarpaulin?<\/span><\/span><span class=\"kt-blocks-accordion-icon-trigger\"><\/span><\/button><\/div><div class=\"kt-accordion-panel\"><div class=\"kt-accordion-panel-inner\">\n<p>Die PE-Plane besteht aus Polyethylen-Kunststoff und ist leicht, sauber und schadstofffrei.<\/p>\n\n\n\n<p>PVC-Plane besteht aus einem Polyester-Filament-Basistuch und einer doppelseitigen Beschichtung mit Vinylpastenharz.<\/p>\n<\/div><\/div><\/div>\n\n\n\n<div class=\"wp-block-kadence-pane kt-accordion-pane kt-accordion-pane-11 kt-pane_f47594-44\"><div class=\"kt-accordion-header-wrap\"><button class=\"kt-blocks-accordion-header kt-acccordion-button-label-show\"><span class=\"kt-blocks-accordion-title-wrap\"><span class=\"kt-blocks-accordion-title\">Are polyethylene tarpaulins waterproof?<\/span><\/span><span class=\"kt-blocks-accordion-icon-trigger\"><\/span><\/button><\/div><div class=\"kt-accordion-panel\"><div class=\"kt-accordion-panel-inner\">\n<p>Die meisten Polyplanen sind wasserdicht, da die laminierten Folienschichten aus Polyethylen von Natur aus wasserdicht sind.<\/p>\n<\/div><\/div><\/div>\n\n\n\n<div class=\"wp-block-kadence-pane kt-accordion-pane kt-accordion-pane-12 kt-pane_c41763-84\"><div class=\"kt-accordion-header-wrap\"><button class=\"kt-blocks-accordion-header kt-acccordion-button-label-show\"><span class=\"kt-blocks-accordion-title-wrap\"><span class=\"kt-blocks-accordion-title\">How to join two poly tarps<\/span><\/span><span class=\"kt-blocks-accordion-icon-trigger\"><\/span><\/button><\/div><div class=\"kt-accordion-panel\"><div class=\"kt-accordion-panel-inner\">\n<p>Polyplanen bestehen in der Regel aus mehreren Schichten, wobei ein gewebtes Mesh-Gewebe zwischen zwei oder mehr Polyethylenplatten eingebettet ist. Polyethylen ist das gleiche Material, das in Kabeln, Rohren und Formbeh\u00e4ltern verwendet wird. Es gibt viele Fabriken, die ihre Planen aus recyceltem Kunststoff f\u00fcr ihre Kunden herstellen. Unsere PE-Planenprodukte werden jedoch aus neuen Polyethylenmaterialien und nicht aus recyceltem Kunststoff hergestellt.   <\/p>\n<\/div><\/div><\/div>\n\n\n\n<div class=\"wp-block-kadence-pane kt-accordion-pane kt-accordion-pane-13 kt-pane_2f515c-98\"><div class=\"kt-accordion-header-wrap\"><button class=\"kt-blocks-accordion-header kt-acccordion-button-label-show\"><span class=\"kt-blocks-accordion-title-wrap\"><span class=\"kt-blocks-accordion-title\">Are poly tarps breathable?<\/span><\/span><span class=\"kt-blocks-accordion-icon-trigger\"><\/span><\/button><\/div><div class=\"kt-accordion-panel\"><div class=\"kt-accordion-panel-inner\">\n<p>Polyplanen bestehen aus Polyethylen, das im Vergleich zu anderen Materialarten wie Leinwand haltbarer, st\u00e4rker und wasserdichter ist.<\/p>\n\n\n\n<p>PE-Planen sind leichter und bieten Schatten vor der Sonne, sind aber dennoch atmungsaktiv, da kleine L\u00f6cher zwischen den gewebten Stoffen entstehen. Es l\u00e4sst Feuchtigkeit, Luft und Sonnenlicht durch. Polyethylen-Planen haben eine h\u00f6here UV-Strahlenbest\u00e4ndigkeit als andere herk\u00f6mmliche Planen, die aus Polyester, Leinwand, Nylon und Polypropylen bestehen.  <\/p>\n<\/div><\/div><\/div>\n\n\n\n<div class=\"wp-block-kadence-pane kt-accordion-pane kt-accordion-pane-14 kt-pane_e63aa2-17\"><div class=\"kt-accordion-header-wrap\"><button class=\"kt-blocks-accordion-header kt-acccordion-button-label-show\"><span class=\"kt-blocks-accordion-title-wrap\"><span class=\"kt-blocks-accordion-title\">Are poly tarps UV-resistant?<\/span><\/span><span class=\"kt-blocks-accordion-icon-trigger\"><\/span><\/button><\/div><div class=\"kt-accordion-panel\"><div class=\"kt-accordion-panel-inner\">\n<p>Polyplanen k\u00f6nnen bis zu 90% der UV-Strahlen blockieren, wenn sie w\u00e4hrend der Herstellung einer UV-behandelten chemischen Behandlung unterzogen werden, die zum Schutz vor der Verschlechterung der Polyplane durch UV-Strahlen beitr\u00e4gt, aber die Kosten werden steigen.<\/p>\n<\/div><\/div><\/div>\n\n\n\n<div class=\"wp-block-kadence-pane kt-accordion-pane kt-accordion-pane-15 kt-pane_2dd43a-7a\"><div class=\"kt-accordion-header-wrap\"><button class=\"kt-blocks-accordion-header kt-acccordion-button-label-show\"><span class=\"kt-blocks-accordion-title-wrap\"><span class=\"kt-blocks-accordion-title\">What&#8217;s the PE tarpaulin price?<\/span><\/span><span class=\"kt-blocks-accordion-icon-trigger\"><\/span><\/button><\/div><div class=\"kt-accordion-panel\"><div class=\"kt-accordion-panel-inner\">\n<p>Es gibt viele verschiedene Arten von Polyplanen in unseren PE-Planenlinien,<br\/>Bevor wir Ihnen unsere Preisliste anbieten, teilen Sie mir bitte Ihre Tarps-Gr\u00f6\u00dfen, GSM, Farben, Dicken und Mengen sowie Ihre Tarps-Anwendung mit.<\/p>\n\n\n\n<p>Nehmen Sie also Kontakt mit uns auf und holen Sie sich jetzt unsere neue Preisliste!<\/p>\n<\/div><\/div><\/div>\n\n\n\n<div class=\"wp-block-kadence-pane kt-accordion-pane kt-accordion-pane-18 kt-pane_04a4ae-82\"><div class=\"kt-accordion-header-wrap\"><button class=\"kt-blocks-accordion-header kt-acccordion-button-label-show\"><span class=\"kt-blocks-accordion-title-wrap\"><span class=\"kt-blocks-accordion-title\">How long do poly tarps last<\/span><\/span><span class=\"kt-blocks-accordion-icon-trigger\"><\/span><\/button><\/div><div class=\"kt-accordion-panel\"><div class=\"kt-accordion-panel-inner\">\n<p>Polyplanen bestehen in der Regel aus mehreren Schichten, wobei ein gewebtes Mesh-Gewebe zwischen zwei oder mehr Polyethylenplatten eingebettet ist. Polyethylen ist das gleiche Material, das in Kabeln, Rohren und Formbeh\u00e4ltern verwendet wird. Es gibt viele Fabriken, die ihre Planen aus recyceltem Kunststoff f\u00fcr ihre Kunden herstellen. Unsere PE-Planenprodukte werden jedoch aus neuen Polyethylenmaterialien und nicht aus recyceltem Kunststoff hergestellt.   <\/p>\n<\/div><\/div><\/div>\n<\/div><\/div><\/div>\n<\/div><\/div>\n<\/div><\/div><\/div>\n<\/div><\/div>\n<\/div><\/div><\/div>\n","protected":false},"excerpt":{"rendered":"","protected":false},"author":1,"featured_media":0,"parent":0,"menu_order":0,"comment_status":"closed","ping_status":"closed","template":"","meta":{"_acf_changed":false,"_seopress_robots_primary_cat":"","_seopress_titles_title":"H\u00e4ufig gestellte Fragen zur Unterkunft Tarpaulin Business - ROCtarp","_seopress_titles_desc":"ROC Tarp ist seit 2021 in der Herstellung von Planenrollen und -platten t\u00e4tig. Hier sind die wichtigsten Bedenken unserer Kunden, bevor sie das Gesch\u00e4ft abschlie\u00dfen. ","_seopress_robots_index":"","footnotes":""},"class_list":["post-4919","page","type-page","status-publish","hentry"],"acf":[],"_links":{"self":[{"href":"https:\/\/roctarps.com\/de\/wp-json\/wp\/v2\/pages\/4919","targetHints":{"allow":["GET"]}}],"collection":[{"href":"https:\/\/roctarps.com\/de\/wp-json\/wp\/v2\/pages"}],"about":[{"href":"https:\/\/roctarps.com\/de\/wp-json\/wp\/v2\/types\/page"}],"author":[{"embeddable":true,"href":"https:\/\/roctarps.com\/de\/wp-json\/wp\/v2\/users\/1"}],"replies":[{"embeddable":true,"href":"https:\/\/roctarps.com\/de\/wp-json\/wp\/v2\/comments?post=4919"}],"version-history":[{"count":4,"href":"https:\/\/roctarps.com\/de\/wp-json\/wp\/v2\/pages\/4919\/revisions"}],"predecessor-version":[{"id":6996,"href":"https:\/\/roctarps.com\/de\/wp-json\/wp\/v2\/pages\/4919\/revisions\/6996"}],"wp:attachment":[{"href":"https:\/\/roctarps.com\/de\/wp-json\/wp\/v2\/media?parent=4919"}],"curies":[{"name":"wp","href":"https:\/\/api.w.org\/{rel}","templated":true}]}}