{"id":4951,"date":"2023-01-09T14:13:53","date_gmt":"2023-01-09T06:13:53","guid":{"rendered":"https:\/\/roctarps.com\/product\/leichte-blau-silberne-poly-tarps\/"},"modified":"2025-02-25T09:27:14","modified_gmt":"2025-02-25T01:27:14","slug":"leichte-blau-silberne-poly-teppiche","status":"publish","type":"product","link":"https:\/\/roctarps.com\/de\/produkt\/leichte-blau-silberne-poly-teppiche\/","title":{"rendered":"Leichte, blau-silberne Poly Tarps"},"content":{"rendered":"","protected":false},"excerpt":{"rendered":"<p>Diese leichten, blau-silbernen Polyplanen sind vielseitige Abdeckungen, die sowohl wirtschaftlich als auch robust sind. Diese Planen bestehen aus 3-lagigem Qualit\u00e4tspolyethylen, das wasserdicht und langlebig ist. Sie sind rei\u00dffest, abriebfest, UV-best\u00e4ndig, s\u00e4urebest\u00e4ndig, f\u00e4ulnis- und schimmelbest\u00e4ndig und eignen sich daher f\u00fcr eine Vielzahl von Au\u00dfenanwendungen. Diese Abdeckungen werden h\u00e4ufig f\u00fcr Anwendungen wie Camping, Ger\u00e4teabdeckungen, Materialabdeckungen, Landschafts- und Gartenplanen und als vor\u00fcbergehende Dachabdeckungen verwendet, die auch als Hurricane Tarps bekannt sind.<\/p>\n","protected":false},"featured_media":4823,"template":"","meta":{"_acf_changed":false,"_seopress_robots_primary_cat":"none","_seopress_titles_title":"","_seopress_titles_desc":"","_seopress_robots_index":""},"product_brand":[],"product_cat":[140,120,118],"product_tag":[],"class_list":{"0":"post-4951","1":"product","2":"type-product","3":"status-publish","4":"has-post-thumbnail","6":"product_cat-ausenbereich-gartenplane","7":"product_cat-planenplane","8":"product_cat-wasserdichte-plane","10":"first","11":"instock","12":"shipping-taxable","13":"product-type-simple"},"acf":[],"_links":{"self":[{"href":"https:\/\/roctarps.com\/de\/wp-json\/wp\/v2\/product\/4951","targetHints":{"allow":["GET"]}}],"collection":[{"href":"https:\/\/roctarps.com\/de\/wp-json\/wp\/v2\/product"}],"about":[{"href":"https:\/\/roctarps.com\/de\/wp-json\/wp\/v2\/types\/product"}],"wp:featuredmedia":[{"embeddable":true,"href":"https:\/\/roctarps.com\/de\/wp-json\/wp\/v2\/media\/4823"}],"wp:attachment":[{"href":"https:\/\/roctarps.com\/de\/wp-json\/wp\/v2\/media?parent=4951"}],"wp:term":[{"taxonomy":"product_brand","embeddable":true,"href":"https:\/\/roctarps.com\/de\/wp-json\/wp\/v2\/product_brand?post=4951"},{"taxonomy":"product_cat","embeddable":true,"href":"https:\/\/roctarps.com\/de\/wp-json\/wp\/v2\/product_cat?post=4951"},{"taxonomy":"product_tag","embeddable":true,"href":"https:\/\/roctarps.com\/de\/wp-json\/wp\/v2\/product_tag?post=4951"}],"curies":[{"name":"wp","href":"https:\/\/api.w.org\/{rel}","templated":true}]}}