{"id":4952,"date":"2023-01-05T15:29:20","date_gmt":"2023-01-05T07:29:20","guid":{"rendered":"https:\/\/roctarps.com\/product\/schwarz-silberne-schwerlast-polyplanen\/"},"modified":"2025-02-25T09:32:37","modified_gmt":"2025-02-25T01:32:37","slug":"schwarz-silberne-schwerlast-poly-teppiche","status":"publish","type":"product","link":"https:\/\/roctarps.com\/de\/produkt\/schwarz-silberne-schwerlast-poly-teppiche\/","title":{"rendered":"Schwarz-silberne Schwerlast-Polyplanen"},"content":{"rendered":"","protected":false},"excerpt":{"rendered":"<p>Unsere schwarz-silbernen Polyplanen sind aus strapazierf\u00e4higem Polyethylenmaterial mit 1200 Denier-Fasern hergestellt und eignen sich perfekt f\u00fcr den Au\u00dfeneinsatz. Unsere schwarzen und silbernen Polyplanen sind 10 Mil dick, 6 oz pro Quadratmeter und 14 x 14 Webart mit 3-lagigem Material, das sie extrem haltbar und rei\u00dffest macht, w\u00e4hrend die verst\u00e4rkten Ecken und S\u00e4ume mit Seil eine zus\u00e4tzliche Schutzschicht hinzuf\u00fcgen.<\/p>\n<p>Die Aluminium\u00f6sen im Abstand von 18 cm bieten viele M\u00f6glichkeiten zum Befestigen, und die verschwei\u00dften N\u00e4hte sorgen daf\u00fcr, dass sie nicht auseinanderfallen. Diese Planen sind auf Ma\u00df geschnitten, d. h. sie sind etwas kleiner als die fertige Gr\u00f6\u00dfe.<\/p>\n","protected":false},"featured_media":4821,"template":"","meta":{"_acf_changed":false,"_seopress_robots_primary_cat":"none","_seopress_titles_title":"","_seopress_titles_desc":"","_seopress_robots_index":""},"product_brand":[],"product_cat":[132,131,120],"product_tag":[],"class_list":{"0":"post-4952","1":"product","2":"type-product","3":"status-publish","4":"has-post-thumbnail","6":"product_cat-abdeckplane-fur-transportfahrzeug","7":"product_cat-heavy-duty-abdeckplane","8":"product_cat-planenplane","10":"first","11":"instock","12":"shipping-taxable","13":"product-type-simple"},"acf":[],"_links":{"self":[{"href":"https:\/\/roctarps.com\/de\/wp-json\/wp\/v2\/product\/4952","targetHints":{"allow":["GET"]}}],"collection":[{"href":"https:\/\/roctarps.com\/de\/wp-json\/wp\/v2\/product"}],"about":[{"href":"https:\/\/roctarps.com\/de\/wp-json\/wp\/v2\/types\/product"}],"wp:featuredmedia":[{"embeddable":true,"href":"https:\/\/roctarps.com\/de\/wp-json\/wp\/v2\/media\/4821"}],"wp:attachment":[{"href":"https:\/\/roctarps.com\/de\/wp-json\/wp\/v2\/media?parent=4952"}],"wp:term":[{"taxonomy":"product_brand","embeddable":true,"href":"https:\/\/roctarps.com\/de\/wp-json\/wp\/v2\/product_brand?post=4952"},{"taxonomy":"product_cat","embeddable":true,"href":"https:\/\/roctarps.com\/de\/wp-json\/wp\/v2\/product_cat?post=4952"},{"taxonomy":"product_tag","embeddable":true,"href":"https:\/\/roctarps.com\/de\/wp-json\/wp\/v2\/product_tag?post=4952"}],"curies":[{"name":"wp","href":"https:\/\/api.w.org\/{rel}","templated":true}]}}