{"id":4953,"date":"2023-01-19T10:07:10","date_gmt":"2023-01-19T02:07:10","guid":{"rendered":"https:\/\/roctarps.com\/product\/leno-mesh-klare-pe-plane\/"},"modified":"2025-02-25T09:27:26","modified_gmt":"2025-02-25T01:27:26","slug":"dreher-maschen-klarsicht-pe-tarpaulin","status":"publish","type":"product","link":"https:\/\/roctarps.com\/de\/produkt\/dreher-maschen-klarsicht-pe-tarpaulin\/","title":{"rendered":"Leno Mesh Klare PE-Plane"},"content":{"rendered":"<p>Unsere gr\u00fcn-silbernen Polyplanen sind eine vielseitige und wirtschaftliche L\u00f6sung f\u00fcr alle Ihre Bed\u00fcrfnisse im Freien, denn sie bestehen aus starkem Polyethylen-Material, das 100% wasserdicht ist und eine St\u00e4rke von 5 mil hat. Diese Planen sind 5 mils dick und haben spezielle Fasern, die sie rei\u00dffest, s\u00e4urefest, f\u00e4ulnis- und schimmelresistent machen. Die S\u00e4ume sind au\u00dferdem mit Seil verst\u00e4rkt, um sie noch st\u00e4rker zu machen.<\/p>\n","protected":false},"excerpt":{"rendered":"<p>Die durchsichtige PE-Plane wird aus einem speziellen Gewebe hergestellt, das stark und haltbar ist. Es ist eine durchscheinende wei\u00dfe Farbe, die es erm\u00f6glicht, zu sehen, was abgedeckt ist. Die Plane hat eine zus\u00e4tzliche Festigkeit durch eingen\u00e4hte wei\u00dfe Schn\u00fcre. Diese Plane ist eine gute Wahl, weil sie nicht zu teuer ist, aber dennoch stark genug, um Dinge im Freien zu sch\u00fctzen oder Baumaterialien abzudecken. Die Plane ist au\u00dferdem so behandelt, dass sie wasser- und rei\u00dffest ist und auch bei sehr kaltem Wetter verwendet werden kann. Man kann zwar nicht ganz, aber doch ein bisschen durchschauen.<\/p>\n","protected":false},"featured_media":4900,"template":"","meta":{"_acf_changed":false,"_seopress_robots_primary_cat":"none","_seopress_titles_title":"","_seopress_titles_desc":"","_seopress_robots_index":""},"product_brand":[],"product_cat":[140,119,130],"product_tag":[155],"class_list":{"0":"post-4953","1":"product","2":"type-product","3":"status-publish","4":"has-post-thumbnail","6":"product_cat-ausenbereich-gartenplane","7":"product_cat-hdpe-abdeckplane","8":"product_cat-pe-plane","9":"product_tag-klar","11":"first","12":"instock","13":"shipping-taxable","14":"product-type-simple"},"acf":[],"_links":{"self":[{"href":"https:\/\/roctarps.com\/de\/wp-json\/wp\/v2\/product\/4953","targetHints":{"allow":["GET"]}}],"collection":[{"href":"https:\/\/roctarps.com\/de\/wp-json\/wp\/v2\/product"}],"about":[{"href":"https:\/\/roctarps.com\/de\/wp-json\/wp\/v2\/types\/product"}],"wp:featuredmedia":[{"embeddable":true,"href":"https:\/\/roctarps.com\/de\/wp-json\/wp\/v2\/media\/4900"}],"wp:attachment":[{"href":"https:\/\/roctarps.com\/de\/wp-json\/wp\/v2\/media?parent=4953"}],"wp:term":[{"taxonomy":"product_brand","embeddable":true,"href":"https:\/\/roctarps.com\/de\/wp-json\/wp\/v2\/product_brand?post=4953"},{"taxonomy":"product_cat","embeddable":true,"href":"https:\/\/roctarps.com\/de\/wp-json\/wp\/v2\/product_cat?post=4953"},{"taxonomy":"product_tag","embeddable":true,"href":"https:\/\/roctarps.com\/de\/wp-json\/wp\/v2\/product_tag?post=4953"}],"curies":[{"name":"wp","href":"https:\/\/api.w.org\/{rel}","templated":true}]}}