{"id":4954,"date":"2023-01-10T15:23:14","date_gmt":"2023-01-10T07:23:14","guid":{"rendered":"https:\/\/roctarps.com\/product\/un-fluechtlingsplanen-aus-weissem-poly-mit-schwarzem-streifen\/"},"modified":"2025-02-25T09:27:27","modified_gmt":"2025-02-25T01:27:27","slug":"un-refugee-weise-poly-tarps-mit-schwarzem-streifen","status":"publish","type":"product","link":"https:\/\/roctarps.com\/de\/produkt\/un-refugee-weise-poly-tarps-mit-schwarzem-streifen\/","title":{"rendered":"UN-Fl\u00fcchtlingsplanen aus wei\u00dfem Poly mit schwarzem Streifen"},"content":{"rendered":"","protected":false},"excerpt":{"rendered":"<p>Das UN-Fl\u00fcchtlingshilfswerk Poly Tarps &#8211; die ultimative L\u00f6sung f\u00fcr Notunterk\u00fcnfte in Vertreibungslagern und Katastrophengebieten. Diese Planen aus strapazierf\u00e4higem und wasserdichtem Polyethylen bieten Schutz vor rauen Witterungsbedingungen und sorgen daf\u00fcr, dass Familien auch unter widrigsten Umst\u00e4nden sicher und trocken bleiben. Diese Planen sind gro\u00df genug, um mehreren Familien Schutz zu bieten, und ihr geringes Gewicht erleichtert den Transport und den schnellen Aufbau in Notsituationen.<\/p>\n<p>Diese Planen sind nicht nur funktional, sondern auch sicherheitsorientiert. An den R\u00e4ndern der Plane ist reflektierendes Material angebracht, das die Sichtbarkeit und Sicherheit bei schlechten Lichtverh\u00e4ltnissen erh\u00f6ht. In Zusammenarbeit mit dem UN-Fl\u00fcchtlingshilfswerk werden diese Planen an Bed\u00fcrftige in Vertreibungslagern und Katastrophengebieten auf der ganzen Welt verteilt.<\/p>\n<p>Mit dem Kauf eines Poly Tarp des UN-Fl\u00fcchtlingshilfswerks bieten Sie nicht nur Schutz und Sicherheit f\u00fcr Menschen in Not, sondern unterst\u00fctzen auch die wichtige Arbeit der UNO bei der Hilfe f\u00fcr Vertriebene und von Katastrophen Betroffene.<\/p>\n","protected":false},"featured_media":4835,"template":"","meta":{"_acf_changed":false,"_seopress_robots_primary_cat":"none","_seopress_titles_title":"","_seopress_titles_desc":"","_seopress_robots_index":""},"product_brand":[],"product_cat":[130,145],"product_tag":[],"class_list":{"0":"post-4954","1":"product","2":"type-product","3":"status-publish","4":"has-post-thumbnail","6":"product_cat-pe-plane","7":"product_cat-plane-fur-die-landwirtschaftliche-landwirtschaft","9":"first","10":"instock","11":"shipping-taxable","12":"product-type-simple"},"acf":[],"_links":{"self":[{"href":"https:\/\/roctarps.com\/de\/wp-json\/wp\/v2\/product\/4954","targetHints":{"allow":["GET"]}}],"collection":[{"href":"https:\/\/roctarps.com\/de\/wp-json\/wp\/v2\/product"}],"about":[{"href":"https:\/\/roctarps.com\/de\/wp-json\/wp\/v2\/types\/product"}],"wp:featuredmedia":[{"embeddable":true,"href":"https:\/\/roctarps.com\/de\/wp-json\/wp\/v2\/media\/4835"}],"wp:attachment":[{"href":"https:\/\/roctarps.com\/de\/wp-json\/wp\/v2\/media?parent=4954"}],"wp:term":[{"taxonomy":"product_brand","embeddable":true,"href":"https:\/\/roctarps.com\/de\/wp-json\/wp\/v2\/product_brand?post=4954"},{"taxonomy":"product_cat","embeddable":true,"href":"https:\/\/roctarps.com\/de\/wp-json\/wp\/v2\/product_cat?post=4954"},{"taxonomy":"product_tag","embeddable":true,"href":"https:\/\/roctarps.com\/de\/wp-json\/wp\/v2\/product_tag?post=4954"}],"curies":[{"name":"wp","href":"https:\/\/api.w.org\/{rel}","templated":true}]}}