{"id":4955,"date":"2023-01-09T15:06:12","date_gmt":"2023-01-09T07:06:12","guid":{"rendered":"https:\/\/roctarps.com\/product\/blau-weisse-poly-tarps\/"},"modified":"2025-02-25T09:27:13","modified_gmt":"2025-02-25T01:27:13","slug":"blau-weis-poly-tarps","status":"publish","type":"product","link":"https:\/\/roctarps.com\/de\/produkt\/blau-weis-poly-tarps\/","title":{"rendered":"Blau Wei\u00dfe Poly Tarps"},"content":{"rendered":"","protected":false},"excerpt":{"rendered":"<p>Sie suchen eine robuste und langlebige Plane f\u00fcr Ihren Au\u00dfeneinsatz? Unsere blau-wei\u00dfe Polyplane ist aus 3-lagig gewebtem und beschichtetem Polyethylenmaterial gefertigt, das wasserdicht und rei\u00dffest ist. Die Ecken und S\u00e4ume sind verst\u00e4rkt. Sie k\u00f6nnen es zum Abdecken Ihrer Gartenm\u00f6bel, zum Schutz Ihres Bootes oder als Bodenabdeckung auf einem Campingplatz verwenden, denn eine Plane h\u00e4lt Ihre Gegenst\u00e4nde bei jedem Wetter trocken und sicher.<\/p>\n","protected":false},"featured_media":4824,"template":"","meta":{"_acf_changed":false,"_seopress_robots_primary_cat":"none","_seopress_titles_title":"","_seopress_titles_desc":"","_seopress_robots_index":""},"product_brand":[],"product_cat":[140,119,130],"product_tag":[],"class_list":{"0":"post-4955","1":"product","2":"type-product","3":"status-publish","4":"has-post-thumbnail","6":"product_cat-ausenbereich-gartenplane","7":"product_cat-hdpe-abdeckplane","8":"product_cat-pe-plane","10":"first","11":"instock","12":"shipping-taxable","13":"product-type-simple"},"acf":[],"_links":{"self":[{"href":"https:\/\/roctarps.com\/de\/wp-json\/wp\/v2\/product\/4955","targetHints":{"allow":["GET"]}}],"collection":[{"href":"https:\/\/roctarps.com\/de\/wp-json\/wp\/v2\/product"}],"about":[{"href":"https:\/\/roctarps.com\/de\/wp-json\/wp\/v2\/types\/product"}],"wp:featuredmedia":[{"embeddable":true,"href":"https:\/\/roctarps.com\/de\/wp-json\/wp\/v2\/media\/4824"}],"wp:attachment":[{"href":"https:\/\/roctarps.com\/de\/wp-json\/wp\/v2\/media?parent=4955"}],"wp:term":[{"taxonomy":"product_brand","embeddable":true,"href":"https:\/\/roctarps.com\/de\/wp-json\/wp\/v2\/product_brand?post=4955"},{"taxonomy":"product_cat","embeddable":true,"href":"https:\/\/roctarps.com\/de\/wp-json\/wp\/v2\/product_cat?post=4955"},{"taxonomy":"product_tag","embeddable":true,"href":"https:\/\/roctarps.com\/de\/wp-json\/wp\/v2\/product_tag?post=4955"}],"curies":[{"name":"wp","href":"https:\/\/api.w.org\/{rel}","templated":true}]}}