{"id":4957,"date":"2023-01-10T14:33:43","date_gmt":"2023-01-10T06:33:43","guid":{"rendered":"https:\/\/roctarps.com\/product\/silberne-schwerlast-polyplanen\/"},"modified":"2025-02-25T09:27:22","modified_gmt":"2025-02-25T01:27:22","slug":"silberne-schwerlast-poly-reiszwecken","status":"publish","type":"product","link":"https:\/\/roctarps.com\/de\/produkt\/silberne-schwerlast-poly-reiszwecken\/","title":{"rendered":"Silberne Schwerlast-Polyplanen"},"content":{"rendered":"","protected":false},"excerpt":{"rendered":"<p>Unsere silbernen Hochleistungspolyplanen werden aus 3-lagigem Polyethylenmaterial hergestellt, das dicht, haltbar und schwerer als andere Planen ist. Diese Planen sind wasserdicht, rei\u00dffest und rei\u00dfen beidseitig ein, da sie eine St\u00e4rke von 12 mil, starke 1200 Denier-Fasern und ein strapazierf\u00e4higes 14 x 14-Gewebe haben.<\/p>\n<p>Die Aluminiumt\u00fcllen, die etwa alle 18 Zentimeter an einem seilverst\u00e4rkten Saum angebracht sind, \u00fcberzeugen nicht nur durch ihre Langlebigkeit, sondern auch durch ihre Flexibilit\u00e4t bei einer Vielzahl von Au\u00dfenabdeckungen. Diese Planen sind so zugeschnitten, dass sie etwa 6-8&#8243; kleiner als die abgebildete Gr\u00f6\u00dfe ausfallen.<\/p>\n","protected":false},"featured_media":4834,"template":"","meta":{"_acf_changed":false,"_seopress_robots_primary_cat":"none","_seopress_titles_title":"","_seopress_titles_desc":"","_seopress_robots_index":""},"product_brand":[],"product_cat":[131,130,145],"product_tag":[],"class_list":{"0":"post-4957","1":"product","2":"type-product","3":"status-publish","4":"has-post-thumbnail","6":"product_cat-heavy-duty-abdeckplane","7":"product_cat-pe-plane","8":"product_cat-plane-fur-die-landwirtschaftliche-landwirtschaft","10":"first","11":"instock","12":"shipping-taxable","13":"product-type-simple"},"acf":[],"_links":{"self":[{"href":"https:\/\/roctarps.com\/de\/wp-json\/wp\/v2\/product\/4957","targetHints":{"allow":["GET"]}}],"collection":[{"href":"https:\/\/roctarps.com\/de\/wp-json\/wp\/v2\/product"}],"about":[{"href":"https:\/\/roctarps.com\/de\/wp-json\/wp\/v2\/types\/product"}],"wp:featuredmedia":[{"embeddable":true,"href":"https:\/\/roctarps.com\/de\/wp-json\/wp\/v2\/media\/4834"}],"wp:attachment":[{"href":"https:\/\/roctarps.com\/de\/wp-json\/wp\/v2\/media?parent=4957"}],"wp:term":[{"taxonomy":"product_brand","embeddable":true,"href":"https:\/\/roctarps.com\/de\/wp-json\/wp\/v2\/product_brand?post=4957"},{"taxonomy":"product_cat","embeddable":true,"href":"https:\/\/roctarps.com\/de\/wp-json\/wp\/v2\/product_cat?post=4957"},{"taxonomy":"product_tag","embeddable":true,"href":"https:\/\/roctarps.com\/de\/wp-json\/wp\/v2\/product_tag?post=4957"}],"curies":[{"name":"wp","href":"https:\/\/api.w.org\/{rel}","templated":true}]}}