{"id":4958,"date":"2023-01-05T11:13:05","date_gmt":"2023-01-05T03:13:05","guid":{"rendered":"https:\/\/roctarps.com\/product\/gruene-poly-tarps\/"},"modified":"2025-02-25T09:32:32","modified_gmt":"2025-02-25T01:32:32","slug":"grun-poly-tarps","status":"publish","type":"product","link":"https:\/\/roctarps.com\/de\/produkt\/grun-poly-tarps\/","title":{"rendered":"Gr\u00fcne Poly Tarps"},"content":{"rendered":"","protected":false},"excerpt":{"rendered":"<p>Unsere gr\u00fcnen Polyplanen bestehen aus 3 Lagen hochwertigem Poly-Material, das sehr stark und absolut wasserdicht ist und im Freien zum Schutz Ihrer Elemente verwendet werden kann. Diese Planen haben ein sehr dichtes Gewebe mit 14 x 14 Quadraten pro Zoll, was sie besonders robust und ideal f\u00fcr den Einsatz unter verschiedenen Wetterbedingungen macht. Die Ecken und S\u00e4ume (Kanten) sind zus\u00e4tzlich mit Seil verst\u00e4rkt, um ein hohes Ma\u00df an Festigkeit und Haltbarkeit zu gew\u00e4hrleisten.<\/p>\n<p>Die Aluminium\u00f6sen, etwa alle 36 Zentimeter, sowie die verst\u00e4rkten Ecken und S\u00e4ume mit Seil sorgen f\u00fcr zus\u00e4tzliche Stabilit\u00e4t und Halt. Diese Planen haben au\u00dferdem spezielle hitzeverschwei\u00dfte N\u00e4hte, die eine lange Lebensdauer gew\u00e4hrleisten. Beachten Sie, dass die fertige Gr\u00f6\u00dfe der Plane etwas kleiner sein kann als die angegebene Gr\u00f6\u00dfe. Bitte beachten Sie, dass es sich bei diesen Planen um zugeschnittene Gr\u00f6\u00dfen handelt, wobei die fertige Gr\u00f6\u00dfe etwas kleiner ist. Sch\u00fctzen Sie Ihr Hab und Gut und bewahren Sie es vor den Elementen mit gr\u00fcnen Polyplanen.<\/p>\n","protected":false},"featured_media":4814,"template":"","meta":{"_acf_changed":false,"_seopress_robots_primary_cat":"none","_seopress_titles_title":"","_seopress_titles_desc":"","_seopress_robots_index":""},"product_brand":[],"product_cat":[130,120,118],"product_tag":[],"class_list":{"0":"post-4958","1":"product","2":"type-product","3":"status-publish","4":"has-post-thumbnail","6":"product_cat-pe-plane","7":"product_cat-planenplane","8":"product_cat-wasserdichte-plane","10":"first","11":"instock","12":"shipping-taxable","13":"product-type-simple"},"acf":[],"_links":{"self":[{"href":"https:\/\/roctarps.com\/de\/wp-json\/wp\/v2\/product\/4958","targetHints":{"allow":["GET"]}}],"collection":[{"href":"https:\/\/roctarps.com\/de\/wp-json\/wp\/v2\/product"}],"about":[{"href":"https:\/\/roctarps.com\/de\/wp-json\/wp\/v2\/types\/product"}],"wp:featuredmedia":[{"embeddable":true,"href":"https:\/\/roctarps.com\/de\/wp-json\/wp\/v2\/media\/4814"}],"wp:attachment":[{"href":"https:\/\/roctarps.com\/de\/wp-json\/wp\/v2\/media?parent=4958"}],"wp:term":[{"taxonomy":"product_brand","embeddable":true,"href":"https:\/\/roctarps.com\/de\/wp-json\/wp\/v2\/product_brand?post=4958"},{"taxonomy":"product_cat","embeddable":true,"href":"https:\/\/roctarps.com\/de\/wp-json\/wp\/v2\/product_cat?post=4958"},{"taxonomy":"product_tag","embeddable":true,"href":"https:\/\/roctarps.com\/de\/wp-json\/wp\/v2\/product_tag?post=4958"}],"curies":[{"name":"wp","href":"https:\/\/api.w.org\/{rel}","templated":true}]}}