{"id":4960,"date":"2023-01-04T14:59:58","date_gmt":"2023-01-04T06:59:58","guid":{"rendered":"https:\/\/roctarps.com\/product\/silberne-poly-tarps\/"},"modified":"2025-02-25T09:32:16","modified_gmt":"2025-02-25T01:32:16","slug":"silver-poly-tarps","status":"publish","type":"product","link":"https:\/\/roctarps.com\/de\/produkt\/silver-poly-tarps\/","title":{"rendered":"Silberne Poly Tarps"},"content":{"rendered":"","protected":false},"excerpt":{"rendered":"<p>Unsere silbernen Polyplanen bestehen aus einem strapazierf\u00e4higen, gewebten und beschichteten Polyethylengewebe mit einer Dicke von 6 Unzen pro Quadratmeter und einer Maschenzahl von 12&#215;14. Dadurch sind sie unglaublich haltbar und langlebig und eignen sich perfekt f\u00fcr den Schutz von Gegenst\u00e4nden im Freien vor Sonne, Regen oder Windsch\u00e4den. Sie k\u00f6nnen f\u00fcr Camping, Bootsabdeckungen, Holzstapel, Baustellen und vieles mehr verwendet werden.<\/p>\n","protected":false},"featured_media":4712,"template":"","meta":{"_acf_changed":false,"_seopress_robots_primary_cat":"none","_seopress_titles_title":"","_seopress_titles_desc":"","_seopress_robots_index":""},"product_brand":[],"product_cat":[119,130,118],"product_tag":[],"class_list":{"0":"post-4960","1":"product","2":"type-product","3":"status-publish","4":"has-post-thumbnail","6":"product_cat-hdpe-abdeckplane","7":"product_cat-pe-plane","8":"product_cat-wasserdichte-plane","10":"first","11":"instock","12":"shipping-taxable","13":"product-type-simple"},"acf":[],"_links":{"self":[{"href":"https:\/\/roctarps.com\/de\/wp-json\/wp\/v2\/product\/4960","targetHints":{"allow":["GET"]}}],"collection":[{"href":"https:\/\/roctarps.com\/de\/wp-json\/wp\/v2\/product"}],"about":[{"href":"https:\/\/roctarps.com\/de\/wp-json\/wp\/v2\/types\/product"}],"wp:featuredmedia":[{"embeddable":true,"href":"https:\/\/roctarps.com\/de\/wp-json\/wp\/v2\/media\/4712"}],"wp:attachment":[{"href":"https:\/\/roctarps.com\/de\/wp-json\/wp\/v2\/media?parent=4960"}],"wp:term":[{"taxonomy":"product_brand","embeddable":true,"href":"https:\/\/roctarps.com\/de\/wp-json\/wp\/v2\/product_brand?post=4960"},{"taxonomy":"product_cat","embeddable":true,"href":"https:\/\/roctarps.com\/de\/wp-json\/wp\/v2\/product_cat?post=4960"},{"taxonomy":"product_tag","embeddable":true,"href":"https:\/\/roctarps.com\/de\/wp-json\/wp\/v2\/product_tag?post=4960"}],"curies":[{"name":"wp","href":"https:\/\/api.w.org\/{rel}","templated":true}]}}