{"id":4961,"date":"2023-01-06T14:00:22","date_gmt":"2023-01-06T06:00:22","guid":{"rendered":"https:\/\/roctarps.com\/product\/schwarze-poly-tarps\/"},"modified":"2025-02-25T09:32:55","modified_gmt":"2025-02-25T01:32:55","slug":"schwarz-poly-tarps","status":"publish","type":"product","link":"https:\/\/roctarps.com\/de\/produkt\/schwarz-poly-tarps\/","title":{"rendered":"Schwarze Poly Tarps"},"content":{"rendered":"","protected":false},"excerpt":{"rendered":"<p>Unsere schwarzen Poly Tarps sind aus 100% wasserdichtem, strapazierf\u00e4higem Polyethylen-Material mit einer St\u00e4rke von 16 Mil und einem GSM-Wert von 220 hergestellt. Diese Planen sind robust und langlebig und eignen sich perfekt f\u00fcr die vor\u00fcbergehende Abdeckung von Autos, Booten, Lastwagen und Wohnmobilen, behelfsm\u00e4\u00dfige Unterst\u00e4nde und auch f\u00fcr Notsituationen wie besch\u00e4digte D\u00e4cher.<\/p>\n<p>Die hei\u00dfgeschwei\u00dften N\u00e4hte sorgen daf\u00fcr, dass diese Planen selbst den h\u00e4rtesten Bedingungen standhalten. Sie eignen sich daher hervorragend f\u00fcr die Notabdeckung eines besch\u00e4digten Daches nach einem Sturm und k\u00f6nnen sogar zur Wasserr\u00fcckhaltung verwendet werden, um Teiche, Wassertr\u00f6ge oder im Winter sogar Eisbahnen anzulegen. Halten Sie einen bereit und seien Sie auf alles vorbereitet, was auf Sie zukommt.<\/p>\n","protected":false},"featured_media":4815,"template":"","meta":{"_acf_changed":false,"_seopress_robots_primary_cat":"none","_seopress_titles_title":"","_seopress_titles_desc":"","_seopress_robots_index":""},"product_brand":[],"product_cat":[150,140,119,130,120],"product_tag":[],"class_list":{"0":"post-4961","1":"product","2":"type-product","3":"status-publish","4":"has-post-thumbnail","6":"product_cat-abdeckplane-fur-hochbau","7":"product_cat-ausenbereich-gartenplane","8":"product_cat-hdpe-abdeckplane","9":"product_cat-pe-plane","10":"product_cat-planenplane","12":"first","13":"instock","14":"shipping-taxable","15":"product-type-simple"},"acf":[],"_links":{"self":[{"href":"https:\/\/roctarps.com\/de\/wp-json\/wp\/v2\/product\/4961","targetHints":{"allow":["GET"]}}],"collection":[{"href":"https:\/\/roctarps.com\/de\/wp-json\/wp\/v2\/product"}],"about":[{"href":"https:\/\/roctarps.com\/de\/wp-json\/wp\/v2\/types\/product"}],"wp:featuredmedia":[{"embeddable":true,"href":"https:\/\/roctarps.com\/de\/wp-json\/wp\/v2\/media\/4815"}],"wp:attachment":[{"href":"https:\/\/roctarps.com\/de\/wp-json\/wp\/v2\/media?parent=4961"}],"wp:term":[{"taxonomy":"product_brand","embeddable":true,"href":"https:\/\/roctarps.com\/de\/wp-json\/wp\/v2\/product_brand?post=4961"},{"taxonomy":"product_cat","embeddable":true,"href":"https:\/\/roctarps.com\/de\/wp-json\/wp\/v2\/product_cat?post=4961"},{"taxonomy":"product_tag","embeddable":true,"href":"https:\/\/roctarps.com\/de\/wp-json\/wp\/v2\/product_tag?post=4961"}],"curies":[{"name":"wp","href":"https:\/\/api.w.org\/{rel}","templated":true}]}}