{"id":4962,"date":"2023-01-10T11:50:20","date_gmt":"2023-01-10T03:50:20","guid":{"rendered":"https:\/\/roctarps.com\/product\/hellgruene-poly-tarps\/"},"modified":"2025-02-25T09:27:22","modified_gmt":"2025-02-25T01:27:22","slug":"hell-grun-poly-tarps","status":"publish","type":"product","link":"https:\/\/roctarps.com\/de\/produkt\/hell-grun-poly-tarps\/","title":{"rendered":"Hellgr\u00fcne Poly Tarps"},"content":{"rendered":"","protected":false},"excerpt":{"rendered":"<p>Unsere hellgr\u00fcnen Polyplanen sind aus 3-lagigem Poly-Material gefertigt und verf\u00fcgen \u00fcber starke Denier-Fasern f\u00fcr zus\u00e4tzliche Haltbarkeit. Diese hellgr\u00fcnen Polyplanen haben ein Gewebegewicht von 3 Unzen. \/ sqft mit einer Dicke von 5 mils, und sie enthalten \u00d6sen etwa alle 36 Zoll und S\u00e4ume mit Seil verst\u00e4rkt.<\/p>\n<p>Die hellgr\u00fcne Farbe ist beidseitig und f\u00fcr viele verschiedene Anwendungen geeignet, z. B. zum Abdecken von Ger\u00e4ten, zum Schutz vor Witterungseinfl\u00fcssen und vielem mehr. Diese Planen sind so zugeschnitten, dass sie etwas kleiner als abgebildet ausfallen.<\/p>\n","protected":false},"featured_media":4817,"template":"","meta":{"_acf_changed":false,"_seopress_robots_primary_cat":"none","_seopress_titles_title":"","_seopress_titles_desc":"","_seopress_robots_index":""},"product_brand":[],"product_cat":[150,131,130],"product_tag":[],"class_list":{"0":"post-4962","1":"product","2":"type-product","3":"status-publish","4":"has-post-thumbnail","6":"product_cat-abdeckplane-fur-hochbau","7":"product_cat-heavy-duty-abdeckplane","8":"product_cat-pe-plane","10":"first","11":"instock","12":"shipping-taxable","13":"product-type-simple"},"acf":[],"_links":{"self":[{"href":"https:\/\/roctarps.com\/de\/wp-json\/wp\/v2\/product\/4962","targetHints":{"allow":["GET"]}}],"collection":[{"href":"https:\/\/roctarps.com\/de\/wp-json\/wp\/v2\/product"}],"about":[{"href":"https:\/\/roctarps.com\/de\/wp-json\/wp\/v2\/types\/product"}],"wp:featuredmedia":[{"embeddable":true,"href":"https:\/\/roctarps.com\/de\/wp-json\/wp\/v2\/media\/4817"}],"wp:attachment":[{"href":"https:\/\/roctarps.com\/de\/wp-json\/wp\/v2\/media?parent=4962"}],"wp:term":[{"taxonomy":"product_brand","embeddable":true,"href":"https:\/\/roctarps.com\/de\/wp-json\/wp\/v2\/product_brand?post=4962"},{"taxonomy":"product_cat","embeddable":true,"href":"https:\/\/roctarps.com\/de\/wp-json\/wp\/v2\/product_cat?post=4962"},{"taxonomy":"product_tag","embeddable":true,"href":"https:\/\/roctarps.com\/de\/wp-json\/wp\/v2\/product_tag?post=4962"}],"curies":[{"name":"wp","href":"https:\/\/api.w.org\/{rel}","templated":true}]}}