{"id":4963,"date":"2023-01-04T14:49:59","date_gmt":"2023-01-04T06:49:59","guid":{"rendered":"https:\/\/roctarps.com\/product\/braune-poly-tarps\/"},"modified":"2025-02-25T09:32:16","modified_gmt":"2025-02-25T01:32:16","slug":"braun-poly-tarps","status":"publish","type":"product","link":"https:\/\/roctarps.com\/de\/produkt\/braun-poly-tarps\/","title":{"rendered":"Braune Poly Tarps"},"content":{"rendered":"","protected":false},"excerpt":{"rendered":"<p>Unsere braunen Polyplanen werden aus hochwertigem Polyethylen hergestellt, das mit seinen UV-reflektierenden, wetterfesten, sehr robusten und langlebigen Eigenschaften f\u00fcr eine lange Lebensdauer sorgt. Sie halten Regen, Wind und Hitze stand und eignen sich ideal f\u00fcr die meisten Anwendungen im Freien, z. B. zum Abdecken von Baumaterialien, Ger\u00e4ten, landwirtschaftlichen Erzeugnissen, vor\u00fcbergehenden Abdeckungen f\u00fcr Pools oder Boote, G\u00e4rten, Carports und Brennholz. Wir haben auch andere Farben f\u00fcr Ihre Option.<\/p>\n","protected":false},"featured_media":4760,"template":"","meta":{"_acf_changed":false,"_seopress_robots_primary_cat":"none","_seopress_titles_title":"","_seopress_titles_desc":"","_seopress_robots_index":""},"product_brand":[],"product_cat":[119,130,118],"product_tag":[],"class_list":{"0":"post-4963","1":"product","2":"type-product","3":"status-publish","4":"has-post-thumbnail","6":"product_cat-hdpe-abdeckplane","7":"product_cat-pe-plane","8":"product_cat-wasserdichte-plane","10":"first","11":"instock","12":"shipping-taxable","13":"product-type-simple"},"acf":[],"_links":{"self":[{"href":"https:\/\/roctarps.com\/de\/wp-json\/wp\/v2\/product\/4963","targetHints":{"allow":["GET"]}}],"collection":[{"href":"https:\/\/roctarps.com\/de\/wp-json\/wp\/v2\/product"}],"about":[{"href":"https:\/\/roctarps.com\/de\/wp-json\/wp\/v2\/types\/product"}],"wp:featuredmedia":[{"embeddable":true,"href":"https:\/\/roctarps.com\/de\/wp-json\/wp\/v2\/media\/4760"}],"wp:attachment":[{"href":"https:\/\/roctarps.com\/de\/wp-json\/wp\/v2\/media?parent=4963"}],"wp:term":[{"taxonomy":"product_brand","embeddable":true,"href":"https:\/\/roctarps.com\/de\/wp-json\/wp\/v2\/product_brand?post=4963"},{"taxonomy":"product_cat","embeddable":true,"href":"https:\/\/roctarps.com\/de\/wp-json\/wp\/v2\/product_cat?post=4963"},{"taxonomy":"product_tag","embeddable":true,"href":"https:\/\/roctarps.com\/de\/wp-json\/wp\/v2\/product_tag?post=4963"}],"curies":[{"name":"wp","href":"https:\/\/api.w.org\/{rel}","templated":true}]}}