{"id":4964,"date":"2023-01-05T17:18:13","date_gmt":"2023-01-05T09:18:13","guid":{"rendered":"https:\/\/roctarps.com\/product\/rote-heavy-duty-poly-tarps\/"},"modified":"2025-02-25T09:32:37","modified_gmt":"2025-02-25T01:32:37","slug":"rote-schwerlast-poly-reiszwecken","status":"publish","type":"product","link":"https:\/\/roctarps.com\/de\/produkt\/rote-schwerlast-poly-reiszwecken\/","title":{"rendered":"Rote Heavy Duty Poly Tarps"},"content":{"rendered":"","protected":false},"excerpt":{"rendered":"<p>Unsere roten Heavy-Duty-Poly-Planen sind aus 3 Schichten Polyethylen-Material mit extra starken 1200 Denier-Fasern, diese Planen sind 12 mils dick und haben eine 6 oz pro Quadrat-Yard-Gewicht gemacht. Diese Planen bestehen aus 12 x 14 Maschen pro Quadratzoll, sind 100% wasserdicht und haben verst\u00e4rkte Ecken, was sie perfekt f\u00fcr den Au\u00dfeneinsatz macht.<\/p>\n<p>Die S\u00e4ume sind speziell verst\u00e4rkt und mit einem Seil verschwei\u00dft, um die Haltbarkeit zu erh\u00f6hen. Diese Planen sind s\u00e4ure- und f\u00e4ulnisbest\u00e4ndig sowie schimmelresistent und gew\u00e4hrleisten eine lange Haltbarkeit. Die \u00d6sen, die etwa alle 18 Zentimeter angebracht sind, erm\u00f6glichen ein einfaches Festbinden und eine sichere Befestigung. Und mit ihrer leuchtend roten Farbe auf beiden Seiten sind diese Planen gut sichtbar und in jeder Umgebung leicht zu erkennen.<\/p>\n","protected":false},"featured_media":4818,"template":"","meta":{"_acf_changed":false,"_seopress_robots_primary_cat":"none","_seopress_titles_title":"","_seopress_titles_desc":"","_seopress_robots_index":""},"product_brand":[],"product_cat":[132,131,120],"product_tag":[],"class_list":{"0":"post-4964","1":"product","2":"type-product","3":"status-publish","4":"has-post-thumbnail","6":"product_cat-abdeckplane-fur-transportfahrzeug","7":"product_cat-heavy-duty-abdeckplane","8":"product_cat-planenplane","10":"first","11":"instock","12":"shipping-taxable","13":"product-type-simple"},"acf":[],"_links":{"self":[{"href":"https:\/\/roctarps.com\/de\/wp-json\/wp\/v2\/product\/4964","targetHints":{"allow":["GET"]}}],"collection":[{"href":"https:\/\/roctarps.com\/de\/wp-json\/wp\/v2\/product"}],"about":[{"href":"https:\/\/roctarps.com\/de\/wp-json\/wp\/v2\/types\/product"}],"wp:featuredmedia":[{"embeddable":true,"href":"https:\/\/roctarps.com\/de\/wp-json\/wp\/v2\/media\/4818"}],"wp:attachment":[{"href":"https:\/\/roctarps.com\/de\/wp-json\/wp\/v2\/media?parent=4964"}],"wp:term":[{"taxonomy":"product_brand","embeddable":true,"href":"https:\/\/roctarps.com\/de\/wp-json\/wp\/v2\/product_brand?post=4964"},{"taxonomy":"product_cat","embeddable":true,"href":"https:\/\/roctarps.com\/de\/wp-json\/wp\/v2\/product_cat?post=4964"},{"taxonomy":"product_tag","embeddable":true,"href":"https:\/\/roctarps.com\/de\/wp-json\/wp\/v2\/product_tag?post=4964"}],"curies":[{"name":"wp","href":"https:\/\/api.w.org\/{rel}","templated":true}]}}