{"id":4965,"date":"2023-01-10T10:40:03","date_gmt":"2023-01-10T02:40:03","guid":{"rendered":"https:\/\/roctarps.com\/product\/heavy-duty-blau-silber-poly-tarps\/"},"modified":"2025-02-25T09:27:18","modified_gmt":"2025-02-25T01:27:18","slug":"heavy-duty-blau-silber-poly-tarps","status":"publish","type":"product","link":"https:\/\/roctarps.com\/de\/produkt\/heavy-duty-blau-silber-poly-tarps\/","title":{"rendered":"Heavy Duty Blau Silber Poly Tarps"},"content":{"rendered":"","protected":false},"excerpt":{"rendered":"<p>Unsere strapazierf\u00e4higen, blau-silbernen Polyplanen eignen sich hervorragend f\u00fcr den Einsatz im Freien, da sie handlich, flexibel und leicht sind. Diese Planen bestehen aus 100 % wasserdichtem und verst\u00e4rktem 3-lagigem Polyethylenmaterial, wodurch sie rauen Witterungsbedingungen standhalten, und verf\u00fcgen \u00fcber starke Denier-Fasern f\u00fcr zus\u00e4tzliche Haltbarkeit.<\/p>\n<p>Die Dicke von 12 Millimetern und die starken Denier-Fasern sorgen f\u00fcr zus\u00e4tzliche Strapazierf\u00e4higkeit, w\u00e4hrend die s\u00e4ure-, schimmel- und verrottungsbest\u00e4ndigen Eigenschaften eine lange Nutzungsdauer gew\u00e4hrleisten. Die haltbaren, w\u00e4rmegeschwei\u00dften N\u00e4hte und das strapazierf\u00e4hige Seil mit verst\u00e4rkten Kanten sorgen f\u00fcr zus\u00e4tzliche Festigkeit und Unterst\u00fctzung. Unsere Planen sind in verschiedenen Gr\u00f6\u00dfen erh\u00e4ltlich, und Ultraviolett wird je nach Bedarf hinzugef\u00fcgt. Verwenden Sie diese Planen f\u00fcr Veranstaltungen im Freien, zur Abdeckung von Ausr\u00fcstung und mehr.<\/p>\n","protected":false},"featured_media":4825,"template":"","meta":{"_acf_changed":false,"_seopress_robots_primary_cat":"none","_seopress_titles_title":"","_seopress_titles_desc":"","_seopress_robots_index":""},"product_brand":[],"product_cat":[140,131,130],"product_tag":[],"class_list":{"0":"post-4965","1":"product","2":"type-product","3":"status-publish","4":"has-post-thumbnail","6":"product_cat-ausenbereich-gartenplane","7":"product_cat-heavy-duty-abdeckplane","8":"product_cat-pe-plane","10":"first","11":"instock","12":"shipping-taxable","13":"product-type-simple"},"acf":[],"_links":{"self":[{"href":"https:\/\/roctarps.com\/de\/wp-json\/wp\/v2\/product\/4965","targetHints":{"allow":["GET"]}}],"collection":[{"href":"https:\/\/roctarps.com\/de\/wp-json\/wp\/v2\/product"}],"about":[{"href":"https:\/\/roctarps.com\/de\/wp-json\/wp\/v2\/types\/product"}],"wp:featuredmedia":[{"embeddable":true,"href":"https:\/\/roctarps.com\/de\/wp-json\/wp\/v2\/media\/4825"}],"wp:attachment":[{"href":"https:\/\/roctarps.com\/de\/wp-json\/wp\/v2\/media?parent=4965"}],"wp:term":[{"taxonomy":"product_brand","embeddable":true,"href":"https:\/\/roctarps.com\/de\/wp-json\/wp\/v2\/product_brand?post=4965"},{"taxonomy":"product_cat","embeddable":true,"href":"https:\/\/roctarps.com\/de\/wp-json\/wp\/v2\/product_cat?post=4965"},{"taxonomy":"product_tag","embeddable":true,"href":"https:\/\/roctarps.com\/de\/wp-json\/wp\/v2\/product_tag?post=4965"}],"curies":[{"name":"wp","href":"https:\/\/api.w.org\/{rel}","templated":true}]}}