{"id":4966,"date":"2023-01-05T13:45:54","date_gmt":"2023-01-05T05:45:54","guid":{"rendered":"https:\/\/roctarps.com\/product\/gruen-silber-poly-tarps\/"},"modified":"2025-02-25T09:32:33","modified_gmt":"2025-02-25T01:32:33","slug":"grun-silberne-poly-teerosen","status":"publish","type":"product","link":"https:\/\/roctarps.com\/de\/produkt\/grun-silberne-poly-teerosen\/","title":{"rendered":"Gr\u00fcn Silber Poly Tarps"},"content":{"rendered":"","protected":false},"excerpt":{"rendered":"<p>Unsere gr\u00fcn-silbernen Polyplanen sind eine vielseitige und wirtschaftliche L\u00f6sung f\u00fcr alle Ihre Bed\u00fcrfnisse im Freien, denn sie bestehen aus starkem Polyethylen-Material, das 100% wasserdicht ist und eine St\u00e4rke von 5 mil hat. Diese Planen sind 5 mils dick und haben spezielle Fasern, die sie rei\u00dffest, s\u00e4urefest, f\u00e4ulnis- und schimmelresistent machen. Die S\u00e4ume sind au\u00dferdem mit Seil verst\u00e4rkt, um sie noch st\u00e4rker zu machen.<\/p>\n<p>Diese Planen haben ein Gewicht von 3 Unzen pro Quadratmeter und werden aus starken Denier-Fasern hergestellt, was sie zu einer zuverl\u00e4ssigen Wahl f\u00fcr die Bereitstellung von Schatten und Schutz macht. Sie sind kosteng\u00fcnstig und damit eine erschwingliche Option f\u00fcr eine Vielzahl von Anwendungen.<\/p>\n<p>Die Oberseite der Planen ist gr\u00fcn und die Unterseite silbern, und die \u00d6sen sind etwa. alle 36 Zoll f\u00fcr eine einfache Verankerung und Installation. Bitte beachten Sie, dass unsere Planen zugeschnitten sind, d.h. die fertige Gr\u00f6\u00dfe wird etwas kleiner sein als die angegebene Gr\u00f6\u00dfe.<\/p>\n<p>Alles in allem sind diese gr\u00fcn-silbernen Polyplanen eine dauerhafte und zuverl\u00e4ssige Wahl f\u00fcr alle Ihre Abdeckungsanforderungen im Freien.<\/p>\n<p>Die Aluminium\u00f6sen, etwa alle 36 Zentimeter, sowie die verst\u00e4rkten Ecken und S\u00e4ume mit Seil sorgen f\u00fcr zus\u00e4tzliche Stabilit\u00e4t und Halt. Diese Planen haben au\u00dferdem spezielle hitzeverschwei\u00dfte N\u00e4hte, die eine lange Lebensdauer gew\u00e4hrleisten. Beachten Sie, dass die fertige Gr\u00f6\u00dfe der Plane etwas kleiner sein kann als die angegebene Gr\u00f6\u00dfe. Bitte beachten Sie, dass es sich bei diesen Planen um zugeschnittene Gr\u00f6\u00dfen handelt, wobei die fertige Gr\u00f6\u00dfe etwas kleiner ist. Sch\u00fctzen Sie Ihr Hab und Gut und bewahren Sie es vor den Elementen mit gr\u00fcnen Polyplanen.<\/p>\n","protected":false},"featured_media":4826,"template":"","meta":{"_acf_changed":false,"_seopress_robots_primary_cat":"none","_seopress_titles_title":"","_seopress_titles_desc":"","_seopress_robots_index":""},"product_brand":[],"product_cat":[119,145,118],"product_tag":[],"class_list":{"0":"post-4966","1":"product","2":"type-product","3":"status-publish","4":"has-post-thumbnail","6":"product_cat-hdpe-abdeckplane","7":"product_cat-plane-fur-die-landwirtschaftliche-landwirtschaft","8":"product_cat-wasserdichte-plane","10":"first","11":"instock","12":"shipping-taxable","13":"product-type-simple"},"acf":[],"_links":{"self":[{"href":"https:\/\/roctarps.com\/de\/wp-json\/wp\/v2\/product\/4966","targetHints":{"allow":["GET"]}}],"collection":[{"href":"https:\/\/roctarps.com\/de\/wp-json\/wp\/v2\/product"}],"about":[{"href":"https:\/\/roctarps.com\/de\/wp-json\/wp\/v2\/types\/product"}],"wp:featuredmedia":[{"embeddable":true,"href":"https:\/\/roctarps.com\/de\/wp-json\/wp\/v2\/media\/4826"}],"wp:attachment":[{"href":"https:\/\/roctarps.com\/de\/wp-json\/wp\/v2\/media?parent=4966"}],"wp:term":[{"taxonomy":"product_brand","embeddable":true,"href":"https:\/\/roctarps.com\/de\/wp-json\/wp\/v2\/product_brand?post=4966"},{"taxonomy":"product_cat","embeddable":true,"href":"https:\/\/roctarps.com\/de\/wp-json\/wp\/v2\/product_cat?post=4966"},{"taxonomy":"product_tag","embeddable":true,"href":"https:\/\/roctarps.com\/de\/wp-json\/wp\/v2\/product_tag?post=4966"}],"curies":[{"name":"wp","href":"https:\/\/api.w.org\/{rel}","templated":true}]}}