{"id":4967,"date":"2022-12-27T15:52:13","date_gmt":"2022-12-27T07:52:13","guid":{"rendered":"https:\/\/roctarps.com\/product\/blaue-poly-tarps\/"},"modified":"2025-02-25T09:32:13","modified_gmt":"2025-02-25T01:32:13","slug":"blau-poly-tarps","status":"publish","type":"product","link":"https:\/\/roctarps.com\/de\/produkt\/blau-poly-tarps\/","title":{"rendered":"Blaue Poly Tarps"},"content":{"rendered":"","protected":false},"excerpt":{"rendered":"<p>Eine blaue Polyplane ist eine wasserdichte und witterungsbest\u00e4ndige Abdeckung aus dem Material Polyethylen. Er ist in der Regel blau, kann aber auch in anderen Farben wie Gr\u00fcn, Silber und Braun vorkommen. Blaue Polyplanen werden h\u00e4ufig in einer Vielzahl von Anwendungen eingesetzt, z. B. auf dem Bau, im Landschaftsbau und bei Veranstaltungen im Freien. Sie sind f\u00fcr ihre Langlebigkeit und Vielseitigkeit bekannt, da sie zum Abdecken und Sch\u00fctzen einer Vielzahl von Gegenst\u00e4nden, einschlie\u00dflich Maschinen, Fahrzeugen und Baumaterialien, verwendet werden k\u00f6nnen. Sie sind au\u00dferdem leicht zu reinigen und zu pflegen, was sie zu einer beliebten Wahl f\u00fcr diejenigen macht, die eine zuverl\u00e4ssige und kosteng\u00fcnstige L\u00f6sung f\u00fcr ihre Plane suchen.<\/p>\n","protected":false},"featured_media":4816,"template":"","meta":{"_acf_changed":false,"_seopress_robots_primary_cat":"none","_seopress_titles_title":"","_seopress_titles_desc":"","_seopress_robots_index":""},"product_brand":[],"product_cat":[150,130,118],"product_tag":[],"class_list":{"0":"post-4967","1":"product","2":"type-product","3":"status-publish","4":"has-post-thumbnail","6":"product_cat-abdeckplane-fur-hochbau","7":"product_cat-pe-plane","8":"product_cat-wasserdichte-plane","10":"first","11":"instock","12":"shipping-taxable","13":"product-type-simple"},"acf":[],"_links":{"self":[{"href":"https:\/\/roctarps.com\/de\/wp-json\/wp\/v2\/product\/4967","targetHints":{"allow":["GET"]}}],"collection":[{"href":"https:\/\/roctarps.com\/de\/wp-json\/wp\/v2\/product"}],"about":[{"href":"https:\/\/roctarps.com\/de\/wp-json\/wp\/v2\/types\/product"}],"wp:featuredmedia":[{"embeddable":true,"href":"https:\/\/roctarps.com\/de\/wp-json\/wp\/v2\/media\/4816"}],"wp:attachment":[{"href":"https:\/\/roctarps.com\/de\/wp-json\/wp\/v2\/media?parent=4967"}],"wp:term":[{"taxonomy":"product_brand","embeddable":true,"href":"https:\/\/roctarps.com\/de\/wp-json\/wp\/v2\/product_brand?post=4967"},{"taxonomy":"product_cat","embeddable":true,"href":"https:\/\/roctarps.com\/de\/wp-json\/wp\/v2\/product_cat?post=4967"},{"taxonomy":"product_tag","embeddable":true,"href":"https:\/\/roctarps.com\/de\/wp-json\/wp\/v2\/product_tag?post=4967"}],"curies":[{"name":"wp","href":"https:\/\/api.w.org\/{rel}","templated":true}]}}