{"id":4968,"date":"2023-01-09T15:39:50","date_gmt":"2023-01-09T07:39:50","guid":{"rendered":"https:\/\/roctarps.com\/product\/blau-orange-poly-tarps\/"},"modified":"2025-02-25T09:27:18","modified_gmt":"2025-02-25T01:27:18","slug":"blau-orange-poly-tarps","status":"publish","type":"product","link":"https:\/\/roctarps.com\/de\/produkt\/blau-orange-poly-tarps\/","title":{"rendered":"Blau Orange Poly Tarps"},"content":{"rendered":"","protected":false},"excerpt":{"rendered":"<p>Unsere blau-orangenen Polyplanen sind die perfekte L\u00f6sung f\u00fcr Ihren Au\u00dfeneinsatz. Diese Planen sind aus 3-4 oz\/q yard, 4-5 MIL dickem, 100% hochdichtem, gewebtem Polyethylenmaterial hergestellt, wodurch sie 100% wasserdicht sind und rauen Wetterbedingungen standhalten. Das 10 x 8-Gewebe verleiht der Plane zus\u00e4tzliche Festigkeit, w\u00e4hrend die seilverst\u00e4rkten, ges\u00e4umten R\u00e4nder f\u00fcr noch mehr Haltbarkeit sorgen.<\/p>\n<p>Die blau-orange Farbe sieht in jedem Au\u00dfenbereich gro\u00dfartig aus, z. B. bei Abdeckungen f\u00fcr Terrassenm\u00f6bel, Grillabdeckungen und Motorradabdeckungen. Sie sind wind-, f\u00e4ulnis- und schimmelbest\u00e4ndig und eignen sich daher perfekt als Abdeckungen f\u00fcr Brennholz, Klimaanlagen und Rasentraktoren.<\/p>\n","protected":false},"featured_media":4822,"template":"","meta":{"_acf_changed":false,"_seopress_robots_primary_cat":"none","_seopress_titles_title":"","_seopress_titles_desc":"","_seopress_robots_index":""},"product_brand":[],"product_cat":[119,130,145],"product_tag":[],"class_list":{"0":"post-4968","1":"product","2":"type-product","3":"status-publish","4":"has-post-thumbnail","6":"product_cat-hdpe-abdeckplane","7":"product_cat-pe-plane","8":"product_cat-plane-fur-die-landwirtschaftliche-landwirtschaft","10":"first","11":"instock","12":"shipping-taxable","13":"product-type-simple"},"acf":[],"_links":{"self":[{"href":"https:\/\/roctarps.com\/de\/wp-json\/wp\/v2\/product\/4968","targetHints":{"allow":["GET"]}}],"collection":[{"href":"https:\/\/roctarps.com\/de\/wp-json\/wp\/v2\/product"}],"about":[{"href":"https:\/\/roctarps.com\/de\/wp-json\/wp\/v2\/types\/product"}],"wp:featuredmedia":[{"embeddable":true,"href":"https:\/\/roctarps.com\/de\/wp-json\/wp\/v2\/media\/4822"}],"wp:attachment":[{"href":"https:\/\/roctarps.com\/de\/wp-json\/wp\/v2\/media?parent=4968"}],"wp:term":[{"taxonomy":"product_brand","embeddable":true,"href":"https:\/\/roctarps.com\/de\/wp-json\/wp\/v2\/product_brand?post=4968"},{"taxonomy":"product_cat","embeddable":true,"href":"https:\/\/roctarps.com\/de\/wp-json\/wp\/v2\/product_cat?post=4968"},{"taxonomy":"product_tag","embeddable":true,"href":"https:\/\/roctarps.com\/de\/wp-json\/wp\/v2\/product_tag?post=4968"}],"curies":[{"name":"wp","href":"https:\/\/api.w.org\/{rel}","templated":true}]}}