{"id":4969,"date":"2023-01-04T22:49:46","date_gmt":"2023-01-04T14:49:46","guid":{"rendered":"https:\/\/roctarps.com\/product\/gelbe-poly-tarps\/"},"modified":"2025-02-25T09:32:19","modified_gmt":"2025-02-25T01:32:19","slug":"gelb-poly-tarps","status":"publish","type":"product","link":"https:\/\/roctarps.com\/de\/produkt\/gelb-poly-tarps\/","title":{"rendered":"Gelbe Poly Tarps"},"content":{"rendered":"","protected":false},"excerpt":{"rendered":"<p>Unsere gelben Polyplanen sind perfekt f\u00fcr den Schutz Ihrer Sachen im Freien. Sie bestehen aus sehr starken 1200 Denier Fasern und haben eine Maschenzahl von 14&#215;14 pro Quadratzoll. Das macht sie besonders langlebig und widerstandsf\u00e4hig gegen alle Wetterbedingungen. Die Planen sind au\u00dferdem wasserdicht und sch\u00fctzen vor den sch\u00e4dlichen UV-Strahlen der Sonne. Sie sind mit \u00d6sen oder Metallringen versehen, die in einem Abstand von 18 Zoll an allen Seiten angebracht sind, so dass sie leicht zu befestigen sind. Die fertige Gr\u00f6\u00dfe der Planen ist 6 Zoll oder nur ein wenig kleiner als angegeben, und sie sind etwa 10-12 mils dick. Bitte beachten Sie, dass die Farbe leicht variieren kann.<\/p>\n","protected":false},"featured_media":4790,"template":"","meta":{"_acf_changed":false,"_seopress_robots_primary_cat":"none","_seopress_titles_title":"","_seopress_titles_desc":"","_seopress_robots_index":""},"product_brand":[],"product_cat":[150,140,130],"product_tag":[],"class_list":{"0":"post-4969","1":"product","2":"type-product","3":"status-publish","4":"has-post-thumbnail","6":"product_cat-abdeckplane-fur-hochbau","7":"product_cat-ausenbereich-gartenplane","8":"product_cat-pe-plane","10":"first","11":"instock","12":"shipping-taxable","13":"product-type-simple"},"acf":[],"_links":{"self":[{"href":"https:\/\/roctarps.com\/de\/wp-json\/wp\/v2\/product\/4969","targetHints":{"allow":["GET"]}}],"collection":[{"href":"https:\/\/roctarps.com\/de\/wp-json\/wp\/v2\/product"}],"about":[{"href":"https:\/\/roctarps.com\/de\/wp-json\/wp\/v2\/types\/product"}],"wp:featuredmedia":[{"embeddable":true,"href":"https:\/\/roctarps.com\/de\/wp-json\/wp\/v2\/media\/4790"}],"wp:attachment":[{"href":"https:\/\/roctarps.com\/de\/wp-json\/wp\/v2\/media?parent=4969"}],"wp:term":[{"taxonomy":"product_brand","embeddable":true,"href":"https:\/\/roctarps.com\/de\/wp-json\/wp\/v2\/product_brand?post=4969"},{"taxonomy":"product_cat","embeddable":true,"href":"https:\/\/roctarps.com\/de\/wp-json\/wp\/v2\/product_cat?post=4969"},{"taxonomy":"product_tag","embeddable":true,"href":"https:\/\/roctarps.com\/de\/wp-json\/wp\/v2\/product_tag?post=4969"}],"curies":[{"name":"wp","href":"https:\/\/api.w.org\/{rel}","templated":true}]}}