{"id":4970,"date":"2023-01-09T11:05:06","date_gmt":"2023-01-09T03:05:06","guid":{"rendered":"https:\/\/roctarps.com\/product\/blaue-kunststoff-polyplanen\/"},"modified":"2025-02-25T09:27:05","modified_gmt":"2025-02-25T01:27:05","slug":"sparsame-blaue-kunststoff-poly-plane","status":"publish","type":"product","link":"https:\/\/roctarps.com\/de\/produkt\/sparsame-blaue-kunststoff-poly-plane\/","title":{"rendered":"Blaue Kunststoff-Polyplanen"},"content":{"rendered":"","protected":false},"excerpt":{"rendered":"<p>Unsere blauen Kunststoffplanen sind aus 100% wasserdichten, gewebten und beschichteten Polyethylenfasern hergestellt. Diese Planen sind ideal f\u00fcr den Schutz im Freien, da sie rei\u00dffest, abriebfest, UV-best\u00e4ndig, s\u00e4urefest, verrottungsfest und schimmelbest\u00e4ndig sind. Die S\u00e4ume sind mit Seil verst\u00e4rkt, um die Festigkeit und Haltbarkeit zu erh\u00f6hen, und die hei\u00dfgeschwei\u00dften N\u00e4hte halten Wasser ab.<\/p>\n<p>5-6 mils Dicke und 2-3,5 oz\/yd\u00b2 (60-110 GSM) sind leicht und bequem f\u00fcr die einzelnen Griffe. werden aus starken Denier-Fasern hergestellt, die starker Beanspruchung standhalten k\u00f6nnen. Sie sind in verschiedenen Gr\u00f6\u00dfen und Farben erh\u00e4ltlich, so dass Sie die perfekte L\u00f6sung f\u00fcr Ihre Bed\u00fcrfnisse finden k\u00f6nnen.<\/p>\n<p>Bitte beachten Sie, dass diese Planen Economy-Qualit\u00e4t sind und die fertige Gr\u00f6\u00dfe etwas kleiner ist (6&#8243;- 8&#8243;) als die zugeschnittene Gr\u00f6\u00dfe.<\/p>\n","protected":false},"featured_media":4819,"template":"","meta":{"_acf_changed":false,"_seopress_robots_primary_cat":"none","_seopress_titles_title":"","_seopress_titles_desc":"","_seopress_robots_index":""},"product_brand":[],"product_cat":[119,120,118],"product_tag":[],"class_list":{"0":"post-4970","1":"product","2":"type-product","3":"status-publish","4":"has-post-thumbnail","6":"product_cat-hdpe-abdeckplane","7":"product_cat-planenplane","8":"product_cat-wasserdichte-plane","10":"first","11":"instock","12":"shipping-taxable","13":"product-type-simple"},"acf":[],"_links":{"self":[{"href":"https:\/\/roctarps.com\/de\/wp-json\/wp\/v2\/product\/4970","targetHints":{"allow":["GET"]}}],"collection":[{"href":"https:\/\/roctarps.com\/de\/wp-json\/wp\/v2\/product"}],"about":[{"href":"https:\/\/roctarps.com\/de\/wp-json\/wp\/v2\/types\/product"}],"wp:featuredmedia":[{"embeddable":true,"href":"https:\/\/roctarps.com\/de\/wp-json\/wp\/v2\/media\/4819"}],"wp:attachment":[{"href":"https:\/\/roctarps.com\/de\/wp-json\/wp\/v2\/media?parent=4970"}],"wp:term":[{"taxonomy":"product_brand","embeddable":true,"href":"https:\/\/roctarps.com\/de\/wp-json\/wp\/v2\/product_brand?post=4970"},{"taxonomy":"product_cat","embeddable":true,"href":"https:\/\/roctarps.com\/de\/wp-json\/wp\/v2\/product_cat?post=4970"},{"taxonomy":"product_tag","embeddable":true,"href":"https:\/\/roctarps.com\/de\/wp-json\/wp\/v2\/product_tag?post=4970"}],"curies":[{"name":"wp","href":"https:\/\/api.w.org\/{rel}","templated":true}]}}