{"id":4971,"date":"2023-01-04T15:15:27","date_gmt":"2023-01-04T07:15:27","guid":{"rendered":"https:\/\/roctarps.com\/product\/weisse-poly-tarps-fuer-hohe-beanspruchung\/"},"modified":"2025-02-25T09:32:19","modified_gmt":"2025-02-25T01:32:19","slug":"schwerlast-poly-teppiche-weis","status":"publish","type":"product","link":"https:\/\/roctarps.com\/de\/produkt\/schwerlast-poly-teppiche-weis\/","title":{"rendered":"Wei\u00dfe Poly Tarps f\u00fcr hohe Beanspruchung"},"content":{"rendered":"","protected":false},"excerpt":{"rendered":"<p>Die strapazierf\u00e4higen wei\u00dfen Polyplanen bieten hervorragenden Schutz vor den Elementen. Diese 100% wasserdichten Planen aus hochwertigem, wasser- und verrottungsbest\u00e4ndigem Polyethylen sind ideal f\u00fcr alle Au\u00dfenbereiche und Baustellen. Die Dicke von 12 mil und das 3-Ply-Poly-Material von 6 oz pro Quadrat-Yard machen es unglaublich haltbar, perfekt f\u00fcr raue Umgebungen und langfristige Nutzung.<\/p>\n","protected":false},"featured_media":4820,"template":"","meta":{"_acf_changed":false,"_seopress_robots_primary_cat":"none","_seopress_titles_title":"","_seopress_titles_desc":"","_seopress_robots_index":""},"product_brand":[],"product_cat":[119,131,120],"product_tag":[],"class_list":{"0":"post-4971","1":"product","2":"type-product","3":"status-publish","4":"has-post-thumbnail","6":"product_cat-hdpe-abdeckplane","7":"product_cat-heavy-duty-abdeckplane","8":"product_cat-planenplane","10":"first","11":"instock","12":"shipping-taxable","13":"product-type-simple"},"acf":[],"_links":{"self":[{"href":"https:\/\/roctarps.com\/de\/wp-json\/wp\/v2\/product\/4971","targetHints":{"allow":["GET"]}}],"collection":[{"href":"https:\/\/roctarps.com\/de\/wp-json\/wp\/v2\/product"}],"about":[{"href":"https:\/\/roctarps.com\/de\/wp-json\/wp\/v2\/types\/product"}],"wp:featuredmedia":[{"embeddable":true,"href":"https:\/\/roctarps.com\/de\/wp-json\/wp\/v2\/media\/4820"}],"wp:attachment":[{"href":"https:\/\/roctarps.com\/de\/wp-json\/wp\/v2\/media?parent=4971"}],"wp:term":[{"taxonomy":"product_brand","embeddable":true,"href":"https:\/\/roctarps.com\/de\/wp-json\/wp\/v2\/product_brand?post=4971"},{"taxonomy":"product_cat","embeddable":true,"href":"https:\/\/roctarps.com\/de\/wp-json\/wp\/v2\/product_cat?post=4971"},{"taxonomy":"product_tag","embeddable":true,"href":"https:\/\/roctarps.com\/de\/wp-json\/wp\/v2\/product_tag?post=4971"}],"curies":[{"name":"wp","href":"https:\/\/api.w.org\/{rel}","templated":true}]}}