{"id":7277,"date":"2025-02-11T16:54:42","date_gmt":"2025-02-11T08:54:42","guid":{"rendered":"https:\/\/roctarps.com\/product\/wasserdichter-pe-beschichteter-rechteckiger-gartenbeutel-bodenbeutel-fuer-wachsende-pflanzgefaesse\/"},"modified":"2025-02-11T16:54:42","modified_gmt":"2025-02-11T08:54:42","slug":"wasserdichter-pe-beschichteter-rechteckiger-gartenbeutel-bodenbeutel-fuer-wachsende-pflanzgefaesse","status":"publish","type":"product","link":"https:\/\/roctarps.com\/de\/produkt\/wasserdichter-pe-beschichteter-rechteckiger-gartenbeutel-bodenbeutel-fuer-wachsende-pflanzgefaesse\/","title":{"rendered":"Wasserdichter PE-beschichteter rechteckiger Gartenbeutel-Bodenbeutel f\u00fcr wachsende Pflanzgef\u00e4\u00dfe"},"content":{"rendered":"","protected":false},"excerpt":{"rendered":"","protected":false},"featured_media":6374,"template":"","meta":{"_acf_changed":false,"_seopress_robots_primary_cat":"none","_seopress_titles_title":"","_seopress_titles_desc":"","_seopress_robots_index":""},"product_brand":[],"product_cat":[102],"product_tag":[],"class_list":{"0":"post-7277","1":"product","2":"type-product","3":"status-publish","4":"has-post-thumbnail","6":"product_cat-planenabdeckungen","8":"first","9":"instock","10":"shipping-taxable","11":"product-type-simple"},"acf":[],"_links":{"self":[{"href":"https:\/\/roctarps.com\/de\/wp-json\/wp\/v2\/product\/7277","targetHints":{"allow":["GET"]}}],"collection":[{"href":"https:\/\/roctarps.com\/de\/wp-json\/wp\/v2\/product"}],"about":[{"href":"https:\/\/roctarps.com\/de\/wp-json\/wp\/v2\/types\/product"}],"wp:featuredmedia":[{"embeddable":true,"href":"https:\/\/roctarps.com\/de\/wp-json\/wp\/v2\/media\/6374"}],"wp:attachment":[{"href":"https:\/\/roctarps.com\/de\/wp-json\/wp\/v2\/media?parent=7277"}],"wp:term":[{"taxonomy":"product_brand","embeddable":true,"href":"https:\/\/roctarps.com\/de\/wp-json\/wp\/v2\/product_brand?post=7277"},{"taxonomy":"product_cat","embeddable":true,"href":"https:\/\/roctarps.com\/de\/wp-json\/wp\/v2\/product_cat?post=7277"},{"taxonomy":"product_tag","embeddable":true,"href":"https:\/\/roctarps.com\/de\/wp-json\/wp\/v2\/product_tag?post=7277"}],"curies":[{"name":"wp","href":"https:\/\/api.w.org\/{rel}","templated":true}]}}