{"id":7300,"date":"2025-02-11T16:52:22","date_gmt":"2025-02-11T08:52:22","guid":{"rendered":"https:\/\/roctarps.com\/product\/pe-gardening-grow-bags-mit-toepfen-griffen-fuer-pflanzgefaess-baum-gemuese-obst\/"},"modified":"2025-02-11T16:52:22","modified_gmt":"2025-02-11T08:52:22","slug":"pe-gardening-grow-bags-mit-toepfen-griffen-fuer-pflanzgefaess-baum-gemuese-obst","status":"publish","type":"product","link":"https:\/\/roctarps.com\/de\/produkt\/pe-gardening-grow-bags-mit-toepfen-griffen-fuer-pflanzgefaess-baum-gemuese-obst\/","title":{"rendered":"PE Gardening Grow Bags mit T\u00f6pfen Griffen f\u00fcr Pflanzgef\u00e4\u00df Baum Gem\u00fcse Obst"},"content":{"rendered":"","protected":false},"excerpt":{"rendered":"","protected":false},"featured_media":6638,"template":"","meta":{"_acf_changed":false,"_seopress_robots_primary_cat":"none","_seopress_titles_title":"","_seopress_titles_desc":"","_seopress_robots_index":""},"product_brand":[],"product_cat":[102],"product_tag":[],"class_list":{"0":"post-7300","1":"product","2":"type-product","3":"status-publish","4":"has-post-thumbnail","6":"product_cat-planenabdeckungen","8":"first","9":"instock","10":"shipping-taxable","11":"product-type-simple"},"acf":[],"_links":{"self":[{"href":"https:\/\/roctarps.com\/de\/wp-json\/wp\/v2\/product\/7300","targetHints":{"allow":["GET"]}}],"collection":[{"href":"https:\/\/roctarps.com\/de\/wp-json\/wp\/v2\/product"}],"about":[{"href":"https:\/\/roctarps.com\/de\/wp-json\/wp\/v2\/types\/product"}],"wp:featuredmedia":[{"embeddable":true,"href":"https:\/\/roctarps.com\/de\/wp-json\/wp\/v2\/media\/6638"}],"wp:attachment":[{"href":"https:\/\/roctarps.com\/de\/wp-json\/wp\/v2\/media?parent=7300"}],"wp:term":[{"taxonomy":"product_brand","embeddable":true,"href":"https:\/\/roctarps.com\/de\/wp-json\/wp\/v2\/product_brand?post=7300"},{"taxonomy":"product_cat","embeddable":true,"href":"https:\/\/roctarps.com\/de\/wp-json\/wp\/v2\/product_cat?post=7300"},{"taxonomy":"product_tag","embeddable":true,"href":"https:\/\/roctarps.com\/de\/wp-json\/wp\/v2\/product_tag?post=7300"}],"curies":[{"name":"wp","href":"https:\/\/api.w.org\/{rel}","templated":true}]}}