{"id":7370,"date":"2022-08-10T10:55:04","date_gmt":"2022-08-10T02:55:04","guid":{"rendered":"https:\/\/roctarps.com\/product\/wasserdichte-polyethylen-plane-fuer-autoabdeckung\/"},"modified":"2022-08-10T10:55:04","modified_gmt":"2022-08-10T02:55:04","slug":"wasserdichte-polyethylen-plane-fuer-autoabdeckung","status":"publish","type":"product","link":"https:\/\/roctarps.com\/de\/produkt\/wasserdichte-polyethylen-plane-fuer-autoabdeckung\/","title":{"rendered":"Wasserdichte Polyethylen-Plane f\u00fcr Autoabdeckung"},"content":{"rendered":"<p>350 g\/m\u00b2 Hochleistungs-Poly-Planenplatten bestehen aus verst\u00e4rktem, starkem Poly-Planen-Material mit einer Webmaschenzahl von 16 x 16 pro Quadratzoll. Sie sind strapazierf\u00e4hige Abdeckungen mit Aluminium\u00f6sen, Diese Polyplanen werden als Abdeckung verwendet, die langlebig und wasserdicht ist, z. B. beim Bootfahren, bei leichten LKW-Ladungen, in der Landwirtschaft, beim Bauwesen, bei der Lagerung, bei der Nutzung im Hinterhof und beim Bootfahren. Dar\u00fcber hinaus eignen sich unsere gr\u00f6\u00dferen Polyplanen hervorragend f\u00fcr Sportplatzabdeckungen und Baustellen.  <\/p>\n<p>Diese strapazierf\u00e4higen Abdeckungen umfassen Aluminium\u00f6sen etwa alle 18-24 Zoll rundherum und in jeder Ecke, die S\u00e4ume an allen vier Seiten sind 2 Zoll mit Seil verst\u00e4rkt.<\/p>\n<p>Diese Polyplanen haben eine Schnittgr\u00f6\u00dfe, daher ist die fertige Gr\u00f6\u00dfe etwa 5-7% oder 6-9 Zoll geringer, nachdem die Kanten gefaltet und ACC auf die branchen\u00fcbliche Schnittgr\u00f6\u00dfe ges\u00e4umt wurden.<\/p>\n","protected":false},"excerpt":{"rendered":"<ul>\n<li><strong>Material:<\/strong> Polyethylen (inneres HDPE-Gewebe, LDPE beidseitig laminiert)<\/li>\n<li><strong>Farbe:<\/strong> Doppelwei\u00df, Doppelblau, Doppelsilber, Blauorange, Doppelschwarz, Schwarz\/Wei\u00df, Blau\/Wei\u00df oder nach Kundenwunsch<\/li>\n<li><strong>Fertige Gr\u00f6\u00dfe:<\/strong> 6&#8243; oder 3% weniger Toleranzen<\/li>\n<li><strong>Denier:<\/strong> 600~1500 Denier<\/li>\n<li><strong>Breite:<\/strong> 1,83 m (72 Zoll), 2 m, 2,44 m und 4 m-16 m k\u00f6nnen verf\u00fcgbar sein<\/li>\n<li><strong>L\u00e4nge: <\/strong>Blech 4m,5m und 8m; Rollen Sie 27,5 m (30 Yards), 40 m und 55 m<\/li>\n<li><strong>Anzahl der gewebten Maschen:<\/strong> 6&#215;6~18&#215;18 \/in\u00b2<\/li>\n<li><strong>Faserdicke:<\/strong> 5 ~ 16 mil<\/li>\n<li><strong>Gewicht: <\/strong>40 ~ 450 GSM (Gramm \/ Quadratmeter) 2 ~ 18 OZ \/ yd2 (Unze \/ Quadratmeter)<\/li>\n<li><strong>Behandlung:<\/strong> UV-gefilmtes oder kundenspezifisches Drucklogo nach Kundenwunsch<br \/>\nTan Color auf beiden Seiten<\/li>\n<li><strong>Verpackung:<\/strong> In Rolle, Ballen oder Karton<\/li>\n<li><strong>MOQ:<\/strong> 5 Tonnen<\/li>\n<li><strong>Produktionskapazit\u00e4t:<\/strong> 1500 Tonnen \/ Monat<\/li>\n<li><strong>Lieferzeit:<\/strong> 10-15 Tage nach Erhalt von 30% Anzahlung und endg\u00fcltiger Best\u00e4tigung<\/li>\n<li><strong>Zahlungsbedingungen:<\/strong> T\/T oder L\/C auf Sicht<\/li>\n<li><strong>Ladekapazit\u00e4t des Containers:<\/strong> Rollen 18 Tonnen\/20&#8217;GP, 28 Tonnen\/40&#8217;HQ; Ballen 12 Tonnen\/20&#8217;GP, 25 Tonnen\/40&#8217;HQ; Karton 9tons\/20&#8217;GP, 22tons\/40&#8217;HQ<\/li>\n<\/ul>\n","protected":false},"featured_media":4766,"template":"","meta":{"_acf_changed":false,"_seopress_robots_primary_cat":"none","_seopress_titles_title":"","_seopress_titles_desc":"","_seopress_robots_index":""},"product_brand":[],"product_cat":[132,120,118],"product_tag":[],"class_list":{"0":"post-7370","1":"product","2":"type-product","3":"status-publish","4":"has-post-thumbnail","6":"product_cat-abdeckplane-fur-transportfahrzeug","7":"product_cat-planenplane","8":"product_cat-wasserdichte-plane","10":"first","11":"instock","12":"shipping-taxable","13":"product-type-simple"},"acf":[],"_links":{"self":[{"href":"https:\/\/roctarps.com\/de\/wp-json\/wp\/v2\/product\/7370","targetHints":{"allow":["GET"]}}],"collection":[{"href":"https:\/\/roctarps.com\/de\/wp-json\/wp\/v2\/product"}],"about":[{"href":"https:\/\/roctarps.com\/de\/wp-json\/wp\/v2\/types\/product"}],"wp:featuredmedia":[{"embeddable":true,"href":"https:\/\/roctarps.com\/de\/wp-json\/wp\/v2\/media\/4766"}],"wp:attachment":[{"href":"https:\/\/roctarps.com\/de\/wp-json\/wp\/v2\/media?parent=7370"}],"wp:term":[{"taxonomy":"product_brand","embeddable":true,"href":"https:\/\/roctarps.com\/de\/wp-json\/wp\/v2\/product_brand?post=7370"},{"taxonomy":"product_cat","embeddable":true,"href":"https:\/\/roctarps.com\/de\/wp-json\/wp\/v2\/product_cat?post=7370"},{"taxonomy":"product_tag","embeddable":true,"href":"https:\/\/roctarps.com\/de\/wp-json\/wp\/v2\/product_tag?post=7370"}],"curies":[{"name":"wp","href":"https:\/\/api.w.org\/{rel}","templated":true}]}}