{"id":7386,"date":"2022-10-26T14:04:39","date_gmt":"2022-10-26T06:04:39","guid":{"rendered":"https:\/\/roctarps.com\/product\/12x20-blau-heavy-duty-poly-plane-fuer-auto\/"},"modified":"2022-10-26T14:04:39","modified_gmt":"2022-10-26T06:04:39","slug":"12x20-blau-heavy-duty-poly-plane-fuer-auto","status":"publish","type":"product","link":"https:\/\/roctarps.com\/de\/produkt\/12x20-blau-heavy-duty-poly-plane-fuer-auto\/","title":{"rendered":"12&#215;20 Blau Heavy Duty Poly Plane f\u00fcr Auto"},"content":{"rendered":"<p>Unsere Polyplanen sind in verschiedenen St\u00e4rken und GSM von leicht bis schwer und in vielen Farben f\u00fcr Ihre Auswahl erh\u00e4ltlich: Blau, Orange, Silber und mehr. Sie k\u00f6nnen aus Produkten wie strapazierf\u00e4higen Polyplanen, wasserdichten Abdeckfolien, durchsichtigen Polyplanen und mehr w\u00e4hlen. Wir haben auch kundenspezifische Polyplanen f\u00fcr Baustellen, D\u00e4cher, Landwirtschafts- und Industrieanlagenabdeckungen.  <\/p>\n","protected":false},"excerpt":{"rendered":"<p>Unsere 12 x 20 blauen Hochleistungsplanen bestehen aus hochwertigem, gewebtem, behandeltem Gewebe f\u00fcr Langlebigkeit und haben rostfreie \u00d6sen, um eine lange Lebensdauer zu gew\u00e4hrleisten. 12 x 20 Fu\u00df ist eine perfekte Gr\u00f6\u00dfe f\u00fcr mittlere Fl\u00e4chen und Anwendungen und ist die fertige Gr\u00f6\u00dfe, aber normalerweise sind die eigentlichen Polyplanen kleiner als die auf der Markierung gezeigte Gesamtgr\u00f6\u00dfe. Sie sind ideal f\u00fcr die Abdeckung Ihres Lastwagens, Autos, Motorrads, Daches, Gartens, Ihrer H\u00fctte, Ihrer Gartenm\u00f6bel oder Ihres Kinderbeckens. Und Sie k\u00f6nnen es zum Campen verwenden, um den Boden Ihres Zeltes vor Steinen und Feuchtigkeit zu sch\u00fctzen, ein Picknick vorzubereiten oder Ihr Lagerfeuer vor Regen zu sch\u00fctzen. Decken Sie jegliches Bauholz, Brennholz und so ziemlich alles andere ab.    <\/p>\n","protected":false},"featured_media":4733,"template":"","meta":{"_acf_changed":false,"_seopress_robots_primary_cat":"none","_seopress_titles_title":"","_seopress_titles_desc":"","_seopress_robots_index":""},"product_brand":[],"product_cat":[119,131,118],"product_tag":[],"class_list":{"0":"post-7386","1":"product","2":"type-product","3":"status-publish","4":"has-post-thumbnail","6":"product_cat-hdpe-abdeckplane","7":"product_cat-heavy-duty-abdeckplane","8":"product_cat-wasserdichte-plane","10":"first","11":"instock","12":"shipping-taxable","13":"product-type-simple"},"acf":[],"_links":{"self":[{"href":"https:\/\/roctarps.com\/de\/wp-json\/wp\/v2\/product\/7386","targetHints":{"allow":["GET"]}}],"collection":[{"href":"https:\/\/roctarps.com\/de\/wp-json\/wp\/v2\/product"}],"about":[{"href":"https:\/\/roctarps.com\/de\/wp-json\/wp\/v2\/types\/product"}],"wp:featuredmedia":[{"embeddable":true,"href":"https:\/\/roctarps.com\/de\/wp-json\/wp\/v2\/media\/4733"}],"wp:attachment":[{"href":"https:\/\/roctarps.com\/de\/wp-json\/wp\/v2\/media?parent=7386"}],"wp:term":[{"taxonomy":"product_brand","embeddable":true,"href":"https:\/\/roctarps.com\/de\/wp-json\/wp\/v2\/product_brand?post=7386"},{"taxonomy":"product_cat","embeddable":true,"href":"https:\/\/roctarps.com\/de\/wp-json\/wp\/v2\/product_cat?post=7386"},{"taxonomy":"product_tag","embeddable":true,"href":"https:\/\/roctarps.com\/de\/wp-json\/wp\/v2\/product_tag?post=7386"}],"curies":[{"name":"wp","href":"https:\/\/api.w.org\/{rel}","templated":true}]}}