{"id":7395,"date":"2022-08-08T11:29:27","date_gmt":"2022-08-08T03:29:27","guid":{"rendered":"https:\/\/roctarps.com\/product\/200-gsm-hdpe-pe-abdeckplane\/"},"modified":"2022-08-08T11:29:27","modified_gmt":"2022-08-08T03:29:27","slug":"200-gsm-hdpe-pe-abdeckplane","status":"publish","type":"product","link":"https:\/\/roctarps.com\/de\/produkt\/200-gsm-hdpe-pe-abdeckplane\/","title":{"rendered":"200 GSM HDPE PE Abdeckplane"},"content":{"rendered":"<p>200 GSM HDPE PE Abdeckplanen sind eine Mehrzweckabdeckung und sie sind die wirtschaftlichste Wahl in unserem Sortiment an Polyplanen. Es handelt sich um langlebige und starke Abdeckungen, die zu 100 Prozent wasserdicht und best\u00e4ndig gegen UV-Strahlen, Risse, Abrieb, Einstiche, S\u00e4ure, Fett, \u00d6l und Mehltau sind. <\/p>\n<p>Diese Planen geh\u00f6ren zu unseren meistverkauften Artikeln, die sich ideal f\u00fcr LKW-, Industrie-, Ausr\u00fcstungs-, Gewerbe-, Lager- und landwirtschaftliche Anwendungen eignen. Dar\u00fcber hinaus sind sie in der Lage, vor\u00fcbergehend vor Elementen wie Regen, Schmutz und Schnee zu sch\u00fctzen, w\u00e4hrend sie gleichzeitig leicht und leicht zu man\u00f6vrieren sind. <\/p>\n","protected":false},"excerpt":{"rendered":"<ul>\n<li><strong>Material:<\/strong> Polyethylen (inneres HDPE-Gewebe, LDPE beidseitig laminiert)<\/li>\n<li><strong>Farbe:<\/strong> Doppelwei\u00df, Doppelblau, Doppelsilber, Blauorange, Doppelschwarz, Schwarz\/Wei\u00df, Blau\/Wei\u00df oder nach Kundenwunsch<\/li>\n<li><strong>Fertige Gr\u00f6\u00dfe:<\/strong> 6&#8243; oder 3% weniger Toleranzen<\/li>\n<li><strong>Denier:<\/strong> 600~1500 Denier<\/li>\n<li><strong>Breite:<\/strong> 1,83 m (72 Zoll), 2 m, 2,44 m und 4 m-16 m k\u00f6nnen verf\u00fcgbar sein<\/li>\n<li><strong>L\u00e4nge: <\/strong>Blech 4m,5m und 8m; Rollen Sie 27,5 m (30 Yards), 40 m und 55 m<\/li>\n<li><strong>Anzahl der gewebten Maschen:<\/strong> 6&#215;6~18&#215;18 \/in\u00b2<\/li>\n<li><strong>Faserdicke:<\/strong> 5 ~ 16 mil<\/li>\n<li><strong>Gewicht: <\/strong>40 ~ 450 GSM (Gramm \/ Quadratmeter) 2 ~ 18 OZ \/ yd2 (Unze \/ Quadratmeter)<\/li>\n<li><strong>Behandlung:<\/strong> UV-gefilmtes oder kundenspezifisches Drucklogo nach Kundenwunsch<br \/>\nTan Color auf beiden Seiten<\/li>\n<li><strong>Verpackung:<\/strong> In Rolle, Ballen oder Karton<\/li>\n<li><strong>MOQ:<\/strong> 5 Tonnen<\/li>\n<li><strong>Produktionskapazit\u00e4t:<\/strong> 1500 Tonnen \/ Monat<\/li>\n<li><strong>Lieferzeit:<\/strong> 10-15 Tage nach Erhalt von 30% Anzahlung und endg\u00fcltiger Best\u00e4tigung<\/li>\n<li><strong>Zahlungsbedingungen:<\/strong> T\/T oder L\/C auf Sicht<\/li>\n<li><strong>Ladekapazit\u00e4t des Containers:<\/strong> Rollen 18 Tonnen\/20&#8217;GP, 28 Tonnen\/40&#8217;HQ; Ballen 12 Tonnen\/20&#8217;GP, 25 Tonnen\/40&#8217;HQ; Karton 9tons\/20&#8217;GP, 22tons\/40&#8217;HQ<\/li>\n<\/ul>\n","protected":false},"featured_media":4684,"template":"","meta":{"_acf_changed":false,"_seopress_robots_primary_cat":"none","_seopress_titles_title":"","_seopress_titles_desc":"","_seopress_robots_index":""},"product_brand":[],"product_cat":[150,119,120],"product_tag":[],"class_list":{"0":"post-7395","1":"product","2":"type-product","3":"status-publish","4":"has-post-thumbnail","6":"product_cat-abdeckplane-fur-hochbau","7":"product_cat-hdpe-abdeckplane","8":"product_cat-planenplane","10":"first","11":"instock","12":"shipping-taxable","13":"product-type-simple"},"acf":[],"_links":{"self":[{"href":"https:\/\/roctarps.com\/de\/wp-json\/wp\/v2\/product\/7395","targetHints":{"allow":["GET"]}}],"collection":[{"href":"https:\/\/roctarps.com\/de\/wp-json\/wp\/v2\/product"}],"about":[{"href":"https:\/\/roctarps.com\/de\/wp-json\/wp\/v2\/types\/product"}],"wp:featuredmedia":[{"embeddable":true,"href":"https:\/\/roctarps.com\/de\/wp-json\/wp\/v2\/media\/4684"}],"wp:attachment":[{"href":"https:\/\/roctarps.com\/de\/wp-json\/wp\/v2\/media?parent=7395"}],"wp:term":[{"taxonomy":"product_brand","embeddable":true,"href":"https:\/\/roctarps.com\/de\/wp-json\/wp\/v2\/product_brand?post=7395"},{"taxonomy":"product_cat","embeddable":true,"href":"https:\/\/roctarps.com\/de\/wp-json\/wp\/v2\/product_cat?post=7395"},{"taxonomy":"product_tag","embeddable":true,"href":"https:\/\/roctarps.com\/de\/wp-json\/wp\/v2\/product_tag?post=7395"}],"curies":[{"name":"wp","href":"https:\/\/api.w.org\/{rel}","templated":true}]}}