{"id":3395,"date":"2022-06-27T17:05:39","date_gmt":"2022-06-27T09:05:39","guid":{"rendered":"https:\/\/roctarps.com\/preguntas-frecuentes\/"},"modified":"2025-02-14T13:59:03","modified_gmt":"2025-02-14T05:59:03","slug":"preguntas-frecuentes","status":"publish","type":"page","link":"https:\/\/roctarps.com\/es\/preguntas-frecuentes\/","title":{"rendered":"Preguntas m\u00e1s frecuentes"},"content":{"rendered":"\n<div class=\"wp-block-kadence-rowlayout aligncenter\"><div id=\"kt-layout-id_b01002-04\" class=\"kt-row-layout-inner kt-layout-id_b01002-04\"><div class=\"kt-row-column-wrap kt-has-1-columns kt-gutter-default kt-v-gutter-default kt-row-valign-middle kt-row-layout-equal kt-tab-layout-inherit kt-m-colapse-left-to-right kt-mobile-layout-row kb-theme-content-width\">\n<div class=\"wp-block-kadence-column inner-column-1 kadence-column_7b2dfe-35\"><div class=\"kt-inside-inner-col\">\n<div class=\"wp-block-kadence-tabs alignnone\"><div class=\"kt-tabs-wrap kt-tabs-id_dd56cf-7b kt-tabs-has-4-tabs kt-active-tab-1 kt-tabs-layout-tabs kt-tabs-tablet-layout-inherit kt-tabs-mobile-layout-accordion kt-tab-alignment-left kt-create-accordion\" style=\"max-width:none\"><ul class=\"kt-tabs-title-list\"><li id=\"tab-delivery\" class=\"kt-title-item kt-title-item-1 kt-tabs-svg-show-always kt-tabs-icon-side-right kt-tab-title-active\"><a href=\"#tab-delivery\" data-tab=\"1\" class=\"kt-tab-title kt-tab-title-1 \"><span class=\"kt-title-text\">Delivery<\/span><\/a><\/li><li id=\"tab-packaging\" class=\"kt-title-item kt-title-item-2 kt-tabs-svg-show-always kt-tabs-icon-side-right kt-tab-title-inactive\"><a href=\"#tab-packaging\" data-tab=\"2\" class=\"kt-tab-title kt-tab-title-2 \"><span class=\"kt-title-text\">Packaging<\/span><\/a><\/li><li id=\"tab-payment\" class=\"kt-title-item kt-title-item-3 kt-tabs-svg-show-always kt-tabs-icon-side-right kt-tab-title-inactive\"><a href=\"#tab-payment\" data-tab=\"3\" class=\"kt-tab-title kt-tab-title-3 \"><span class=\"kt-title-text\">Payment<\/span><\/a><\/li><li id=\"tab-knowledge\" class=\"kt-title-item kt-title-item-4 kt-tabs-svg-show-always kt-tabs-icon-side-right kt-tab-title-inactive\"><a href=\"#tab-knowledge\" data-tab=\"4\" class=\"kt-tab-title kt-tab-title-4 \"><span class=\"kt-title-text\">Knowledge<\/span><\/a><\/li><\/ul><div class=\"kt-tabs-content-wrap\">\n<div class=\"wp-block-kadence-tab kt-tab-inner-content kt-inner-tab-1 kt-inner-tab_745b7f-24\"><div class=\"kt-tab-inner-content-inner\">\n<div class=\"wp-block-kadence-accordion alignnone\"><div class=\"kt-accordion-wrap kt-accordion-wrap kt-accordion-id_9de074-88 kt-accordion-has-2-panes kt-active-pane-0 kt-accordion-block kt-pane-header-alignment-left kt-accodion-icon-style-arrow kt-accodion-icon-side-right\" style=\"max-width:none\"><div class=\"kt-accordion-inner-wrap\" data-allow-multiple-open=\"false\" data-start-open=\"none\">\n<div class=\"wp-block-kadence-pane kt-accordion-pane kt-accordion-pane-1 kt-pane_971b0d-65\"><div class=\"kt-accordion-header-wrap\"><button class=\"kt-blocks-accordion-header kt-acccordion-button-label-show\"><span class=\"kt-blocks-accordion-title-wrap\"><span class=\"kt-blocks-accordion-title\">How do you arrange the tarpaulin rolls and sheets delivery?<\/span><\/span><span class=\"kt-blocks-accordion-icon-trigger\"><\/span><\/button><\/div><div class=\"kt-accordion-panel\"><div class=\"kt-accordion-panel-inner\">\n<p>Por lo general, enviamos las lonas a todo el mundo por mar. Los productos estar\u00e1n en un contenedor de env\u00edo al llegar al puerto. Usted ser\u00e1 responsable de recoger su env\u00edo y el despacho de aduanas de su parte.  <\/p>\n\n\n\n<p>Pero en algunos casos, podemos entregar la mercanc\u00eda de otras maneras:<\/p>\n\n\n\n<p>Carga a\u00e9rea: Para pedidos urgentes y peque\u00f1os, podemos enviar los productos a su mano por aire, es r\u00e1pido y el costo tambi\u00e9n es caro.<\/p>\n\n\n\n<p>Entregue las mercanc\u00edas a su transportista en China: Si tiene alg\u00fan transportista (o socio) en China (Guangzhou, Yiwu, Shenzhen), podemos entregar las mercanc\u00edas en su lugar y ellos pueden encargarse de la entrega por usted despu\u00e9s de recibir las mercanc\u00edas.<\/p>\n<\/div><\/div><\/div>\n<\/div><\/div><\/div>\n<\/div><\/div>\n\n\n\n<div class=\"wp-block-kadence-tab kt-tab-inner-content kt-inner-tab-2 kt-inner-tab_fe9971-0e\"><div class=\"kt-tab-inner-content-inner\">\n<div class=\"wp-block-kadence-accordion alignnone\"><div class=\"kt-accordion-wrap kt-accordion-wrap kt-accordion-id_1776ec-f9 kt-accordion-has-2-panes kt-active-pane-0 kt-accordion-block kt-pane-header-alignment-left kt-accodion-icon-style-arrow kt-accodion-icon-side-right\" style=\"max-width:none\"><div class=\"kt-accordion-inner-wrap\" data-allow-multiple-open=\"false\" data-start-open=\"none\">\n<div class=\"wp-block-kadence-pane kt-accordion-pane kt-accordion-pane-1 kt-pane_36aadb-04\"><div class=\"kt-accordion-header-wrap\"><button class=\"kt-blocks-accordion-header kt-acccordion-button-label-show\"><span class=\"kt-blocks-accordion-title-wrap\"><span class=\"kt-blocks-accordion-title\">What\u2019s the packaging of the tarpaulin rolls and sheets?<\/span><\/span><span class=\"kt-blocks-accordion-icon-trigger\"><\/span><\/button><\/div><div class=\"kt-accordion-panel\"><div class=\"kt-accordion-panel-inner\">\n<p>Por lo general, proporcionamos bolsas, pacas o cajas de cart\u00f3n o embalajes para las hojas de lona, y empacamos los rollos en tubos de n\u00facleo de papel y envueltos en la misma tela de lona.<\/p>\n\n\n\n<p>Entendemos el poder del marketing de marca. Podemos proporcionar una soluci\u00f3n de empaque \u00fanica para su pedido, como etiquetas de marca personalizadas en los rollos y dise\u00f1os personalizados para sus cajas de cart\u00f3n. Si desea una soluci\u00f3n visual diferente para su negocio, hable libremente con nosotros ahora, contamos con un equipo de dise\u00f1o interno para ayudarlo.  <\/p>\n\n\n\n<p>Para ver las im\u00e1genes del empaque, consulte esta p\u00e1gina.<\/p>\n<\/div><\/div><\/div>\n<\/div><\/div><\/div>\n<\/div><\/div>\n\n\n\n<div class=\"wp-block-kadence-tab kt-tab-inner-content kt-inner-tab-3 kt-inner-tab_0018bc-e2\"><div class=\"kt-tab-inner-content-inner\">\n<div class=\"wp-block-kadence-accordion alignnone\"><div class=\"kt-accordion-wrap kt-accordion-wrap kt-accordion-id_354ab9-6d kt-accordion-has-2-panes kt-active-pane-0 kt-accordion-block kt-pane-header-alignment-left kt-accodion-icon-style-arrow kt-accodion-icon-side-right\" style=\"max-width:none\"><div class=\"kt-accordion-inner-wrap\" data-allow-multiple-open=\"false\" data-start-open=\"none\">\n<div class=\"wp-block-kadence-pane kt-accordion-pane kt-accordion-pane-1 kt-pane_9c2d13-c0\"><div class=\"kt-accordion-header-wrap\"><button class=\"kt-blocks-accordion-header kt-acccordion-button-label-show\"><span class=\"kt-blocks-accordion-title-wrap\"><span class=\"kt-blocks-accordion-title\">What\u2019s the payment term of your company?<\/span><\/span><span class=\"kt-blocks-accordion-icon-trigger\"><\/span><\/button><\/div><div class=\"kt-accordion-panel\"><div class=\"kt-accordion-panel-inner\">\n<p>50% T\/T por adelantado y 50% T\/T saldo contra copia B\/L. (Para pedidos peque\u00f1os, preferimos 100% T\/T por adelantado). <\/p>\n\n\n\n<p>Forma de pago:<\/p>\n\n\n\n<p>T\/T, o p\u00e1guenos RMB directamente.<\/p>\n\n\n\n<p>T\/T: T\/T significa transferencia t\u00e9lex. Es el m\u00e9todo de pago m\u00e1s tradicional.<br\/>Si tiene amigos en China, puede dejar que su amigo nos pague RMB. <\/p>\n<\/div><\/div><\/div>\n<\/div><\/div><\/div>\n<\/div><\/div>\n\n\n\n<div class=\"wp-block-kadence-tab kt-tab-inner-content kt-inner-tab-4 kt-inner-tab_c570c8-0c\"><div class=\"kt-tab-inner-content-inner\">\n<div class=\"wp-block-kadence-accordion alignnone\"><div class=\"kt-accordion-wrap kt-accordion-wrap kt-accordion-id_37feed-45 kt-accordion-has-18-panes kt-active-pane-0 kt-accordion-block kt-pane-header-alignment-left kt-accodion-icon-style-arrow kt-accodion-icon-side-right\" style=\"max-width:none\"><div class=\"kt-accordion-inner-wrap\" data-allow-multiple-open=\"false\" data-start-open=\"none\">\n<div class=\"wp-block-kadence-pane kt-accordion-pane kt-accordion-pane-1 kt-pane_914e45-ed\"><div class=\"kt-accordion-header-wrap\"><button class=\"kt-blocks-accordion-header kt-acccordion-button-label-show\"><span class=\"kt-blocks-accordion-title-wrap\"><span class=\"kt-blocks-accordion-title\">What\u2019s Your PE tarpaulins specification?<\/span><\/span><span class=\"kt-blocks-accordion-icon-trigger\"><\/span><\/button><\/div><div class=\"kt-accordion-panel\"><div class=\"kt-accordion-panel-inner\">\n<p>Las lonas de PE vienen en una variedad de especificaciones para satisfacer diferentes necesidades, como tela tejida, espesor de mil\u00e9sima de pulgada, pel\u00edcula de recubrimiento, densidad y GSM, etc. Pero el par\u00e1metro m\u00e1s importante es GSM (gramo \/ metro cuadrado, u onza \/ yarda cuadrada), nuestra gama principalmente GSM es de 40 g\/m\u00b2 a 450 g\/m\u00b2. <\/p>\n\n\n\n<p>Puede leer este art\u00edculo para saber m\u00e1s sobre la especificaci\u00f3n de las lonas de PE.<\/p>\n<\/div><\/div><\/div>\n\n\n\n<div class=\"wp-block-kadence-pane kt-accordion-pane kt-accordion-pane-3 kt-pane_c3a866-97\"><div class=\"kt-accordion-header-wrap\"><button class=\"kt-blocks-accordion-header kt-acccordion-button-label-show\"><span class=\"kt-blocks-accordion-title-wrap\"><span class=\"kt-blocks-accordion-title\">How to Describe tarpaulins when you want to inquire?<\/span><\/span><span class=\"kt-blocks-accordion-icon-trigger\"><\/span><\/button><\/div><div class=\"kt-accordion-panel\"><div class=\"kt-accordion-panel-inner\">\n<p>Necesita tres par\u00e1metros para describir una lona: Ancho, Largo y GSM.<\/p>\n\n\n\n<p>Por ejemplo, una hoja de lona como \u00abAncho x Largo x GSM\u00bb. Por ejemplo, la hoja de lona de 6 m x 6 m x 220 g\/m\u00b2 significa que el ancho de la hoja de lona es de 6 m, la longitud es de 6 m y el peso es de 220 g\/m\u00b2. <\/p>\n<\/div><\/div><\/div>\n\n\n\n<div class=\"wp-block-kadence-pane kt-accordion-pane kt-accordion-pane-4 kt-pane_3578c9-62\"><div class=\"kt-accordion-header-wrap\"><button class=\"kt-blocks-accordion-header kt-acccordion-button-label-show\"><span class=\"kt-blocks-accordion-title-wrap\"><span class=\"kt-blocks-accordion-title\">What if my tarpaulin sheet is not listed on your website?<\/span><\/span><span class=\"kt-blocks-accordion-icon-trigger\"><\/span><\/button><\/div><div class=\"kt-accordion-panel\"><div class=\"kt-accordion-panel-inner\">\n<p>Hay cientos de tama\u00f1os de lona, GSM y colores disponibles, acabamos de enumerar algunos populares en el sitio web. Si no encuentra lo que necesita, env\u00ede un correo electr\u00f3nico a: info@roctarps.com, estaremos encantados de ayudarle. <\/p>\n<\/div><\/div><\/div>\n\n\n\n<div class=\"wp-block-kadence-pane kt-accordion-pane kt-accordion-pane-5 kt-pane_981379-01\"><div class=\"kt-accordion-header-wrap\"><button class=\"kt-blocks-accordion-header kt-acccordion-button-label-show\"><span class=\"kt-blocks-accordion-title-wrap\"><span class=\"kt-blocks-accordion-title\">Are Poly Tarps Waterproof?<\/span><\/span><span class=\"kt-blocks-accordion-icon-trigger\"><\/span><\/button><\/div><div class=\"kt-accordion-panel\"><div class=\"kt-accordion-panel-inner\">\n<p>\u00bfSon impermeables las lonas de polietileno? Esa es una pregunta muy popular, la mayor\u00eda de las lonas de polietileno son impermeables porque las capas de pel\u00edcula laminada de polietileno son naturalmente impermeables. <\/p>\n<\/div><\/div><\/div>\n\n\n\n<div class=\"wp-block-kadence-pane kt-accordion-pane kt-accordion-pane-6 kt-pane_51e1df-b9\"><div class=\"kt-accordion-header-wrap\"><button class=\"kt-blocks-accordion-header kt-acccordion-button-label-show\"><span class=\"kt-blocks-accordion-title-wrap\"><span class=\"kt-blocks-accordion-title\">Are \u201cWater resistant\u201d and \u201cWaterproof\u201d the same meaning?<\/span><\/span><span class=\"kt-blocks-accordion-icon-trigger\"><\/span><\/button><\/div><div class=\"kt-accordion-panel\"><div class=\"kt-accordion-panel-inner\">\n<p>Las lonas \u00abresistentes al agua\u00bb evitar\u00e1n las salpicaduras y los chorros de agua, pero no les ir\u00e1 bien contra charcos o piscinas.<br\/>\u00abRepelente de agua\u00bb no se usa a menudo en el mundo de las lonas, aunque a\u00fan lo encontrar\u00e1s de vez en cuando. Por lo general, significa que la lona es mejor para resistir el agua y tarda m\u00e1s (o m\u00e1s vol\u00famenes) en empaparse. Pero a\u00fan puede pasar.  <\/p>\n\n\n\n<p>\u00abImpermeable\u00bb describe una lona que mantiene completamente el agua fuera, incluso si el agua se acumula.<\/p>\n<\/div><\/div><\/div>\n\n\n\n<div class=\"wp-block-kadence-pane kt-accordion-pane kt-accordion-pane-7 kt-pane_47acbd-89\"><div class=\"kt-accordion-header-wrap\"><button class=\"kt-blocks-accordion-header kt-acccordion-button-label-show\"><span class=\"kt-blocks-accordion-title-wrap\"><span class=\"kt-blocks-accordion-title\">How useful are poly tarps in industries and commercials?<\/span><\/span><span class=\"kt-blocks-accordion-icon-trigger\"><\/span><\/button><\/div><div class=\"kt-accordion-panel\"><div class=\"kt-accordion-panel-inner\">\n<p>Realmente hay demasiadas aplicaciones para las lonas de polietileno en industrias y comerciales. En particular, son extremadamente \u00fatiles para todo tipo de proyectos a corto y largo plazo. <\/p>\n\n\n\n<p>Estas son algunas aplicaciones:<\/p>\n\n\n\n<p>Puede usar lonas de PE para proteger sus suministros de los elementos mientras trabaja en un edificio o proyecto de construcci\u00f3n alrededor de sus sitios.<\/p>\n\n\n\n<p>Proteger los muebles de jard\u00edn de las inclemencias del tiempo<\/p>\n<\/div><\/div><\/div>\n\n\n\n<div class=\"wp-block-kadence-pane kt-accordion-pane kt-accordion-pane-8 kt-pane_c6f119-d7\"><div class=\"kt-accordion-header-wrap\"><button class=\"kt-blocks-accordion-header kt-acccordion-button-label-show\"><span class=\"kt-blocks-accordion-title-wrap\"><span class=\"kt-blocks-accordion-title\">What&#8217;s the difference between PE and PVC tarpaulin?<\/span><\/span><span class=\"kt-blocks-accordion-icon-trigger\"><\/span><\/button><\/div><div class=\"kt-accordion-panel\"><div class=\"kt-accordion-panel-inner\">\n<p>La lona de PE est\u00e1 hecha de material pl\u00e1stico de polietileno y es liviana, limpia y libre de contaminaci\u00f3n.<\/p>\n\n\n\n<p>La lona de PVC es una tela a base de filamento de poli\u00e9ster y un revestimiento de doble cara con resina de pasta de vinilo.<\/p>\n\n\n\n<p>En comparaci\u00f3n con las lonas de PVC, las lonas de polietileno est\u00e1n disponibles en diferentes pesos. Una lona de polietileno es relativamente mejor que una lona de PVC cuando se trata de la capacidad de impermeabilizaci\u00f3n. Las lonas de PVC se utilizan com\u00fanmente para cubrir carpas, veh\u00edculos y camiones y como revestimientos de cama en camiones. Debido a su robustez y resistencia, las lonas de PVC se utilizan para trabajos agr\u00edcolas e industriales pesados. Por otro lado, las lonas de polietileno son adecuadas para usos diarios y temporales.    <\/p>\n\n\n\n<p>Si est\u00e1 buscando una lona rentable para usos diarios y temporales, puede estar seguro de que la lona de PE es la mejor opci\u00f3n. En comparaci\u00f3n con otros tipos de lonas, incluido el PVC, las lonas de polietileno son menos costosas. Esa es una de las principales razones por las que tienen aplicaciones universales.  <\/p>\n<\/div><\/div><\/div>\n\n\n\n<div class=\"wp-block-kadence-pane kt-accordion-pane kt-accordion-pane-17 kt-pane_5099ef-9b\"><div class=\"kt-accordion-header-wrap\"><button class=\"kt-blocks-accordion-header kt-acccordion-button-label-show\"><span class=\"kt-blocks-accordion-title-wrap\"><span class=\"kt-blocks-accordion-title\">What\u2019s Your PE tarpaulins specification?<\/span><\/span><span class=\"kt-blocks-accordion-icon-trigger\"><\/span><\/button><\/div><div class=\"kt-accordion-panel\"><div class=\"kt-accordion-panel-inner\">\n<p>Las lonas de PE vienen en una variedad de especificaciones para satisfacer diferentes necesidades, como tela tejida, espesor de mil\u00e9sima de pulgada, pel\u00edcula de recubrimiento, densidad y GSM, etc. Pero el par\u00e1metro m\u00e1s importante es GSM (gramo \/ metro cuadrado, u onza \/ yarda cuadrada), nuestra gama principalmente GSM es de 40 g\/m\u00b2 a 450 g\/m\u00b2. <\/p>\n\n\n\n<p>Puede leer este art\u00edculo para saber m\u00e1s sobre la especificaci\u00f3n de las lonas de PE.<\/p>\n<\/div><\/div><\/div>\n\n\n\n<div class=\"wp-block-kadence-pane kt-accordion-pane kt-accordion-pane-16 kt-pane_dea116-9e\"><div class=\"kt-accordion-header-wrap\"><button class=\"kt-blocks-accordion-header kt-acccordion-button-label-show\"><span class=\"kt-blocks-accordion-title-wrap\"><span class=\"kt-blocks-accordion-title\">Poly tarps vs vinyl tarps<\/span><\/span><span class=\"kt-blocks-accordion-icon-trigger\"><\/span><\/button><\/div><div class=\"kt-accordion-panel\"><div class=\"kt-accordion-panel-inner\">\n<p>La lona de PE est\u00e1 hecha de material pl\u00e1stico de polietileno y es liviana, limpia y libre de contaminaci\u00f3n.<\/p>\n\n\n\n<p>La lona de PVC es una tela a base de filamento de poli\u00e9ster y un revestimiento de doble cara con resina de pasta de vinilo.<\/p>\n<\/div><\/div><\/div>\n\n\n\n<div class=\"wp-block-kadence-pane kt-accordion-pane kt-accordion-pane-9 kt-pane_d7666b-5f\"><div class=\"kt-accordion-header-wrap\"><button class=\"kt-blocks-accordion-header kt-acccordion-button-label-show\"><span class=\"kt-blocks-accordion-title-wrap\"><span class=\"kt-blocks-accordion-title\">What is HDPE tarpaulin?<\/span><\/span><span class=\"kt-blocks-accordion-icon-trigger\"><\/span><\/button><\/div><div class=\"kt-accordion-panel\"><div class=\"kt-accordion-panel-inner\">\n<p>Las lonas de HDPE son lonas de polietileno de alta densidad, que est\u00e1n hechas de tela de HDPE tejida de primera calidad laminada con LDPE en ambos lados. Hay varias calidades y espesores disponibles que se fabrican utilizando m\u00faltiples capas de HDPE intercaladas entre capas de LDPE en el exterior. Estos tipos de lonas son muy resistentes y son las m\u00e1s adecuadas para aplicaciones en las que hay un gran desgaste.  <\/p>\n<\/div><\/div><\/div>\n\n\n\n<div class=\"wp-block-kadence-pane kt-accordion-pane kt-accordion-pane-10 kt-pane_cbc43a-14\"><div class=\"kt-accordion-header-wrap\"><button class=\"kt-blocks-accordion-header kt-acccordion-button-label-show\"><span class=\"kt-blocks-accordion-title-wrap\"><span class=\"kt-blocks-accordion-title\">How to manufacture PE tarpaulin?<\/span><\/span><span class=\"kt-blocks-accordion-icon-trigger\"><\/span><\/button><\/div><div class=\"kt-accordion-panel\"><div class=\"kt-accordion-panel-inner\">\n<p>La lona de PE est\u00e1 hecha de material pl\u00e1stico de polietileno y es liviana, limpia y libre de contaminaci\u00f3n.<\/p>\n\n\n\n<p>La lona de PVC es una tela a base de filamento de poli\u00e9ster y un revestimiento de doble cara con resina de pasta de vinilo.<\/p>\n<\/div><\/div><\/div>\n\n\n\n<div class=\"wp-block-kadence-pane kt-accordion-pane kt-accordion-pane-11 kt-pane_f47594-44\"><div class=\"kt-accordion-header-wrap\"><button class=\"kt-blocks-accordion-header kt-acccordion-button-label-show\"><span class=\"kt-blocks-accordion-title-wrap\"><span class=\"kt-blocks-accordion-title\">Are polyethylene tarpaulins waterproof?<\/span><\/span><span class=\"kt-blocks-accordion-icon-trigger\"><\/span><\/button><\/div><div class=\"kt-accordion-panel\"><div class=\"kt-accordion-panel-inner\">\n<p>La mayor\u00eda de las lonas de polietileno son impermeables porque las capas de pel\u00edcula laminada de polietileno son naturalmente impermeables.<\/p>\n<\/div><\/div><\/div>\n\n\n\n<div class=\"wp-block-kadence-pane kt-accordion-pane kt-accordion-pane-12 kt-pane_c41763-84\"><div class=\"kt-accordion-header-wrap\"><button class=\"kt-blocks-accordion-header kt-acccordion-button-label-show\"><span class=\"kt-blocks-accordion-title-wrap\"><span class=\"kt-blocks-accordion-title\">How to join two poly tarps<\/span><\/span><span class=\"kt-blocks-accordion-icon-trigger\"><\/span><\/button><\/div><div class=\"kt-accordion-panel\"><div class=\"kt-accordion-panel-inner\">\n<p>Las lonas de polietileno suelen estar hechas de varias capas con una tela de malla tejida intercalada entre dos o m\u00e1s l\u00e1minas de polietileno. El polietileno es el mismo material que se utiliza en cables, tuber\u00edas y contenedores moldeados. Son muchas las f\u00e1bricas que fabrican sus lonas con pl\u00e1sticos reciclados para sus clientes. Sin embargo, nuestros productos de lona de PE est\u00e1n hechos de materiales de polietileno virgen, no de material pl\u00e1stico reciclado.   <\/p>\n<\/div><\/div><\/div>\n\n\n\n<div class=\"wp-block-kadence-pane kt-accordion-pane kt-accordion-pane-13 kt-pane_2f515c-98\"><div class=\"kt-accordion-header-wrap\"><button class=\"kt-blocks-accordion-header kt-acccordion-button-label-show\"><span class=\"kt-blocks-accordion-title-wrap\"><span class=\"kt-blocks-accordion-title\">Are poly tarps breathable?<\/span><\/span><span class=\"kt-blocks-accordion-icon-trigger\"><\/span><\/button><\/div><div class=\"kt-accordion-panel\"><div class=\"kt-accordion-panel-inner\">\n<p>Las lonas de polietileno est\u00e1n hechas de polietileno, que es m\u00e1s duradero, m\u00e1s resistente y tiene una mayor capacidad impermeable en comparaci\u00f3n con otros tipos de material como la lona.<\/p>\n\n\n\n<p>Las lonas de PE son m\u00e1s ligeras y permiten protegerse del sol sin dejar de ser transpirables, gracias a los peque\u00f1os agujeros construidos entre las telas tejidas. Permite el paso de la humedad, el aire y la luz solar. Las lonas de polietileno tienen m\u00e1s resistencia a los rayos UV que otras lonas tradicionales que est\u00e1n hechas de poli\u00e9ster, lona, nailon y polipropileno.  <\/p>\n<\/div><\/div><\/div>\n\n\n\n<div class=\"wp-block-kadence-pane kt-accordion-pane kt-accordion-pane-14 kt-pane_e63aa2-17\"><div class=\"kt-accordion-header-wrap\"><button class=\"kt-blocks-accordion-header kt-acccordion-button-label-show\"><span class=\"kt-blocks-accordion-title-wrap\"><span class=\"kt-blocks-accordion-title\">Are poly tarps UV-resistant?<\/span><\/span><span class=\"kt-blocks-accordion-icon-trigger\"><\/span><\/button><\/div><div class=\"kt-accordion-panel\"><div class=\"kt-accordion-panel-inner\">\n<p>Las lonas de polietileno pueden bloquear hasta el 90% de los rayos UV si se someten a un tratamiento qu\u00edmico tratado con rayos UV durante la fabricaci\u00f3n, ayudar\u00e1n a proteger contra la degradaci\u00f3n de la lona de polietileno de los rayos UV, pero el costo aumentar\u00e1.<\/p>\n<\/div><\/div><\/div>\n\n\n\n<div class=\"wp-block-kadence-pane kt-accordion-pane kt-accordion-pane-15 kt-pane_2dd43a-7a\"><div class=\"kt-accordion-header-wrap\"><button class=\"kt-blocks-accordion-header kt-acccordion-button-label-show\"><span class=\"kt-blocks-accordion-title-wrap\"><span class=\"kt-blocks-accordion-title\">What&#8217;s the PE tarpaulin price?<\/span><\/span><span class=\"kt-blocks-accordion-icon-trigger\"><\/span><\/button><\/div><div class=\"kt-accordion-panel\"><div class=\"kt-accordion-panel-inner\">\n<p>Hay muchos tipos diferentes de lonas de polietileno en nuestras l\u00edneas de lonas de PE,<br\/>antes de que le ofrezcamos nuestra lista de precios, h\u00e1gamelo saber los tama\u00f1os de sus lonas, GSM, colores, grosor y cantidades, as\u00ed como su aplicaci\u00f3n de lonas.<\/p>\n\n\n\n<p>\u00a1As\u00ed que cont\u00e1ctenos y obtenga nuestra nueva lista de precios ahora!<\/p>\n<\/div><\/div><\/div>\n\n\n\n<div class=\"wp-block-kadence-pane kt-accordion-pane kt-accordion-pane-18 kt-pane_04a4ae-82\"><div class=\"kt-accordion-header-wrap\"><button class=\"kt-blocks-accordion-header kt-acccordion-button-label-show\"><span class=\"kt-blocks-accordion-title-wrap\"><span class=\"kt-blocks-accordion-title\">How long do poly tarps last<\/span><\/span><span class=\"kt-blocks-accordion-icon-trigger\"><\/span><\/button><\/div><div class=\"kt-accordion-panel\"><div class=\"kt-accordion-panel-inner\">\n<p>Las lonas de polietileno suelen estar hechas de varias capas con una tela de malla tejida intercalada entre dos o m\u00e1s l\u00e1minas de polietileno. El polietileno es el mismo material que se utiliza en cables, tuber\u00edas y contenedores moldeados. Son muchas las f\u00e1bricas que fabrican sus lonas con pl\u00e1sticos reciclados para sus clientes. Sin embargo, nuestros productos de lona de PE est\u00e1n hechos de materiales de polietileno virgen, no de material pl\u00e1stico reciclado.   <\/p>\n<\/div><\/div><\/div>\n<\/div><\/div><\/div>\n<\/div><\/div>\n<\/div><\/div><\/div>\n<\/div><\/div>\n<\/div><\/div><\/div>\n","protected":false},"excerpt":{"rendered":"","protected":false},"author":1,"featured_media":0,"parent":0,"menu_order":0,"comment_status":"closed","ping_status":"closed","template":"","meta":{"_acf_changed":false,"_seopress_robots_primary_cat":"","_seopress_titles_title":"Preguntas frecuentes sobre el negocio de lonas - ROCtarp","_seopress_titles_desc":"La lona ROC ha estado en la fabricaci\u00f3n de rollos y l\u00e1minas de lona desde 2021. Estas son las preocupaciones m\u00e1s cr\u00edticas de nuestros clientes antes de cerrar el trato. ","_seopress_robots_index":"","footnotes":""},"class_list":["post-3395","page","type-page","status-publish","hentry"],"acf":[],"_links":{"self":[{"href":"https:\/\/roctarps.com\/es\/wp-json\/wp\/v2\/pages\/3395","targetHints":{"allow":["GET"]}}],"collection":[{"href":"https:\/\/roctarps.com\/es\/wp-json\/wp\/v2\/pages"}],"about":[{"href":"https:\/\/roctarps.com\/es\/wp-json\/wp\/v2\/types\/page"}],"author":[{"embeddable":true,"href":"https:\/\/roctarps.com\/es\/wp-json\/wp\/v2\/users\/1"}],"replies":[{"embeddable":true,"href":"https:\/\/roctarps.com\/es\/wp-json\/wp\/v2\/comments?post=3395"}],"version-history":[{"count":4,"href":"https:\/\/roctarps.com\/es\/wp-json\/wp\/v2\/pages\/3395\/revisions"}],"predecessor-version":[{"id":7014,"href":"https:\/\/roctarps.com\/es\/wp-json\/wp\/v2\/pages\/3395\/revisions\/7014"}],"wp:attachment":[{"href":"https:\/\/roctarps.com\/es\/wp-json\/wp\/v2\/media?parent=3395"}],"curies":[{"name":"wp","href":"https:\/\/api.w.org\/{rel}","templated":true}]}}