{"id":3427,"date":"2022-06-27T16:27:47","date_gmt":"2022-06-27T08:27:47","guid":{"rendered":"https:\/\/roctarps.com\/inicio\/"},"modified":"2025-02-14T13:59:03","modified_gmt":"2025-02-14T05:59:03","slug":"inicio","status":"publish","type":"page","link":"https:\/\/roctarps.com\/es\/","title":{"rendered":"Hogar"},"content":{"rendered":"","protected":false},"excerpt":{"rendered":"","protected":false},"author":1,"featured_media":0,"parent":0,"menu_order":0,"comment_status":"closed","ping_status":"closed","template":"","meta":{"_acf_changed":false,"_seopress_robots_primary_cat":"","_seopress_titles_title":"Fabricante y proveedor l\u00edder de lonas en China: ROCtarp","_seopress_titles_desc":"La lona ROC es un fabricante y proveedor l\u00edder de lonas en China. Nuestra f\u00e1brica ofrece varios tipos de lonas. MOQ bajo. Servicio personalizado. Muestras gratis. C\u00edtanos     ","_seopress_robots_index":"","footnotes":""},"class_list":["post-3427","page","type-page","status-publish","hentry"],"acf":[],"_links":{"self":[{"href":"https:\/\/roctarps.com\/es\/wp-json\/wp\/v2\/pages\/3427","targetHints":{"allow":["GET"]}}],"collection":[{"href":"https:\/\/roctarps.com\/es\/wp-json\/wp\/v2\/pages"}],"about":[{"href":"https:\/\/roctarps.com\/es\/wp-json\/wp\/v2\/types\/page"}],"author":[{"embeddable":true,"href":"https:\/\/roctarps.com\/es\/wp-json\/wp\/v2\/users\/1"}],"replies":[{"embeddable":true,"href":"https:\/\/roctarps.com\/es\/wp-json\/wp\/v2\/comments?post=3427"}],"version-history":[{"count":6,"href":"https:\/\/roctarps.com\/es\/wp-json\/wp\/v2\/pages\/3427\/revisions"}],"predecessor-version":[{"id":7009,"href":"https:\/\/roctarps.com\/es\/wp-json\/wp\/v2\/pages\/3427\/revisions\/7009"}],"wp:attachment":[{"href":"https:\/\/roctarps.com\/es\/wp-json\/wp\/v2\/media?parent=3427"}],"curies":[{"name":"wp","href":"https:\/\/api.w.org\/{rel}","templated":true}]}}