{"id":3429,"date":"2023-01-10T10:40:03","date_gmt":"2023-01-10T02:40:03","guid":{"rendered":"https:\/\/roctarps.com\/product\/heavy-duty-azul-plata-poly-tarps\/"},"modified":"2025-02-25T09:27:17","modified_gmt":"2025-02-25T01:27:17","slug":"tarps-poli-azul-plata-pesado","status":"publish","type":"product","link":"https:\/\/roctarps.com\/es\/producto\/tarps-poli-azul-plata-pesado\/","title":{"rendered":"Heavy Duty Azul Plata Poly Tarps"},"content":{"rendered":"","protected":false},"excerpt":{"rendered":"<p>Nuestras resistentes lonas de poli\u00e9ster azul plateado son ideales para uso en exteriores, por su manejabilidad, flexibilidad y ligereza. Estas lonas est\u00e1n fabricadas con material de polietileno de 3 capas 100% impermeable y reforzado, lo que las hace resistentes a las inclemencias del tiempo y cuentan con fuertes fibras denier para una mayor durabilidad.<\/p>\n<p>El grosor de 12 mil y las fuertes fibras denier proporcionan una durabilidad extra, mientras que las propiedades resistentes a los \u00e1cidos, al moho y a la putrefacci\u00f3n garantizan un uso duradero. Las duraderas costuras termosoldadas y la resistente cuerda con bordes reforzados proporcionan resistencia y sujeci\u00f3n adicionales. Nuestras lonas est\u00e1n disponibles en varios tama\u00f1os y se les a\u00f1ade ultravioleta seg\u00fan las necesidades. Utilice estas lonas para eventos al aire libre, cobertura de equipos y mucho m\u00e1s.<\/p>\n","protected":false},"featured_media":3310,"template":"","meta":{"_acf_changed":false,"_seopress_robots_primary_cat":"none","_seopress_titles_title":"","_seopress_titles_desc":"","_seopress_robots_index":""},"product_brand":[],"product_cat":[110,136,106],"product_tag":[],"class_list":{"0":"post-3429","1":"product","2":"type-product","3":"status-publish","4":"has-post-thumbnail","6":"product_cat-lona-de-alta-resistencia","7":"product_cat-lona-de-jardin-al-aire-libre","8":"product_cat-lona-de-pe","10":"first","11":"instock","12":"shipping-taxable","13":"product-type-simple"},"acf":[],"_links":{"self":[{"href":"https:\/\/roctarps.com\/es\/wp-json\/wp\/v2\/product\/3429","targetHints":{"allow":["GET"]}}],"collection":[{"href":"https:\/\/roctarps.com\/es\/wp-json\/wp\/v2\/product"}],"about":[{"href":"https:\/\/roctarps.com\/es\/wp-json\/wp\/v2\/types\/product"}],"wp:featuredmedia":[{"embeddable":true,"href":"https:\/\/roctarps.com\/es\/wp-json\/wp\/v2\/media\/3310"}],"wp:attachment":[{"href":"https:\/\/roctarps.com\/es\/wp-json\/wp\/v2\/media?parent=3429"}],"wp:term":[{"taxonomy":"product_brand","embeddable":true,"href":"https:\/\/roctarps.com\/es\/wp-json\/wp\/v2\/product_brand?post=3429"},{"taxonomy":"product_cat","embeddable":true,"href":"https:\/\/roctarps.com\/es\/wp-json\/wp\/v2\/product_cat?post=3429"},{"taxonomy":"product_tag","embeddable":true,"href":"https:\/\/roctarps.com\/es\/wp-json\/wp\/v2\/product_tag?post=3429"}],"curies":[{"name":"wp","href":"https:\/\/api.w.org\/{rel}","templated":true}]}}