{"id":3430,"date":"2023-01-10T15:23:14","date_gmt":"2023-01-10T07:23:14","guid":{"rendered":"https:\/\/roctarps.com\/product\/lonas-de-poliester-blancas-con-franja-negra-para-refugiados-de-la-onu\/"},"modified":"2025-02-25T09:27:26","modified_gmt":"2025-02-25T01:27:26","slug":"un-refugee-poli-tarps-blancos-con-tiras-negras","status":"publish","type":"product","link":"https:\/\/roctarps.com\/es\/producto\/un-refugee-poli-tarps-blancos-con-tiras-negras\/","title":{"rendered":"Lonas de poli\u00e9ster blancas con franja negra para refugiados de la ONU"},"content":{"rendered":"","protected":false},"excerpt":{"rendered":"<p>Lonas de poli\u00e9ster de la Agencia de la ONU para los Refugiados: la soluci\u00f3n definitiva para refugios de emergencia en campos de desplazados y zonas catastr\u00f3ficas. Fabricadas con material de polietileno duradero e impermeable, estas lonas protegen de las inclemencias meteorol\u00f3gicas, manteniendo a las familias seguras y secas en las peores circunstancias. Estas lonas son lo bastante grandes para dar cobijo a varias familias, y su dise\u00f1o ligero facilita su transporte y montaje r\u00e1pido en situaciones de emergencia.<\/p>\n<p>Estas lonas no s\u00f3lo son funcionales, sino que tambi\u00e9n se han dise\u00f1ado pensando en la seguridad. Se utiliza material reflectante en los bordes de la lona, lo que aumenta la visibilidad y la seguridad en condiciones de poca luz. En colaboraci\u00f3n con la Agencia de la ONU para los Refugiados, estas lonas se distribuyen a quienes las necesitan en campos de desplazados y zonas afectadas por cat\u00e1strofes en todo el mundo.<\/p>\n<p>Al comprar una lona Poly Tarp de la Agencia de la ONU para los Refugiados, no s\u00f3lo proporciona cobijo y seguridad a los necesitados, sino que tambi\u00e9n apoya la importante labor de la ONU en la ayuda a las personas desplazadas y afectadas por cat\u00e1strofes.<\/p>\n","protected":false},"featured_media":3320,"template":"","meta":{"_acf_changed":false,"_seopress_robots_primary_cat":"none","_seopress_titles_title":"","_seopress_titles_desc":"","_seopress_robots_index":""},"product_brand":[],"product_cat":[142,106],"product_tag":[],"class_list":{"0":"post-3430","1":"product","2":"type-product","3":"status-publish","4":"has-post-thumbnail","6":"product_cat-lona-agricola","7":"product_cat-lona-de-pe","9":"first","10":"instock","11":"shipping-taxable","12":"product-type-simple"},"acf":[],"_links":{"self":[{"href":"https:\/\/roctarps.com\/es\/wp-json\/wp\/v2\/product\/3430","targetHints":{"allow":["GET"]}}],"collection":[{"href":"https:\/\/roctarps.com\/es\/wp-json\/wp\/v2\/product"}],"about":[{"href":"https:\/\/roctarps.com\/es\/wp-json\/wp\/v2\/types\/product"}],"wp:featuredmedia":[{"embeddable":true,"href":"https:\/\/roctarps.com\/es\/wp-json\/wp\/v2\/media\/3320"}],"wp:attachment":[{"href":"https:\/\/roctarps.com\/es\/wp-json\/wp\/v2\/media?parent=3430"}],"wp:term":[{"taxonomy":"product_brand","embeddable":true,"href":"https:\/\/roctarps.com\/es\/wp-json\/wp\/v2\/product_brand?post=3430"},{"taxonomy":"product_cat","embeddable":true,"href":"https:\/\/roctarps.com\/es\/wp-json\/wp\/v2\/product_cat?post=3430"},{"taxonomy":"product_tag","embeddable":true,"href":"https:\/\/roctarps.com\/es\/wp-json\/wp\/v2\/product_tag?post=3430"}],"curies":[{"name":"wp","href":"https:\/\/api.w.org\/{rel}","templated":true}]}}