{"id":3432,"date":"2023-01-10T11:50:20","date_gmt":"2023-01-10T03:50:20","guid":{"rendered":"https:\/\/roctarps.com\/product\/lonas-de-poliester-verde-claro\/"},"modified":"2025-02-25T09:27:21","modified_gmt":"2025-02-25T01:27:21","slug":"verde-claro-poli-tarps","status":"publish","type":"product","link":"https:\/\/roctarps.com\/es\/producto\/verde-claro-poli-tarps\/","title":{"rendered":"Lonas de poli\u00e9ster verde claro"},"content":{"rendered":"","protected":false},"excerpt":{"rendered":"<p>Nuestras lonas de poli\u00e9ster verde claro est\u00e1n fabricadas con material de poli\u00e9ster de 3 capas y cuentan con fuertes fibras denier para una mayor durabilidad. Estas lonas de poli\u00e9ster verde claro tienen un peso de tejido de 3 oz. \/ pie cuadrado con un grosor de 5 mils, e incluyen ojales aproximadamente cada 36 pulgadas y dobladillos reforzados con cuerda.<\/p>\n<p>El color verde claro est\u00e1 en ambos lados y para muchas aplicaciones diferentes que son una gran opci\u00f3n para cubrir el equipo, la protecci\u00f3n contra la intemperie, y mucho m\u00e1s. Estas lonas se cortan a medida por lo que terminar\u00e1n ligeramente m\u00e1s peque\u00f1as que la medida mostrada.<\/p>\n","protected":false},"featured_media":3302,"template":"","meta":{"_acf_changed":false,"_seopress_robots_primary_cat":"none","_seopress_titles_title":"","_seopress_titles_desc":"","_seopress_robots_index":""},"product_brand":[],"product_cat":[110,106,147],"product_tag":[],"class_list":{"0":"post-3432","1":"product","2":"type-product","3":"status-publish","4":"has-post-thumbnail","6":"product_cat-lona-de-alta-resistencia","7":"product_cat-lona-de-pe","8":"product_cat-lona-para-la-construccion-de-edificios","10":"first","11":"instock","12":"shipping-taxable","13":"product-type-simple"},"acf":[],"_links":{"self":[{"href":"https:\/\/roctarps.com\/es\/wp-json\/wp\/v2\/product\/3432","targetHints":{"allow":["GET"]}}],"collection":[{"href":"https:\/\/roctarps.com\/es\/wp-json\/wp\/v2\/product"}],"about":[{"href":"https:\/\/roctarps.com\/es\/wp-json\/wp\/v2\/types\/product"}],"wp:featuredmedia":[{"embeddable":true,"href":"https:\/\/roctarps.com\/es\/wp-json\/wp\/v2\/media\/3302"}],"wp:attachment":[{"href":"https:\/\/roctarps.com\/es\/wp-json\/wp\/v2\/media?parent=3432"}],"wp:term":[{"taxonomy":"product_brand","embeddable":true,"href":"https:\/\/roctarps.com\/es\/wp-json\/wp\/v2\/product_brand?post=3432"},{"taxonomy":"product_cat","embeddable":true,"href":"https:\/\/roctarps.com\/es\/wp-json\/wp\/v2\/product_cat?post=3432"},{"taxonomy":"product_tag","embeddable":true,"href":"https:\/\/roctarps.com\/es\/wp-json\/wp\/v2\/product_tag?post=3432"}],"curies":[{"name":"wp","href":"https:\/\/api.w.org\/{rel}","templated":true}]}}