{"id":3433,"date":"2023-01-19T10:07:10","date_gmt":"2023-01-19T02:07:10","guid":{"rendered":"https:\/\/roctarps.com\/product\/leno-mesh-lona-pe-transparente\/"},"modified":"2025-02-25T09:27:26","modified_gmt":"2025-02-25T01:27:26","slug":"leno-mesh-clear-pe-tarpaulin","status":"publish","type":"product","link":"https:\/\/roctarps.com\/es\/producto\/leno-mesh-clear-pe-tarpaulin\/","title":{"rendered":"Leno Mesh Lona PE transparente"},"content":{"rendered":"<p>Nuestras lonas de polietileno verde plata son una soluci\u00f3n vers\u00e1til y econ\u00f3mica para todas sus necesidades al aire libre, ya que est\u00e1n fabricadas con material de polietileno resistente, 100% impermeable y con un grosor de 5 mil. Estas lonas tienen un grosor de 5 mils y cuentan con fibras especiales que las hacen resistentes al desgarro, al \u00e1cido, a la putrefacci\u00f3n y al moho. Los dobladillos tambi\u00e9n est\u00e1n reforzados con cuerda para hacerlos a\u00fan m\u00e1s resistentes.<\/p>\n","protected":false},"excerpt":{"rendered":"<p>La lona de PE transparente est\u00e1 fabricada con un tejido especial resistente y duradero. Es de un color blanco transl\u00facido que permite ver lo que est\u00e1 cubierto. La lona est\u00e1 reforzada con cuerdas blancas cosidas. Esta lona es una buena elecci\u00f3n porque no es demasiado cara pero sigue siendo lo suficientemente resistente como para proteger cosas en el exterior o cubrir materiales de construcci\u00f3n. La lona tambi\u00e9n est\u00e1 tratada para hacerla resistente al agua y a los desgarros, y tambi\u00e9n se puede utilizar en climas muy fr\u00edos. No se puede ver a trav\u00e9s de ella completamente, pero s\u00ed un poco.<\/p>\n","protected":false},"featured_media":3385,"template":"","meta":{"_acf_changed":false,"_seopress_robots_primary_cat":"none","_seopress_titles_title":"","_seopress_titles_desc":"","_seopress_robots_index":""},"product_brand":[],"product_cat":[136,106,108],"product_tag":[152],"class_list":{"0":"post-3433","1":"product","2":"type-product","3":"status-publish","4":"has-post-thumbnail","6":"product_cat-lona-de-jardin-al-aire-libre","7":"product_cat-lona-de-pe","8":"product_cat-lona-de-pead","9":"product_tag-claro","11":"first","12":"instock","13":"shipping-taxable","14":"product-type-simple"},"acf":[],"_links":{"self":[{"href":"https:\/\/roctarps.com\/es\/wp-json\/wp\/v2\/product\/3433","targetHints":{"allow":["GET"]}}],"collection":[{"href":"https:\/\/roctarps.com\/es\/wp-json\/wp\/v2\/product"}],"about":[{"href":"https:\/\/roctarps.com\/es\/wp-json\/wp\/v2\/types\/product"}],"wp:featuredmedia":[{"embeddable":true,"href":"https:\/\/roctarps.com\/es\/wp-json\/wp\/v2\/media\/3385"}],"wp:attachment":[{"href":"https:\/\/roctarps.com\/es\/wp-json\/wp\/v2\/media?parent=3433"}],"wp:term":[{"taxonomy":"product_brand","embeddable":true,"href":"https:\/\/roctarps.com\/es\/wp-json\/wp\/v2\/product_brand?post=3433"},{"taxonomy":"product_cat","embeddable":true,"href":"https:\/\/roctarps.com\/es\/wp-json\/wp\/v2\/product_cat?post=3433"},{"taxonomy":"product_tag","embeddable":true,"href":"https:\/\/roctarps.com\/es\/wp-json\/wp\/v2\/product_tag?post=3433"}],"curies":[{"name":"wp","href":"https:\/\/api.w.org\/{rel}","templated":true}]}}