{"id":3434,"date":"2023-01-10T14:33:43","date_gmt":"2023-01-10T06:33:43","guid":{"rendered":"https:\/\/roctarps.com\/product\/lonas-de-poliester-plateadas-de-alta-resistencia\/"},"modified":"2025-02-25T09:27:21","modified_gmt":"2025-02-25T01:27:21","slug":"plata-pesada-poli-tarps","status":"publish","type":"product","link":"https:\/\/roctarps.com\/es\/producto\/plata-pesada-poli-tarps\/","title":{"rendered":"Lonas de poli\u00e9ster plateadas de alta resistencia"},"content":{"rendered":"","protected":false},"excerpt":{"rendered":"<p>Nuestras lonas plateadas de polietileno de alta resistencia est\u00e1n fabricadas con materiales de polietileno de 3 capas que son densos, duraderos y m\u00e1s pesados que otras lonas. Estas lonas son impermeables, resistentes al desgarro y a la rotura por ambos lados por su grosor de 12 mil, sus fuertes fibras de 1200 deniers y su duradera malla de tejido 14 x 14.<\/p>\n<p>Los ojales de aluminio aproximadamente cada 18 pulgadas en un per\u00edmetro de dobladillo reforzado con cuerda, adem\u00e1s de su impresionante durabilidad, y flexibilidad en una variedad de aplicaciones de cobertura al aire libre. Estas lonas se cortan por lo que terminar\u00e1n aproximadamente 6-8&#8243; m\u00e1s peque\u00f1as que el tama\u00f1o mostrado.<\/p>\n","protected":false},"featured_media":3319,"template":"","meta":{"_acf_changed":false,"_seopress_robots_primary_cat":"none","_seopress_titles_title":"","_seopress_titles_desc":"","_seopress_robots_index":""},"product_brand":[],"product_cat":[142,110,106],"product_tag":[],"class_list":{"0":"post-3434","1":"product","2":"type-product","3":"status-publish","4":"has-post-thumbnail","6":"product_cat-lona-agricola","7":"product_cat-lona-de-alta-resistencia","8":"product_cat-lona-de-pe","10":"first","11":"instock","12":"shipping-taxable","13":"product-type-simple"},"acf":[],"_links":{"self":[{"href":"https:\/\/roctarps.com\/es\/wp-json\/wp\/v2\/product\/3434","targetHints":{"allow":["GET"]}}],"collection":[{"href":"https:\/\/roctarps.com\/es\/wp-json\/wp\/v2\/product"}],"about":[{"href":"https:\/\/roctarps.com\/es\/wp-json\/wp\/v2\/types\/product"}],"wp:featuredmedia":[{"embeddable":true,"href":"https:\/\/roctarps.com\/es\/wp-json\/wp\/v2\/media\/3319"}],"wp:attachment":[{"href":"https:\/\/roctarps.com\/es\/wp-json\/wp\/v2\/media?parent=3434"}],"wp:term":[{"taxonomy":"product_brand","embeddable":true,"href":"https:\/\/roctarps.com\/es\/wp-json\/wp\/v2\/product_brand?post=3434"},{"taxonomy":"product_cat","embeddable":true,"href":"https:\/\/roctarps.com\/es\/wp-json\/wp\/v2\/product_cat?post=3434"},{"taxonomy":"product_tag","embeddable":true,"href":"https:\/\/roctarps.com\/es\/wp-json\/wp\/v2\/product_tag?post=3434"}],"curies":[{"name":"wp","href":"https:\/\/api.w.org\/{rel}","templated":true}]}}