{"id":3435,"date":"2023-01-05T13:45:54","date_gmt":"2023-01-05T05:45:54","guid":{"rendered":"https:\/\/roctarps.com\/product\/lonas-poly-plata-verde\/"},"modified":"2025-02-25T09:32:32","modified_gmt":"2025-02-25T01:32:32","slug":"green-silver-poly-tarps","status":"publish","type":"product","link":"https:\/\/roctarps.com\/es\/producto\/green-silver-poly-tarps\/","title":{"rendered":"Lonas Poly Plata Verde"},"content":{"rendered":"","protected":false},"excerpt":{"rendered":"<p>Nuestras lonas de polietileno verde plata son una soluci\u00f3n vers\u00e1til y econ\u00f3mica para todas sus necesidades al aire libre, ya que est\u00e1n fabricadas con material de polietileno resistente, 100% impermeable y con un grosor de 5 mil. Estas lonas tienen un grosor de 5 mils y cuentan con fibras especiales que las hacen resistentes al desgarro, al \u00e1cido, a la putrefacci\u00f3n y al moho. Los dobladillos tambi\u00e9n est\u00e1n reforzados con cuerda para hacerlos a\u00fan m\u00e1s resistentes.<\/p>\n<p>Estas lonas tienen un peso de 3 onzas por yarda cuadrada y est\u00e1n hechas con fuertes fibras denier, por lo que son una opci\u00f3n fiable para proporcionar sombra y protecci\u00f3n. Son de calidad econ\u00f3mica, lo que las convierte en una opci\u00f3n asequible para una gran variedad de aplicaciones.<\/p>\n<p>La parte superior de las lonas es verde y la inferior plateada, y los ojales son aprox. cada 36 pulgadas para facilitar el amarre y la instalaci\u00f3n. Tenga en cuenta que nuestras lonas son de tama\u00f1o cortado, lo que significa que el tama\u00f1o final ser\u00e1 ligeramente inferior al tama\u00f1o anunciado.<\/p>\n<p>En general, estas lonas de poli\u00e9ster verde plata son una opci\u00f3n duradera y fiable para todas sus necesidades de cobertura de exteriores.<\/p>\n<p>Los ojales de aluminio, aproximadamente cada 36 pulgadas, y las esquinas y dobladillos reforzados con cuerda a\u00f1aden estabilidad y soporte adicionales. Estas lonas tambi\u00e9n tienen costuras termosoldadas especiales para que duren mucho tiempo. Tenga en cuenta que el tama\u00f1o final de la lona puede ser ligeramente inferior al indicado. Tenga en cuenta que estas lonas son de tama\u00f1o cortado, siendo el tama\u00f1o acabado ligeramente inferior. Proteja sus pertenencias y mant\u00e9ngalas a salvo de la intemperie con las lonas de poli\u00e9ster verdes.<\/p>\n","protected":false},"featured_media":3311,"template":"","meta":{"_acf_changed":false,"_seopress_robots_primary_cat":"none","_seopress_titles_title":"","_seopress_titles_desc":"","_seopress_robots_index":""},"product_brand":[],"product_cat":[142,108,107],"product_tag":[],"class_list":{"0":"post-3435","1":"product","2":"type-product","3":"status-publish","4":"has-post-thumbnail","6":"product_cat-lona-agricola","7":"product_cat-lona-de-pead","8":"product_cat-lona-impermeable","10":"first","11":"instock","12":"shipping-taxable","13":"product-type-simple"},"acf":[],"_links":{"self":[{"href":"https:\/\/roctarps.com\/es\/wp-json\/wp\/v2\/product\/3435","targetHints":{"allow":["GET"]}}],"collection":[{"href":"https:\/\/roctarps.com\/es\/wp-json\/wp\/v2\/product"}],"about":[{"href":"https:\/\/roctarps.com\/es\/wp-json\/wp\/v2\/types\/product"}],"wp:featuredmedia":[{"embeddable":true,"href":"https:\/\/roctarps.com\/es\/wp-json\/wp\/v2\/media\/3311"}],"wp:attachment":[{"href":"https:\/\/roctarps.com\/es\/wp-json\/wp\/v2\/media?parent=3435"}],"wp:term":[{"taxonomy":"product_brand","embeddable":true,"href":"https:\/\/roctarps.com\/es\/wp-json\/wp\/v2\/product_brand?post=3435"},{"taxonomy":"product_cat","embeddable":true,"href":"https:\/\/roctarps.com\/es\/wp-json\/wp\/v2\/product_cat?post=3435"},{"taxonomy":"product_tag","embeddable":true,"href":"https:\/\/roctarps.com\/es\/wp-json\/wp\/v2\/product_tag?post=3435"}],"curies":[{"name":"wp","href":"https:\/\/api.w.org\/{rel}","templated":true}]}}