{"id":3436,"date":"2023-01-05T15:29:20","date_gmt":"2023-01-05T07:29:20","guid":{"rendered":"https:\/\/roctarps.com\/product\/lonas-de-polietileno-negras-y-plateadas\/"},"modified":"2025-02-25T09:32:36","modified_gmt":"2025-02-25T01:32:36","slug":"negro-plata-heavy-duty-poly-tarps","status":"publish","type":"product","link":"https:\/\/roctarps.com\/es\/producto\/negro-plata-heavy-duty-poly-tarps\/","title":{"rendered":"Lonas de polietileno negras y plateadas"},"content":{"rendered":"","protected":false},"excerpt":{"rendered":"<p>Nuestras lonas de polietileno negro plateado est\u00e1n fabricadas con material de polietileno de alta resistencia con fibras de 1200 deniers, que son perfectas para usos en exteriores. Nuestras lonas de poli\u00e9ster negras y plateadas tienen un grosor de 10 Mil, 6 onzas por yarda cuadrada y un tejido de 14 x 14 con material de 3 capas que las hace ultraduraderas y resistentes a los desgarros, mientras que las esquinas reforzadas y los dobladillos con cuerda a\u00f1aden una capa extra de protecci\u00f3n.<\/p>\n<p>Los ojales de aluminio cada 18 pulgadas le ofrecen muchos lugares para atarlas y las costuras termosoldadas garantizan que no se deshar\u00e1n. Estas lonas est\u00e1n cortadas a medida, lo que significa que son ligeramente m\u00e1s peque\u00f1as que el tama\u00f1o final.<\/p>\n","protected":false},"featured_media":3306,"template":"","meta":{"_acf_changed":false,"_seopress_robots_primary_cat":"none","_seopress_titles_title":"","_seopress_titles_desc":"","_seopress_robots_index":""},"product_brand":[],"product_cat":[110,111,109],"product_tag":[],"class_list":{"0":"post-3436","1":"product","2":"type-product","3":"status-publish","4":"has-post-thumbnail","6":"product_cat-lona-de-alta-resistencia","7":"product_cat-lona-para-vehiculos-de-transporte","8":"product_cat-sabana-de-lona","10":"first","11":"instock","12":"shipping-taxable","13":"product-type-simple"},"acf":[],"_links":{"self":[{"href":"https:\/\/roctarps.com\/es\/wp-json\/wp\/v2\/product\/3436","targetHints":{"allow":["GET"]}}],"collection":[{"href":"https:\/\/roctarps.com\/es\/wp-json\/wp\/v2\/product"}],"about":[{"href":"https:\/\/roctarps.com\/es\/wp-json\/wp\/v2\/types\/product"}],"wp:featuredmedia":[{"embeddable":true,"href":"https:\/\/roctarps.com\/es\/wp-json\/wp\/v2\/media\/3306"}],"wp:attachment":[{"href":"https:\/\/roctarps.com\/es\/wp-json\/wp\/v2\/media?parent=3436"}],"wp:term":[{"taxonomy":"product_brand","embeddable":true,"href":"https:\/\/roctarps.com\/es\/wp-json\/wp\/v2\/product_brand?post=3436"},{"taxonomy":"product_cat","embeddable":true,"href":"https:\/\/roctarps.com\/es\/wp-json\/wp\/v2\/product_cat?post=3436"},{"taxonomy":"product_tag","embeddable":true,"href":"https:\/\/roctarps.com\/es\/wp-json\/wp\/v2\/product_tag?post=3436"}],"curies":[{"name":"wp","href":"https:\/\/api.w.org\/{rel}","templated":true}]}}