{"id":3437,"date":"2023-01-05T11:13:05","date_gmt":"2023-01-05T03:13:05","guid":{"rendered":"https:\/\/roctarps.com\/product\/lonas-polivinilicas-verdes\/"},"modified":"2025-02-25T09:32:31","modified_gmt":"2025-02-25T01:32:31","slug":"green-poly-tarps","status":"publish","type":"product","link":"https:\/\/roctarps.com\/es\/producto\/green-poly-tarps\/","title":{"rendered":"Lonas Polivin\u00edlicas Verdes"},"content":{"rendered":"","protected":false},"excerpt":{"rendered":"<p>Nuestras lonas poly verdes est\u00e1n hechas de 3 capas de material poly virgen de alta calidad que son muy resistentes y completamente impermeables y se pueden utilizar en el exterior para proteger sus elementos. Estas lonas tienen un tejido muy apretado con 14 x 14 cuadrados por pulgada, lo que las hace extra resistentes, e ideales para su uso en una variedad de condiciones clim\u00e1ticas. Las esquinas y los dobladillos (bordes) tienen un refuerzo adicional con cuerda para garantizar un alto nivel de resistencia y durabilidad.<\/p>\n<p>Los ojales de aluminio, aproximadamente cada 36 pulgadas, y las esquinas y dobladillos reforzados con cuerda a\u00f1aden estabilidad y soporte adicionales. Estas lonas tambi\u00e9n tienen costuras termosoldadas especiales para que duren mucho tiempo. Tenga en cuenta que el tama\u00f1o final de la lona puede ser ligeramente inferior al indicado. Tenga en cuenta que estas lonas son de tama\u00f1o cortado, siendo el tama\u00f1o acabado ligeramente inferior. Proteja sus pertenencias y mant\u00e9ngalas a salvo de la intemperie con las lonas de poli\u00e9ster verdes.<\/p>\n","protected":false},"featured_media":3299,"template":"","meta":{"_acf_changed":false,"_seopress_robots_primary_cat":"none","_seopress_titles_title":"","_seopress_titles_desc":"","_seopress_robots_index":""},"product_brand":[],"product_cat":[106,107,109],"product_tag":[],"class_list":{"0":"post-3437","1":"product","2":"type-product","3":"status-publish","4":"has-post-thumbnail","6":"product_cat-lona-de-pe","7":"product_cat-lona-impermeable","8":"product_cat-sabana-de-lona","10":"first","11":"instock","12":"shipping-taxable","13":"product-type-simple"},"acf":[],"_links":{"self":[{"href":"https:\/\/roctarps.com\/es\/wp-json\/wp\/v2\/product\/3437","targetHints":{"allow":["GET"]}}],"collection":[{"href":"https:\/\/roctarps.com\/es\/wp-json\/wp\/v2\/product"}],"about":[{"href":"https:\/\/roctarps.com\/es\/wp-json\/wp\/v2\/types\/product"}],"wp:featuredmedia":[{"embeddable":true,"href":"https:\/\/roctarps.com\/es\/wp-json\/wp\/v2\/media\/3299"}],"wp:attachment":[{"href":"https:\/\/roctarps.com\/es\/wp-json\/wp\/v2\/media?parent=3437"}],"wp:term":[{"taxonomy":"product_brand","embeddable":true,"href":"https:\/\/roctarps.com\/es\/wp-json\/wp\/v2\/product_brand?post=3437"},{"taxonomy":"product_cat","embeddable":true,"href":"https:\/\/roctarps.com\/es\/wp-json\/wp\/v2\/product_cat?post=3437"},{"taxonomy":"product_tag","embeddable":true,"href":"https:\/\/roctarps.com\/es\/wp-json\/wp\/v2\/product_tag?post=3437"}],"curies":[{"name":"wp","href":"https:\/\/api.w.org\/{rel}","templated":true}]}}