{"id":3438,"date":"2023-01-04T22:49:46","date_gmt":"2023-01-04T14:49:46","guid":{"rendered":"https:\/\/roctarps.com\/product\/lonas-de-poliester-amarillas\/"},"modified":"2025-02-25T09:32:18","modified_gmt":"2025-02-25T01:32:18","slug":"amarillo-poli-tarps","status":"publish","type":"product","link":"https:\/\/roctarps.com\/es\/producto\/amarillo-poli-tarps\/","title":{"rendered":"Lonas de poli\u00e9ster amarillas"},"content":{"rendered":"","protected":false},"excerpt":{"rendered":"<p>Nuestras lonas de poli\u00e9ster amarillas son perfectas para proteger sus cosas en el exterior. Est\u00e1n hechas de fibra muy resistente de 1200 deniers y tienen un recuento de malla de 14&#215;14 por pulgada cuadrada. Esto las hace muy duraderas y capaces de soportar todo tipo de condiciones meteorol\u00f3gicas. Las lonas tambi\u00e9n son impermeables y protegen de los da\u00f1inos rayos UV del sol. Tienen ojales, o anillas met\u00e1licas, separados 18 pulgadas en todos los lados, lo que facilita su atado. El tama\u00f1o final de las lonas es de 15 cm, o un poco menos de lo indicado, y tienen un grosor de entre 10 y 12 mils. Tenga en cuenta que el color puede variar ligeramente.<\/p>\n","protected":false},"featured_media":3275,"template":"","meta":{"_acf_changed":false,"_seopress_robots_primary_cat":"none","_seopress_titles_title":"","_seopress_titles_desc":"","_seopress_robots_index":""},"product_brand":[],"product_cat":[136,106,147],"product_tag":[],"class_list":{"0":"post-3438","1":"product","2":"type-product","3":"status-publish","4":"has-post-thumbnail","6":"product_cat-lona-de-jardin-al-aire-libre","7":"product_cat-lona-de-pe","8":"product_cat-lona-para-la-construccion-de-edificios","10":"first","11":"instock","12":"shipping-taxable","13":"product-type-simple"},"acf":[],"_links":{"self":[{"href":"https:\/\/roctarps.com\/es\/wp-json\/wp\/v2\/product\/3438","targetHints":{"allow":["GET"]}}],"collection":[{"href":"https:\/\/roctarps.com\/es\/wp-json\/wp\/v2\/product"}],"about":[{"href":"https:\/\/roctarps.com\/es\/wp-json\/wp\/v2\/types\/product"}],"wp:featuredmedia":[{"embeddable":true,"href":"https:\/\/roctarps.com\/es\/wp-json\/wp\/v2\/media\/3275"}],"wp:attachment":[{"href":"https:\/\/roctarps.com\/es\/wp-json\/wp\/v2\/media?parent=3438"}],"wp:term":[{"taxonomy":"product_brand","embeddable":true,"href":"https:\/\/roctarps.com\/es\/wp-json\/wp\/v2\/product_brand?post=3438"},{"taxonomy":"product_cat","embeddable":true,"href":"https:\/\/roctarps.com\/es\/wp-json\/wp\/v2\/product_cat?post=3438"},{"taxonomy":"product_tag","embeddable":true,"href":"https:\/\/roctarps.com\/es\/wp-json\/wp\/v2\/product_tag?post=3438"}],"curies":[{"name":"wp","href":"https:\/\/api.w.org\/{rel}","templated":true}]}}