{"id":3439,"date":"2023-01-04T14:49:59","date_gmt":"2023-01-04T06:49:59","guid":{"rendered":"https:\/\/roctarps.com\/product\/lonas-poly-marrones\/"},"modified":"2025-02-25T09:32:15","modified_gmt":"2025-02-25T01:32:15","slug":"brown-poly-tarps","status":"publish","type":"product","link":"https:\/\/roctarps.com\/es\/producto\/brown-poly-tarps\/","title":{"rendered":"Lonas Poly marrones"},"content":{"rendered":"","protected":false},"excerpt":{"rendered":"<p>Nuestras lonas de polietileno marrones est\u00e1n fabricadas con polietileno de alta calidad, que est\u00e1 hecho para durar con caracter\u00edsticas reflectantes del calor UV, resistentes a la intemperie, muy fuertes y duraderas. Soportan condiciones de lluvia, viento y calor, y son ideales para la mayor\u00eda de los usos al aire libre, como cubrir materiales de construcci\u00f3n, equipos, suministros agr\u00edcolas, cubiertas temporales de piscinas o barcos, jardines, cocheras y le\u00f1a. Tambi\u00e9n tenemos otros colores para su opci\u00f3n.<\/p>\n","protected":false},"featured_media":3245,"template":"","meta":{"_acf_changed":false,"_seopress_robots_primary_cat":"none","_seopress_titles_title":"","_seopress_titles_desc":"","_seopress_robots_index":""},"product_brand":[],"product_cat":[106,108,107],"product_tag":[],"class_list":{"0":"post-3439","1":"product","2":"type-product","3":"status-publish","4":"has-post-thumbnail","6":"product_cat-lona-de-pe","7":"product_cat-lona-de-pead","8":"product_cat-lona-impermeable","10":"first","11":"instock","12":"shipping-taxable","13":"product-type-simple"},"acf":[],"_links":{"self":[{"href":"https:\/\/roctarps.com\/es\/wp-json\/wp\/v2\/product\/3439","targetHints":{"allow":["GET"]}}],"collection":[{"href":"https:\/\/roctarps.com\/es\/wp-json\/wp\/v2\/product"}],"about":[{"href":"https:\/\/roctarps.com\/es\/wp-json\/wp\/v2\/types\/product"}],"wp:featuredmedia":[{"embeddable":true,"href":"https:\/\/roctarps.com\/es\/wp-json\/wp\/v2\/media\/3245"}],"wp:attachment":[{"href":"https:\/\/roctarps.com\/es\/wp-json\/wp\/v2\/media?parent=3439"}],"wp:term":[{"taxonomy":"product_brand","embeddable":true,"href":"https:\/\/roctarps.com\/es\/wp-json\/wp\/v2\/product_brand?post=3439"},{"taxonomy":"product_cat","embeddable":true,"href":"https:\/\/roctarps.com\/es\/wp-json\/wp\/v2\/product_cat?post=3439"},{"taxonomy":"product_tag","embeddable":true,"href":"https:\/\/roctarps.com\/es\/wp-json\/wp\/v2\/product_tag?post=3439"}],"curies":[{"name":"wp","href":"https:\/\/api.w.org\/{rel}","templated":true}]}}