{"id":3440,"date":"2023-01-04T15:15:27","date_gmt":"2023-01-04T07:15:27","guid":{"rendered":"https:\/\/roctarps.com\/product\/lonas-de-polietileno-blancas-de-alta-resistencia\/"},"modified":"2025-02-25T09:32:18","modified_gmt":"2025-02-25T01:32:18","slug":"tarps-de-polietileno-de-alta-resistencia","status":"publish","type":"product","link":"https:\/\/roctarps.com\/es\/producto\/tarps-de-polietileno-de-alta-resistencia\/","title":{"rendered":"Lonas de polietileno blancas de alta resistencia"},"content":{"rendered":"","protected":false},"excerpt":{"rendered":"<p>Las lonas de poli\u00e9ster blancas de alta resistencia ofrecen una protecci\u00f3n superior contra los elementos. Fabricadas con material de polietileno de alta calidad resistente al agua y a la putrefacci\u00f3n, estas lonas 100% impermeables son ideales para cualquier espacio exterior o lugar de trabajo. El grosor de 12 mil y el material de poli\u00e9ster de 3 capas de 6 onzas por yarda cuadrada lo hacen incre\u00edblemente duradero, perfecto para entornos dif\u00edciles y uso a largo plazo.<\/p>\n","protected":false},"featured_media":3305,"template":"","meta":{"_acf_changed":false,"_seopress_robots_primary_cat":"none","_seopress_titles_title":"","_seopress_titles_desc":"","_seopress_robots_index":""},"product_brand":[],"product_cat":[110,108,109],"product_tag":[],"class_list":{"0":"post-3440","1":"product","2":"type-product","3":"status-publish","4":"has-post-thumbnail","6":"product_cat-lona-de-alta-resistencia","7":"product_cat-lona-de-pead","8":"product_cat-sabana-de-lona","10":"first","11":"instock","12":"shipping-taxable","13":"product-type-simple"},"acf":[],"_links":{"self":[{"href":"https:\/\/roctarps.com\/es\/wp-json\/wp\/v2\/product\/3440","targetHints":{"allow":["GET"]}}],"collection":[{"href":"https:\/\/roctarps.com\/es\/wp-json\/wp\/v2\/product"}],"about":[{"href":"https:\/\/roctarps.com\/es\/wp-json\/wp\/v2\/types\/product"}],"wp:featuredmedia":[{"embeddable":true,"href":"https:\/\/roctarps.com\/es\/wp-json\/wp\/v2\/media\/3305"}],"wp:attachment":[{"href":"https:\/\/roctarps.com\/es\/wp-json\/wp\/v2\/media?parent=3440"}],"wp:term":[{"taxonomy":"product_brand","embeddable":true,"href":"https:\/\/roctarps.com\/es\/wp-json\/wp\/v2\/product_brand?post=3440"},{"taxonomy":"product_cat","embeddable":true,"href":"https:\/\/roctarps.com\/es\/wp-json\/wp\/v2\/product_cat?post=3440"},{"taxonomy":"product_tag","embeddable":true,"href":"https:\/\/roctarps.com\/es\/wp-json\/wp\/v2\/product_tag?post=3440"}],"curies":[{"name":"wp","href":"https:\/\/api.w.org\/{rel}","templated":true}]}}