{"id":3443,"date":"2023-01-05T17:18:13","date_gmt":"2023-01-05T09:18:13","guid":{"rendered":"https:\/\/roctarps.com\/product\/lonas-de-polietileno-de-alta-resistencia-rojas\/"},"modified":"2025-02-25T09:32:36","modified_gmt":"2025-02-25T01:32:36","slug":"rojo-heavy-duty-poly-tarps","status":"publish","type":"product","link":"https:\/\/roctarps.com\/es\/producto\/rojo-heavy-duty-poly-tarps\/","title":{"rendered":"Lonas de polietileno de alta resistencia rojas"},"content":{"rendered":"","protected":false},"excerpt":{"rendered":"<p>Nuestras lonas rojas de polietileno de alta resistencia est\u00e1n hechas de 3 capas de material de polietileno con fibras extra fuertes de 1200 denier, estas lonas son de 12 mils de espesor y tienen un peso de 6 oz por yarda cuadrada. Estas lonas tienen un patr\u00f3n de malla de 12 x 14 por pulgada cuadrada y son 100% impermeables con esquinas reforzadas, lo que las hace perfectas para su uso en exteriores.<\/p>\n<p>Los dobladillos est\u00e1n especialmente reforzados y termosoldados con cuerda para una mayor durabilidad, y estas lonas son capaces de resistir los \u00e1cidos y la putrefacci\u00f3n, as\u00ed como el moho, lo que garantiza una larga duraci\u00f3n. Los ojales, colocados aproximadamente cada 18 pulgadas, permiten un amarre f\u00e1cil y una sujeci\u00f3n segura. Y con un color rojo brillante en ambos lados, estas lonas son muy visibles y f\u00e1ciles de detectar en cualquier entorno.<\/p>\n","protected":false},"featured_media":3303,"template":"","meta":{"_acf_changed":false,"_seopress_robots_primary_cat":"none","_seopress_titles_title":"","_seopress_titles_desc":"","_seopress_robots_index":""},"product_brand":[],"product_cat":[110,111,109],"product_tag":[],"class_list":{"0":"post-3443","1":"product","2":"type-product","3":"status-publish","4":"has-post-thumbnail","6":"product_cat-lona-de-alta-resistencia","7":"product_cat-lona-para-vehiculos-de-transporte","8":"product_cat-sabana-de-lona","10":"first","11":"instock","12":"shipping-taxable","13":"product-type-simple"},"acf":[],"_links":{"self":[{"href":"https:\/\/roctarps.com\/es\/wp-json\/wp\/v2\/product\/3443","targetHints":{"allow":["GET"]}}],"collection":[{"href":"https:\/\/roctarps.com\/es\/wp-json\/wp\/v2\/product"}],"about":[{"href":"https:\/\/roctarps.com\/es\/wp-json\/wp\/v2\/types\/product"}],"wp:featuredmedia":[{"embeddable":true,"href":"https:\/\/roctarps.com\/es\/wp-json\/wp\/v2\/media\/3303"}],"wp:attachment":[{"href":"https:\/\/roctarps.com\/es\/wp-json\/wp\/v2\/media?parent=3443"}],"wp:term":[{"taxonomy":"product_brand","embeddable":true,"href":"https:\/\/roctarps.com\/es\/wp-json\/wp\/v2\/product_brand?post=3443"},{"taxonomy":"product_cat","embeddable":true,"href":"https:\/\/roctarps.com\/es\/wp-json\/wp\/v2\/product_cat?post=3443"},{"taxonomy":"product_tag","embeddable":true,"href":"https:\/\/roctarps.com\/es\/wp-json\/wp\/v2\/product_tag?post=3443"}],"curies":[{"name":"wp","href":"https:\/\/api.w.org\/{rel}","templated":true}]}}