{"id":3445,"date":"2023-01-09T11:05:06","date_gmt":"2023-01-09T03:05:06","guid":{"rendered":"https:\/\/roctarps.com\/product\/lona-de-plastico-azul-economica\/"},"modified":"2025-02-25T09:27:04","modified_gmt":"2025-02-25T01:27:04","slug":"economy-blue-plastic-poly-tarp","status":"publish","type":"product","link":"https:\/\/roctarps.com\/es\/producto\/economy-blue-plastic-poly-tarp\/","title":{"rendered":"Lona de pl\u00e1stico azul econ\u00f3mica"},"content":{"rendered":"","protected":false},"excerpt":{"rendered":"<p>Nuestras lonas de pl\u00e1stico azules econ\u00f3micas est\u00e1n fabricadas con fibras de polietileno tejidas y recubiertas reforzadas 100% impermeables. Estas lonas son ideales para la protecci\u00f3n de exteriores por sus caracter\u00edsticas de resistencia al desgarro, la abrasi\u00f3n, los rayos UV, los \u00e1cidos, la podredumbre y el moho. Los dobladillos est\u00e1n reforzados con cuerda para mayor resistencia y durabilidad, y las costuras termosoldadas ayudan a mantener el agua fuera.<\/p>\n<p>El grosor de 5-6 mils y 2-3,5 oz\/yd\u00b2(60-110 GSM) son ligeros y c\u00f3modos para las asas individuales. est\u00e1n fabricados con resistentes fibras denier que soportan un gran desgaste. Est\u00e1n disponibles en varios tama\u00f1os y colores, para que pueda encontrar el que mejor se adapte a sus necesidades.<\/p>\n<p>Tenga en cuenta que estas lonas son de calidad econ\u00f3mica y el tama\u00f1o final ser\u00e1 un poco m\u00e1s peque\u00f1o (6 \u00ab- 8\u00bb) que el tama\u00f1o de corte.<\/p>\n","protected":false},"featured_media":3304,"template":"","meta":{"_acf_changed":false,"_seopress_robots_primary_cat":"none","_seopress_titles_title":"","_seopress_titles_desc":"","_seopress_robots_index":""},"product_brand":[],"product_cat":[108,107,109],"product_tag":[],"class_list":{"0":"post-3445","1":"product","2":"type-product","3":"status-publish","4":"has-post-thumbnail","6":"product_cat-lona-de-pead","7":"product_cat-lona-impermeable","8":"product_cat-sabana-de-lona","10":"first","11":"instock","12":"shipping-taxable","13":"product-type-simple"},"acf":[],"_links":{"self":[{"href":"https:\/\/roctarps.com\/es\/wp-json\/wp\/v2\/product\/3445","targetHints":{"allow":["GET"]}}],"collection":[{"href":"https:\/\/roctarps.com\/es\/wp-json\/wp\/v2\/product"}],"about":[{"href":"https:\/\/roctarps.com\/es\/wp-json\/wp\/v2\/types\/product"}],"wp:featuredmedia":[{"embeddable":true,"href":"https:\/\/roctarps.com\/es\/wp-json\/wp\/v2\/media\/3304"}],"wp:attachment":[{"href":"https:\/\/roctarps.com\/es\/wp-json\/wp\/v2\/media?parent=3445"}],"wp:term":[{"taxonomy":"product_brand","embeddable":true,"href":"https:\/\/roctarps.com\/es\/wp-json\/wp\/v2\/product_brand?post=3445"},{"taxonomy":"product_cat","embeddable":true,"href":"https:\/\/roctarps.com\/es\/wp-json\/wp\/v2\/product_cat?post=3445"},{"taxonomy":"product_tag","embeddable":true,"href":"https:\/\/roctarps.com\/es\/wp-json\/wp\/v2\/product_tag?post=3445"}],"curies":[{"name":"wp","href":"https:\/\/api.w.org\/{rel}","templated":true}]}}