{"id":3446,"date":"2023-01-09T14:13:53","date_gmt":"2023-01-09T06:13:53","guid":{"rendered":"https:\/\/roctarps.com\/product\/lonas-polivinilicas-ligeras-azul-plata\/"},"modified":"2025-02-25T09:27:12","modified_gmt":"2025-02-25T01:27:12","slug":"tarps-poli-azul-plata-ligero","status":"publish","type":"product","link":"https:\/\/roctarps.com\/es\/producto\/tarps-poli-azul-plata-ligero\/","title":{"rendered":"Lonas Polivin\u00edlicas Ligeras Azul Plata"},"content":{"rendered":"","protected":false},"excerpt":{"rendered":"<p>Estas lonas ligeras de poli\u00e9ster azul plateado son cubiertas vers\u00e1tiles, econ\u00f3micas y resistentes. Estas lonas est\u00e1n fabricadas con polietileno de calidad de 3 capas que es impermeable y duradero, con la resistencia al desgarro, la abrasi\u00f3n, los rayos UV, el \u00e1cido, la putrefacci\u00f3n y el moho, lo que las hace perfectas para una gran variedad de usos al aire libre. Estas cubiertas se utilizan com\u00fanmente en aplicaciones tales como camping, cubiertas para equipos, cubiertas para materiales, lonas para jardiner\u00eda y paisajismo, y como cubiertas temporales para tejados, conocidas habitualmente como lonas anticicl\u00f3nicas.<\/p>\n","protected":false},"featured_media":3308,"template":"","meta":{"_acf_changed":false,"_seopress_robots_primary_cat":"none","_seopress_titles_title":"","_seopress_titles_desc":"","_seopress_robots_index":""},"product_brand":[],"product_cat":[136,107,109],"product_tag":[],"class_list":{"0":"post-3446","1":"product","2":"type-product","3":"status-publish","4":"has-post-thumbnail","6":"product_cat-lona-de-jardin-al-aire-libre","7":"product_cat-lona-impermeable","8":"product_cat-sabana-de-lona","10":"first","11":"instock","12":"shipping-taxable","13":"product-type-simple"},"acf":[],"_links":{"self":[{"href":"https:\/\/roctarps.com\/es\/wp-json\/wp\/v2\/product\/3446","targetHints":{"allow":["GET"]}}],"collection":[{"href":"https:\/\/roctarps.com\/es\/wp-json\/wp\/v2\/product"}],"about":[{"href":"https:\/\/roctarps.com\/es\/wp-json\/wp\/v2\/types\/product"}],"wp:featuredmedia":[{"embeddable":true,"href":"https:\/\/roctarps.com\/es\/wp-json\/wp\/v2\/media\/3308"}],"wp:attachment":[{"href":"https:\/\/roctarps.com\/es\/wp-json\/wp\/v2\/media?parent=3446"}],"wp:term":[{"taxonomy":"product_brand","embeddable":true,"href":"https:\/\/roctarps.com\/es\/wp-json\/wp\/v2\/product_brand?post=3446"},{"taxonomy":"product_cat","embeddable":true,"href":"https:\/\/roctarps.com\/es\/wp-json\/wp\/v2\/product_cat?post=3446"},{"taxonomy":"product_tag","embeddable":true,"href":"https:\/\/roctarps.com\/es\/wp-json\/wp\/v2\/product_tag?post=3446"}],"curies":[{"name":"wp","href":"https:\/\/api.w.org\/{rel}","templated":true}]}}