{"id":3447,"date":"2023-01-06T14:00:22","date_gmt":"2023-01-06T06:00:22","guid":{"rendered":"https:\/\/roctarps.com\/product\/lonas-de-poliester-negras\/"},"modified":"2025-02-25T09:32:54","modified_gmt":"2025-02-25T01:32:54","slug":"black-poly-tarps","status":"publish","type":"product","link":"https:\/\/roctarps.com\/es\/producto\/black-poly-tarps\/","title":{"rendered":"Lonas de poli\u00e9ster negras"},"content":{"rendered":"","protected":false},"excerpt":{"rendered":"<p>Nuestras lonas de polietileno negro est\u00e1n hechas de material de polietileno de alta resistencia 100% impermeable con un espesor de 16 Mil y un GSM de 220, estas lonas son resistentes y duraderas y perfecto para el coche temporal, barco, cami\u00f3n, y la cobertura de RV, refugios improvisados, y tambi\u00e9n es ideal para situaciones de emergencia como techos da\u00f1ados.<\/p>\n<p>Las costuras termosoldadas garantizan que estas lonas resistan incluso las condiciones m\u00e1s duras, por lo que son ideales para una cobertura de emergencia en caso de tejado da\u00f1ado tras una tormenta, e incluso pueden utilizarse para contener el agua para crear estanques, abrevaderos o incluso pistas de hielo en invierno. Ten uno a mano y prep\u00e1rate para lo que venga.<\/p>\n","protected":false},"featured_media":3300,"template":"","meta":{"_acf_changed":false,"_seopress_robots_primary_cat":"none","_seopress_titles_title":"","_seopress_titles_desc":"","_seopress_robots_index":""},"product_brand":[],"product_cat":[136,106,108,147,109],"product_tag":[],"class_list":{"0":"post-3447","1":"product","2":"type-product","3":"status-publish","4":"has-post-thumbnail","6":"product_cat-lona-de-jardin-al-aire-libre","7":"product_cat-lona-de-pe","8":"product_cat-lona-de-pead","9":"product_cat-lona-para-la-construccion-de-edificios","10":"product_cat-sabana-de-lona","12":"first","13":"instock","14":"shipping-taxable","15":"product-type-simple"},"acf":[],"_links":{"self":[{"href":"https:\/\/roctarps.com\/es\/wp-json\/wp\/v2\/product\/3447","targetHints":{"allow":["GET"]}}],"collection":[{"href":"https:\/\/roctarps.com\/es\/wp-json\/wp\/v2\/product"}],"about":[{"href":"https:\/\/roctarps.com\/es\/wp-json\/wp\/v2\/types\/product"}],"wp:featuredmedia":[{"embeddable":true,"href":"https:\/\/roctarps.com\/es\/wp-json\/wp\/v2\/media\/3300"}],"wp:attachment":[{"href":"https:\/\/roctarps.com\/es\/wp-json\/wp\/v2\/media?parent=3447"}],"wp:term":[{"taxonomy":"product_brand","embeddable":true,"href":"https:\/\/roctarps.com\/es\/wp-json\/wp\/v2\/product_brand?post=3447"},{"taxonomy":"product_cat","embeddable":true,"href":"https:\/\/roctarps.com\/es\/wp-json\/wp\/v2\/product_cat?post=3447"},{"taxonomy":"product_tag","embeddable":true,"href":"https:\/\/roctarps.com\/es\/wp-json\/wp\/v2\/product_tag?post=3447"}],"curies":[{"name":"wp","href":"https:\/\/api.w.org\/{rel}","templated":true}]}}