{"id":7364,"date":"2022-08-10T10:13:46","date_gmt":"2022-08-10T02:13:46","guid":{"rendered":"https:\/\/roctarps.com\/product\/cubierta-de-techo-de-lona-de-polietileno-impermeable-multiusos-para-casa\/"},"modified":"2022-08-10T10:13:46","modified_gmt":"2022-08-10T02:13:46","slug":"cubierta-de-techo-de-lona-de-polietileno-impermeable-multiusos-para-casa","status":"publish","type":"product","link":"https:\/\/roctarps.com\/es\/producto\/cubierta-de-techo-de-lona-de-polietileno-impermeable-multiusos-para-casa\/","title":{"rendered":"Cubierta de techo de lona de polietileno impermeable multiusos para casa"},"content":{"rendered":"<p>Las l\u00e1minas de lona de polietileno de alta resistencia de 350 GSM est\u00e1n hechas de material de lona de polietileno fuerte reforzado con una malla de tejido de 16 X 16 por pulgada cuadrada. Son cubiertas resistentes con ojales de aluminio, estas lonas de polietileno se utilizan como una cubierta duradera e impermeable, como la navegaci\u00f3n, las cargas de camiones ligeros, la agricultura, la construcci\u00f3n, el almacenamiento, el uso del patio trasero y la navegaci\u00f3n. Adem\u00e1s, nuestras lonas de polietileno m\u00e1s grandes son ideales para cubiertas de campos deportivos y sitios de construcci\u00f3n.  <\/p>\n<p>Estas cubiertas de alta resistencia incluyen ojales de aluminio aproximadamente cada 18-24 pulgadas en todo su contorno y en cada esquina, los dobladillos en los cuatro lados est\u00e1n reforzados con cuerda de 2 pulgadas.<\/p>\n<p>Estas lonas de polietileno tienen un tama\u00f1o cortado, por lo tanto, el tama\u00f1o terminado es aproximadamente 5-7% o 6-9 pulgadas menos despu\u00e9s de que los bordes se doblan y se doblan seg\u00fan el tama\u00f1o de corte est\u00e1ndar de la industria.<\/p>\n","protected":false},"excerpt":{"rendered":"<ul>\n<li><strong>Material:<\/strong> Polietileno (tela tejida de HDPE interior, LDPE laminado por ambos lados)<\/li>\n<li><strong>Color:<\/strong> Doble blanco, doble azul, doble plata, azul naranja, doble negro, blanco \/ negro, azul \/ blanco, o seg\u00fan los requisitos del cliente<\/li>\n<li><strong>Tama\u00f1o terminado:<\/strong> 6&#8243; o 3% menos tolerancias<\/li>\n<li><strong>Denier:<\/strong> 600 ~ 1500 denier<\/li>\n<li><strong>Ancho:<\/strong> 1,83 m (72 pulgadas), 2 m, 2,44 m y 4 m-16 m pueden estar disponibles<\/li>\n<li><strong>Largura: <\/strong>Hoja 4m, 5m y 8m; Rollo 27,5 m (30 yardas), 40 m y 55 m<\/li>\n<li><strong>Recuento de malla tejida:<\/strong> 6&#215;6 ~ 18&#215;18 \/in\u00b2<\/li>\n<li><strong>Espesor de la fibra:<\/strong> 5 ~ 16 mil<\/li>\n<li><strong>Peso: <\/strong>40 ~ 450 GSM (gramos \/ metro cuadrado) 2 ~ 18 OZ \/ yd2 (onzas \/ yarda cuadrada)<\/li>\n<li><strong>Tratamiento:<\/strong> Logotipo de impresi\u00f3n personalizado o filmado por UV seg\u00fan los requisitos<br \/>\ndel cliente Color tostado en ambos lados<\/li>\n<li><strong>Embalaje:<\/strong> En rollo, fardo o cart\u00f3n<\/li>\n<li><strong>MOQ:<\/strong> 5 toneladas<\/li>\n<li><strong>Capacidad de producci\u00f3n:<\/strong> 1500 toneladas\/mes<\/li>\n<li><strong>Tiempo de entrega:<\/strong> 10-15 d\u00edas despu\u00e9s de recibir el dep\u00f3sito del 30% y la confirmaci\u00f3n final<\/li>\n<li><strong>Condiciones de pago:<\/strong> T\/T o L\/C a primera vista<\/li>\n<li><strong>Capacidad de carga del contenedor:<\/strong> Rollos de 18 toneladas\/20&#8217;GP, 28 toneladas\/40&#8217;HQ; Balas de 12 toneladas\/20&#8217;GP, 25 toneladas\/40&#8217;HQ; Cart\u00f3n 9 toneladas \/ 20 &#8216;GP, 22 toneladas \/ 40 &#8216;HQ<\/li>\n<\/ul>\n","protected":false},"featured_media":3249,"template":"","meta":{"_acf_changed":false,"_seopress_robots_primary_cat":"none","_seopress_titles_title":"","_seopress_titles_desc":"","_seopress_robots_index":""},"product_brand":[],"product_cat":[108,107,111,109],"product_tag":[],"class_list":{"0":"post-7364","1":"product","2":"type-product","3":"status-publish","4":"has-post-thumbnail","6":"product_cat-lona-de-pead","7":"product_cat-lona-impermeable","8":"product_cat-lona-para-vehiculos-de-transporte","9":"product_cat-sabana-de-lona","11":"first","12":"instock","13":"shipping-taxable","14":"product-type-simple"},"acf":[],"_links":{"self":[{"href":"https:\/\/roctarps.com\/es\/wp-json\/wp\/v2\/product\/7364","targetHints":{"allow":["GET"]}}],"collection":[{"href":"https:\/\/roctarps.com\/es\/wp-json\/wp\/v2\/product"}],"about":[{"href":"https:\/\/roctarps.com\/es\/wp-json\/wp\/v2\/types\/product"}],"wp:featuredmedia":[{"embeddable":true,"href":"https:\/\/roctarps.com\/es\/wp-json\/wp\/v2\/media\/3249"}],"wp:attachment":[{"href":"https:\/\/roctarps.com\/es\/wp-json\/wp\/v2\/media?parent=7364"}],"wp:term":[{"taxonomy":"product_brand","embeddable":true,"href":"https:\/\/roctarps.com\/es\/wp-json\/wp\/v2\/product_brand?post=7364"},{"taxonomy":"product_cat","embeddable":true,"href":"https:\/\/roctarps.com\/es\/wp-json\/wp\/v2\/product_cat?post=7364"},{"taxonomy":"product_tag","embeddable":true,"href":"https:\/\/roctarps.com\/es\/wp-json\/wp\/v2\/product_tag?post=7364"}],"curies":[{"name":"wp","href":"https:\/\/api.w.org\/{rel}","templated":true}]}}