{"id":7383,"date":"2022-10-26T14:04:39","date_gmt":"2022-10-26T06:04:39","guid":{"rendered":"https:\/\/roctarps.com\/product\/lona-de-polietileno-azul-resistente-12x20-para-coche\/"},"modified":"2022-10-26T14:04:39","modified_gmt":"2022-10-26T06:04:39","slug":"lona-de-polietileno-azul-resistente-12x20-para-coche","status":"publish","type":"product","link":"https:\/\/roctarps.com\/es\/producto\/lona-de-polietileno-azul-resistente-12x20-para-coche\/","title":{"rendered":"Lona de polietileno azul resistente 12&#215;20 para coche"},"content":{"rendered":"<p>Nuestras lonas de polietileno est\u00e1n disponibles en varios espesores y GSM, desde livianos hasta resistentes, y muchos colores para su selecci\u00f3n azul, naranja, plateado y m\u00e1s. Puede elegir entre productos que incluyen lonas de polietileno de alta resistencia, l\u00e1minas de polietileno de cubierta impermeable, lonas de polietileno transparentes y m\u00e1s. Tambi\u00e9n tenemos lonas de polietileno personalizadas para sitios de construcci\u00f3n, techos, agricultura y cubiertas de equipos industriales.  <\/p>\n","protected":false},"excerpt":{"rendered":"<p>Nuestras lonas azules de alta resistencia de 12 x 20 est\u00e1n hechas de tela tratada con tejido de polietileno de alta calidad para mayor durabilidad y tienen ojales inoxidables para garantizar un uso prolongado. 12 x 20 pies es un tama\u00f1o perfecto para \u00e1reas de superficie y aplicaciones medianas y es el tama\u00f1o terminado, pero por lo general, las lonas de polietileno reales son m\u00e1s peque\u00f1as que el tama\u00f1o completo que se muestra en la marca. Son ideales para cubrir su cami\u00f3n, autom\u00f3vil, motocicleta, techo, patio, caba\u00f1a, muebles de exterior o piscina para ni\u00f1os. Y puede usarlo para acampar para proteger la parte inferior de su tienda de campa\u00f1a de las rocas y la humedad, preparar un picnic o mantener su fogata fuera de la lluvia. Cubra cualquier madera, le\u00f1a y casi cualquier otra cosa.    <\/p>\n","protected":false},"featured_media":3218,"template":"","meta":{"_acf_changed":false,"_seopress_robots_primary_cat":"none","_seopress_titles_title":"","_seopress_titles_desc":"","_seopress_robots_index":""},"product_brand":[],"product_cat":[110,108,107],"product_tag":[],"class_list":{"0":"post-7383","1":"product","2":"type-product","3":"status-publish","4":"has-post-thumbnail","6":"product_cat-lona-de-alta-resistencia","7":"product_cat-lona-de-pead","8":"product_cat-lona-impermeable","10":"first","11":"instock","12":"shipping-taxable","13":"product-type-simple"},"acf":[],"_links":{"self":[{"href":"https:\/\/roctarps.com\/es\/wp-json\/wp\/v2\/product\/7383","targetHints":{"allow":["GET"]}}],"collection":[{"href":"https:\/\/roctarps.com\/es\/wp-json\/wp\/v2\/product"}],"about":[{"href":"https:\/\/roctarps.com\/es\/wp-json\/wp\/v2\/types\/product"}],"wp:featuredmedia":[{"embeddable":true,"href":"https:\/\/roctarps.com\/es\/wp-json\/wp\/v2\/media\/3218"}],"wp:attachment":[{"href":"https:\/\/roctarps.com\/es\/wp-json\/wp\/v2\/media?parent=7383"}],"wp:term":[{"taxonomy":"product_brand","embeddable":true,"href":"https:\/\/roctarps.com\/es\/wp-json\/wp\/v2\/product_brand?post=7383"},{"taxonomy":"product_cat","embeddable":true,"href":"https:\/\/roctarps.com\/es\/wp-json\/wp\/v2\/product_cat?post=7383"},{"taxonomy":"product_tag","embeddable":true,"href":"https:\/\/roctarps.com\/es\/wp-json\/wp\/v2\/product_tag?post=7383"}],"curies":[{"name":"wp","href":"https:\/\/api.w.org\/{rel}","templated":true}]}}