{"id":4178,"date":"2022-07-07T16:42:40","date_gmt":"2022-07-07T08:42:40","guid":{"rendered":"https:\/\/roctarps.com\/obtenir-des-echantillons\/"},"modified":"2025-02-14T13:26:41","modified_gmt":"2025-02-14T05:26:41","slug":"obtenir-des-echantillons","status":"publish","type":"page","link":"https:\/\/roctarps.com\/fr\/obtenir-des-echantillons\/","title":{"rendered":"Obtenir des \u00e9chantillons"},"content":{"rendered":"","protected":false},"excerpt":{"rendered":"","protected":false},"author":1,"featured_media":0,"parent":0,"menu_order":0,"comment_status":"closed","ping_status":"closed","template":"","meta":{"_acf_changed":false,"_seopress_robots_primary_cat":"","_seopress_titles_title":"Obtenez un \u00e9chantillon gratuit de b\u00e2che - ROCtarp","_seopress_titles_desc":"ROC tarp peut organiser des \u00e9chantillons de b\u00e2che gratuits pour nos clients dans le monde entier.","_seopress_robots_index":"","footnotes":""},"class_list":["post-4178","page","type-page","status-publish","hentry"],"acf":[],"_links":{"self":[{"href":"https:\/\/roctarps.com\/fr\/wp-json\/wp\/v2\/pages\/4178","targetHints":{"allow":["GET"]}}],"collection":[{"href":"https:\/\/roctarps.com\/fr\/wp-json\/wp\/v2\/pages"}],"about":[{"href":"https:\/\/roctarps.com\/fr\/wp-json\/wp\/v2\/types\/page"}],"author":[{"embeddable":true,"href":"https:\/\/roctarps.com\/fr\/wp-json\/wp\/v2\/users\/1"}],"replies":[{"embeddable":true,"href":"https:\/\/roctarps.com\/fr\/wp-json\/wp\/v2\/comments?post=4178"}],"version-history":[{"count":2,"href":"https:\/\/roctarps.com\/fr\/wp-json\/wp\/v2\/pages\/4178\/revisions"}],"predecessor-version":[{"id":6946,"href":"https:\/\/roctarps.com\/fr\/wp-json\/wp\/v2\/pages\/4178\/revisions\/6946"}],"wp:attachment":[{"href":"https:\/\/roctarps.com\/fr\/wp-json\/wp\/v2\/media?parent=4178"}],"curies":[{"name":"wp","href":"https:\/\/api.w.org\/{rel}","templated":true}]}}