{"id":4182,"date":"2022-07-05T17:35:48","date_gmt":"2022-07-05T09:35:48","guid":{"rendered":"https:\/\/roctarps.com\/materiaux-de-bache-tissus\/"},"modified":"2025-02-14T13:26:41","modified_gmt":"2025-02-14T05:26:41","slug":"materiaux-de-bache-tissus","status":"publish","type":"page","link":"https:\/\/roctarps.com\/fr\/materiaux-de-bache-tissus\/","title":{"rendered":"B\u00e2che Mat\u00e9riaux Tissus"},"content":{"rendered":"","protected":false},"excerpt":{"rendered":"","protected":false},"author":1,"featured_media":0,"parent":0,"menu_order":0,"comment_status":"closed","ping_status":"closed","template":"","meta":{"_acf_changed":false,"_seopress_robots_primary_cat":"","_seopress_titles_title":"Mat\u00e9riau de b\u00e2che Fournisseur de tissu - ROCtarp","_seopress_titles_desc":"En tant que fabricant de b\u00e2ches en plastique, nous fournissons des b\u00e2ches en poly\u00e9thyl\u00e8ne et en polyvinyle avec diff\u00e9rentes options de tissus tiss\u00e9s. Faible MOQ au prix d\u2019usine. \u00c9chantillon gratuit. Obtenez une enqu\u00eate maintenant\u00a0!   ","_seopress_robots_index":"","footnotes":""},"class_list":["post-4182","page","type-page","status-publish","hentry"],"acf":[],"_links":{"self":[{"href":"https:\/\/roctarps.com\/fr\/wp-json\/wp\/v2\/pages\/4182","targetHints":{"allow":["GET"]}}],"collection":[{"href":"https:\/\/roctarps.com\/fr\/wp-json\/wp\/v2\/pages"}],"about":[{"href":"https:\/\/roctarps.com\/fr\/wp-json\/wp\/v2\/types\/page"}],"author":[{"embeddable":true,"href":"https:\/\/roctarps.com\/fr\/wp-json\/wp\/v2\/users\/1"}],"replies":[{"embeddable":true,"href":"https:\/\/roctarps.com\/fr\/wp-json\/wp\/v2\/comments?post=4182"}],"version-history":[{"count":3,"href":"https:\/\/roctarps.com\/fr\/wp-json\/wp\/v2\/pages\/4182\/revisions"}],"predecessor-version":[{"id":6954,"href":"https:\/\/roctarps.com\/fr\/wp-json\/wp\/v2\/pages\/4182\/revisions\/6954"}],"wp:attachment":[{"href":"https:\/\/roctarps.com\/fr\/wp-json\/wp\/v2\/media?parent=4182"}],"curies":[{"name":"wp","href":"https:\/\/api.w.org\/{rel}","templated":true}]}}