{"id":4190,"date":"2022-06-27T16:27:47","date_gmt":"2022-06-27T08:27:47","guid":{"rendered":"https:\/\/roctarps.com\/accueil\/"},"modified":"2025-02-14T13:40:22","modified_gmt":"2025-02-14T05:40:22","slug":"accueil","status":"publish","type":"page","link":"https:\/\/roctarps.com\/fr\/","title":{"rendered":"Accueil"},"content":{"rendered":"","protected":false},"excerpt":{"rendered":"","protected":false},"author":1,"featured_media":0,"parent":0,"menu_order":0,"comment_status":"closed","ping_status":"closed","template":"","meta":{"_acf_changed":false,"_seopress_robots_primary_cat":"","_seopress_titles_title":"Fabricant et fournisseur de b\u00e2ches en Chine - ROCtarp","_seopress_titles_desc":"ROC tarp est un fabricant et fournisseur de b\u00e2ches de premier plan en Chine. Notre usine propose diff\u00e9rents types de b\u00e2ches. Faible MOQ. Service personnalis\u00e9. \u00c9chantillons gratuits. Citez-nous","_seopress_robots_index":"","footnotes":""},"class_list":["post-4190","page","type-page","status-publish","hentry"],"acf":[],"_links":{"self":[{"href":"https:\/\/roctarps.com\/fr\/wp-json\/wp\/v2\/pages\/4190","targetHints":{"allow":["GET"]}}],"collection":[{"href":"https:\/\/roctarps.com\/fr\/wp-json\/wp\/v2\/pages"}],"about":[{"href":"https:\/\/roctarps.com\/fr\/wp-json\/wp\/v2\/types\/page"}],"author":[{"embeddable":true,"href":"https:\/\/roctarps.com\/fr\/wp-json\/wp\/v2\/users\/1"}],"replies":[{"embeddable":true,"href":"https:\/\/roctarps.com\/fr\/wp-json\/wp\/v2\/comments?post=4190"}],"version-history":[{"count":3,"href":"https:\/\/roctarps.com\/fr\/wp-json\/wp\/v2\/pages\/4190\/revisions"}],"predecessor-version":[{"id":6942,"href":"https:\/\/roctarps.com\/fr\/wp-json\/wp\/v2\/pages\/4190\/revisions\/6942"}],"wp:attachment":[{"href":"https:\/\/roctarps.com\/fr\/wp-json\/wp\/v2\/media?parent=4190"}],"curies":[{"name":"wp","href":"https:\/\/api.w.org\/{rel}","templated":true}]}}