{"id":4600,"date":"2023-01-19T10:07:10","date_gmt":"2023-01-19T02:07:10","guid":{"rendered":"https:\/\/roctarps.com\/product\/bache-pe-transparente-leno-mesh\/"},"modified":"2025-02-25T09:27:27","modified_gmt":"2025-02-25T01:27:27","slug":"leno-mesh-clear-pe-tarpaulin","status":"publish","type":"product","link":"https:\/\/roctarps.com\/fr\/produit\/leno-mesh-clear-pe-tarpaulin\/","title":{"rendered":"B\u00e2che PE transparente Leno Mesh"},"content":{"rendered":"<p>Nos b\u00e2ches en poly\u00e9thyl\u00e8ne vert argent\u00e9 sont une solution polyvalente et \u00e9conomique pour tous vos besoins ext\u00e9rieurs, car elles sont fabriqu\u00e9es en poly\u00e9thyl\u00e8ne solide, 100 % imperm\u00e9able et d&rsquo;une \u00e9paisseur de 5 mil. Ces b\u00e2ches ont une \u00e9paisseur de 5 mils et poss\u00e8dent des fibres sp\u00e9ciales qui les rendent r\u00e9sistantes aux d\u00e9chirures, \u00e0 l&rsquo;acide, \u00e0 la pourriture et \u00e0 la moisissure. Les ourlets sont \u00e9galement renforc\u00e9s par une corde pour les rendre encore plus solides.<\/p>\n","protected":false},"excerpt":{"rendered":"<p>La b\u00e2che PE transparente est fabriqu\u00e9e \u00e0 partir d&rsquo;un tissu sp\u00e9cial qui est solide et durable. Il s&rsquo;agit d&rsquo;une couleur blanche translucide qui vous permet de voir ce qui est couvert. La b\u00e2che est renforc\u00e9e par des ficelles blanches cousues dessus. Cette b\u00e2che est un bon choix car elle n&rsquo;est pas trop ch\u00e8re mais elle est tout de m\u00eame assez solide pour prot\u00e9ger des objets \u00e0 l&rsquo;ext\u00e9rieur ou pour couvrir des mat\u00e9riaux de construction. La b\u00e2che est \u00e9galement trait\u00e9e pour r\u00e9sister \u00e0 l&rsquo;eau et aux d\u00e9chirures et elle peut \u00eatre utilis\u00e9e par temps tr\u00e8s froid. On ne peut pas voir \u00e0 travers compl\u00e8tement mais on peut quand m\u00eame voir un peu \u00e0 travers.<\/p>\n","protected":false},"featured_media":4159,"template":"","meta":{"_acf_changed":false,"_seopress_robots_primary_cat":"none","_seopress_titles_title":"","_seopress_titles_desc":"","_seopress_robots_index":""},"product_brand":[],"product_cat":[141,122,133],"product_tag":[156],"class_list":{"0":"post-4600","1":"product","2":"type-product","3":"status-publish","4":"has-post-thumbnail","6":"product_cat-bache-de-jardin-exterieure","7":"product_cat-bache-en-pehd","8":"product_cat-bache-pe","9":"product_tag-clair","11":"first","12":"instock","13":"shipping-taxable","14":"product-type-simple"},"acf":[],"_links":{"self":[{"href":"https:\/\/roctarps.com\/fr\/wp-json\/wp\/v2\/product\/4600","targetHints":{"allow":["GET"]}}],"collection":[{"href":"https:\/\/roctarps.com\/fr\/wp-json\/wp\/v2\/product"}],"about":[{"href":"https:\/\/roctarps.com\/fr\/wp-json\/wp\/v2\/types\/product"}],"wp:featuredmedia":[{"embeddable":true,"href":"https:\/\/roctarps.com\/fr\/wp-json\/wp\/v2\/media\/4159"}],"wp:attachment":[{"href":"https:\/\/roctarps.com\/fr\/wp-json\/wp\/v2\/media?parent=4600"}],"wp:term":[{"taxonomy":"product_brand","embeddable":true,"href":"https:\/\/roctarps.com\/fr\/wp-json\/wp\/v2\/product_brand?post=4600"},{"taxonomy":"product_cat","embeddable":true,"href":"https:\/\/roctarps.com\/fr\/wp-json\/wp\/v2\/product_cat?post=4600"},{"taxonomy":"product_tag","embeddable":true,"href":"https:\/\/roctarps.com\/fr\/wp-json\/wp\/v2\/product_tag?post=4600"}],"curies":[{"name":"wp","href":"https:\/\/api.w.org\/{rel}","templated":true}]}}