{"id":4602,"date":"2023-01-09T15:39:50","date_gmt":"2023-01-09T07:39:50","guid":{"rendered":"https:\/\/roctarps.com\/product\/baches-en-poly-bleu-orange\/"},"modified":"2025-02-25T09:27:18","modified_gmt":"2025-02-25T01:27:18","slug":"bleu-orange-poly-tarpe","status":"publish","type":"product","link":"https:\/\/roctarps.com\/fr\/produit\/bleu-orange-poly-tarpe\/","title":{"rendered":"B\u00e2ches en poly bleu-orange"},"content":{"rendered":"","protected":false},"excerpt":{"rendered":"<p>Nos b\u00e2ches en poly bleu orange sont parfaites pour vos utilisations ext\u00e9rieures. Ces b\u00e2ches sont fabriqu\u00e9es en poly\u00e9thyl\u00e8ne tiss\u00e9 haute densit\u00e9, d&rsquo;une \u00e9paisseur de 4-5 milli\u00e8mes de pouce et d&rsquo;un poids de 3-4 onces par m\u00e8tre carr\u00e9, ce qui les rend 100 % imperm\u00e9ables et capables de r\u00e9sister \u00e0 des conditions climatiques difficiles. Le tissage 10 x 8 conf\u00e8re \u00e0 la b\u00e2che une r\u00e9sistance accrue, tandis que les bords ourl\u00e9s renforc\u00e9s par des cordes offrent encore plus de durabilit\u00e9.<\/p>\n<p>La couleur bleu-orange convient parfaitement \u00e0 tous les usages ext\u00e9rieurs, tels que les housses de meubles de patio, les housses de grilles de barbecue et les housses de moto. Ils sont r\u00e9sistants au vent, \u00e0 la pourriture et \u00e0 la moisissure, ce qui les rend parfaits pour les couvertures de bois de chauffage, de climatiseurs et de tracteurs de pelouse.<\/p>\n","protected":false},"featured_media":4081,"template":"","meta":{"_acf_changed":false,"_seopress_robots_primary_cat":"none","_seopress_titles_title":"","_seopress_titles_desc":"","_seopress_robots_index":""},"product_brand":[],"product_cat":[146,122,133],"product_tag":[],"class_list":{"0":"post-4602","1":"product","2":"type-product","3":"status-publish","4":"has-post-thumbnail","6":"product_cat-bache-dagriculture","7":"product_cat-bache-en-pehd","8":"product_cat-bache-pe","10":"first","11":"instock","12":"shipping-taxable","13":"product-type-simple"},"acf":[],"_links":{"self":[{"href":"https:\/\/roctarps.com\/fr\/wp-json\/wp\/v2\/product\/4602","targetHints":{"allow":["GET"]}}],"collection":[{"href":"https:\/\/roctarps.com\/fr\/wp-json\/wp\/v2\/product"}],"about":[{"href":"https:\/\/roctarps.com\/fr\/wp-json\/wp\/v2\/types\/product"}],"wp:featuredmedia":[{"embeddable":true,"href":"https:\/\/roctarps.com\/fr\/wp-json\/wp\/v2\/media\/4081"}],"wp:attachment":[{"href":"https:\/\/roctarps.com\/fr\/wp-json\/wp\/v2\/media?parent=4602"}],"wp:term":[{"taxonomy":"product_brand","embeddable":true,"href":"https:\/\/roctarps.com\/fr\/wp-json\/wp\/v2\/product_brand?post=4602"},{"taxonomy":"product_cat","embeddable":true,"href":"https:\/\/roctarps.com\/fr\/wp-json\/wp\/v2\/product_cat?post=4602"},{"taxonomy":"product_tag","embeddable":true,"href":"https:\/\/roctarps.com\/fr\/wp-json\/wp\/v2\/product_tag?post=4602"}],"curies":[{"name":"wp","href":"https:\/\/api.w.org\/{rel}","templated":true}]}}