{"id":4603,"date":"2023-01-04T22:49:46","date_gmt":"2023-01-04T14:49:46","guid":{"rendered":"https:\/\/roctarps.com\/product\/baches-en-poly-jaune\/"},"modified":"2025-02-25T09:32:19","modified_gmt":"2025-02-25T01:32:19","slug":"jaune-poly-tarpe","status":"publish","type":"product","link":"https:\/\/roctarps.com\/fr\/produit\/jaune-poly-tarpe\/","title":{"rendered":"B\u00e2ches en poly jaune"},"content":{"rendered":"","protected":false},"excerpt":{"rendered":"<p>Nos b\u00e2ches en poly jaune sont parfaites pour prot\u00e9ger vos affaires \u00e0 l&rsquo;ext\u00e9rieur. Ils sont fabriqu\u00e9s en fibre 1200 deniers tr\u00e8s solide et ont un nombre de mailles de 14&#215;14 par pouce carr\u00e9. Cela les rend super durables et capables de r\u00e9sister \u00e0 tous les types de temps. Les b\u00e2ches sont \u00e9galement imperm\u00e9ables et prot\u00e8gent contre les rayons UV nocifs du soleil. Ils sont munis d&rsquo;\u0153illets, ou d&rsquo;anneaux m\u00e9talliques, espac\u00e9s de 18 pouces sur tous les c\u00f4t\u00e9s, ce qui permet de les attacher facilement. La taille finale des b\u00e2ches est de 6 pouces, soit un peu moins que ce qui est indiqu\u00e9, et leur \u00e9paisseur est de 10 \u00e0 12 mils. Veuillez noter que la couleur peut varier l\u00e9g\u00e8rement.<\/p>\n","protected":false},"featured_media":4049,"template":"","meta":{"_acf_changed":false,"_seopress_robots_primary_cat":"none","_seopress_titles_title":"","_seopress_titles_desc":"","_seopress_robots_index":""},"product_brand":[],"product_cat":[141,133,151],"product_tag":[],"class_list":{"0":"post-4603","1":"product","2":"type-product","3":"status-publish","4":"has-post-thumbnail","6":"product_cat-bache-de-jardin-exterieure","7":"product_cat-bache-pe","8":"product_cat-bache-pour-la-construction-de-batiments","10":"first","11":"instock","12":"shipping-taxable","13":"product-type-simple"},"acf":[],"_links":{"self":[{"href":"https:\/\/roctarps.com\/fr\/wp-json\/wp\/v2\/product\/4603","targetHints":{"allow":["GET"]}}],"collection":[{"href":"https:\/\/roctarps.com\/fr\/wp-json\/wp\/v2\/product"}],"about":[{"href":"https:\/\/roctarps.com\/fr\/wp-json\/wp\/v2\/types\/product"}],"wp:featuredmedia":[{"embeddable":true,"href":"https:\/\/roctarps.com\/fr\/wp-json\/wp\/v2\/media\/4049"}],"wp:attachment":[{"href":"https:\/\/roctarps.com\/fr\/wp-json\/wp\/v2\/media?parent=4603"}],"wp:term":[{"taxonomy":"product_brand","embeddable":true,"href":"https:\/\/roctarps.com\/fr\/wp-json\/wp\/v2\/product_brand?post=4603"},{"taxonomy":"product_cat","embeddable":true,"href":"https:\/\/roctarps.com\/fr\/wp-json\/wp\/v2\/product_cat?post=4603"},{"taxonomy":"product_tag","embeddable":true,"href":"https:\/\/roctarps.com\/fr\/wp-json\/wp\/v2\/product_tag?post=4603"}],"curies":[{"name":"wp","href":"https:\/\/api.w.org\/{rel}","templated":true}]}}